{"id":1206,"date":"2023-02-12T15:13:25","date_gmt":"2023-02-12T20:13:25","guid":{"rendered":"https:\/\/live.aquariusboattours.com\/?page_id=1206"},"modified":"2023-03-17T18:44:09","modified_gmt":"2023-03-17T22:44:09","slug":"luxury-boat-rental-pictures-miami","status":"publish","type":"page","link":"https:\/\/aquariusboattours.com\/es\/boat-rentals-and-boat-parties-miami\/gallery-miami-boat-rental\/luxury-boat-rental-pictures-miami\/","title":{"rendered":"Fotos de alquiler de barcos de lujo en Miami"},"content":{"rendered":"<h2>\n\t\t<a href=\"https:\/\/aquariusboattours.com\/es\/luxury-boat-rental-pictures-miami\/\" title=\"FOTOS PARA EL BARCO DE MIAMI\" target=\"_blank\" rel=\"noopener\">\n\t\tFOTOS PARA EL BARCO DE MIAMI\n\t\t<\/a>\n\t<\/h2>\n<h1>\n\t\t<a href=\"https:\/\/aquariusboattours.com\/es\/prices-all-included-miami-boat-rental\/\" title=\"FOTOS DE ALQUILER DE BARCOS DE LUJO EN MIAMI\" target=\"_blank\" rel=\"noopener\">\n\t\tFOTOS DE ALQUILER DE BARCOS DE LUJO EN MIAMI\n\t\t<\/a>\n\t<\/h1>\n<h2>\n\t\t<a href=\"https:\/\/aquariusboattours.com\/es\/giant-boat-tour-pictures-miami\/\" title=\"Barco de 22 pies | Hasta 6 personas | Desde $420 por 2 horas.\" target=\"_blank\" rel=\"noopener\">\n\t\tBarco de 22 pies | Hasta 6 personas | Desde $420 por 2 horas.\n\t\t<\/a>\n\t<\/h2>\n<h2>\n\t\t<a href=\"https:\/\/aquariusboattours.com\/es\/prices-all-included-miami-boat-rental\/\" title=\"EXPLORAR EN BARCO\" target=\"_blank\" rel=\"noopener\">\n\t\tEXPLORAR EN BARCO\n\t\t<\/a>\n\t<\/h2>\n<h2>\n\t\t<a href=\"https:\/\/aquariusboattours.com\/es\/luxury-boat-rental-pictures-miami\/\" title=\"Rel\u00e1jese en el barco de Miami\" target=\"_blank\" rel=\"noopener\">\n\t\tRel\u00e1jese en el barco de Miami\n\t\t<\/a>\n\t<\/h2>\n\t<p>What are the features and what&#8217;s included with the boat ride.<\/p>\n\t\t\t\t<a href=\"https:\/\/aquariusboattours.com\/es\/miami-boat-parties\/\" target=\"_blank\" rel=\"noopener\" itemprop=\"url\">\n\t\t\t\t<img decoding=\"async\" src=\"https:\/\/aquariusboattours.com\/wp-content\/uploads\/2023\/02\/luxury-boat-rental-pictures-miami-2023-27-scaled.jpg\" alt=\"luxury-boat-rental-pictures-miami-2023-27\" itemprop=\"image\" height=\"1920\" width=\"2560\" title=\"luxury-boat-rental-pictures-miami-2023-27\" onerror=\"this.style.display='none'\">\n\t\t\t\t<\/a>\n<h2>\n\t\t<a href=\"https:\/\/aquariusboattours.com\/es\/giant-boat-tour-pictures-miami\/\" title=\"DE 1 A 6 PERSONAS\" target=\"_blank\" rel=\"noopener\">\n\t\tDE 1 A 6 PERSONAS\n\t\t<\/a>\n\t<\/h2>\n<h2>\n\t\t<a href=\"https:\/\/aquariusboattours.com\/es\/luxury-boat-rental-pictures-miami\/\" title=\"Barco en Miami\" target=\"_blank\" rel=\"noopener\">\n\t\tBarco en Miami\n\t\t<\/a>\n\t<\/h2>\n\t<p>Embarcaciones econ\u00f3micas, descubra la comodidad de nuestros barcos m\u00e1s peque\u00f1os.<\/p>\n<p>Precios a partir de $420 por 2 horas en el barco de Miami.<\/p>\n\t\t\t<a href=\"#\" role=\"button\">\n\t\t\t\t\t\t\tReserve su d\u00eda de barco\n\t\t\t<\/a>\n\t\t<script src=\"https:\/\/fareharbor.com\/embeds\/script\/calendar\/aquariusboatrental\/items\/207788\/?fallback=simple&flow=341253\"><\/script>\t\n\t<p><strong>Explore<\/strong> a continuaci\u00f3n para ver el <strong>mejor <a href=\"https:\/\/aquariusboattours.com\/es\/boat-charters-miami\/miami-luxury-boat-rental\/\" data-internallinksmanager029f6b8e52c=\"15\" title=\"alquiler de barcos de lujo\">alquiler de barcos de lujo<\/a> fotos en Miami Florida<\/strong>! <a href=\"https:\/\/aquariusboattours.com\/es\/\" data-internallinksmanager029f6b8e52c=\"340\" title=\"Aquarius Alquiler de barcos y excursiones\">Aquarius Alquiler de barcos y excursiones<\/a> ofrecen embarcaciones de primera para el <strong>mejor navegaci\u00f3n<\/strong>.<\/p>\n\t<p>Esperamos que haya disfrutado viendo nuestro <a href=\"https:\/\/aquariusboattours.com\/es\/boat-charters-miami\/miami-luxury-boat-rental\/\" data-internallinksmanager029f6b8e52c=\"18\" title=\"Alquiler de barcos de lujo en Miami\">Alquiler de barcos de lujo en Miami<\/a> fotos.<\/p>\n<p><a href=\"https:\/\/aquariusboattours.com\/es\/contact-aquarius\/\" data-internallinksmanager029f6b8e52c=\"122\" title=\"Llame a Aquarius Boat Rental and Tours para alquilar barcos\">Ll\u00e1manos<\/a> hoy o <a href=\"https:\/\/aquariusboattours.com\/es\/\" data-internallinksmanager029f6b8e52c=\"123\" title=\"Reservar Alquiler de barcos en Miami Online\">reservar en l\u00ednea<\/a> para vivir su propia experiencia especial en un barco de lujo de alquiler.<\/p>\n<h2>\n\t\t<a href=\"https:\/\/aquariusboattours.com\/es\/prices-all-included-miami-boat-rental\/\" title=\"Incluido en todos los barcos\" target=\"_blank\" rel=\"noopener\">\n\t\tIncluido en todos los barcos\n\t\t<\/a>\n\t<\/h2>\n<h4>\n\t\t<a href=\"https:\/\/aquariusboattours.com\/es\/luxury-giant-boat-pictures-miami\/\" title=\"Reservar el barco de Miami\" target=\"_blank\" rel=\"noopener\">\n\t\tReservar el barco de Miami\n\t\t<\/a>\n\t<\/h4>\n\t<p>Encuentre al instante &amp; <strong><a id=\"Rent-Boat-Miami\"><\/a><a href=\"https:\/\/aquariusboattours.com\/es\/prices-all-included-miami-boat-rental\/\" data-internallinksmanager029f6b8e52c=\"117\" title=\"alquilar un barco\">alquilar un barco<\/a><\/strong> en l\u00ednea Reserve <strong><a href=\"https:\/\/aquariusboattours.com\/es\/boat-charters-miami\/miami-luxury-boat-rental\/\" data-internallinksmanager029f6b8e52c=\"16\" title=\"alquiler de barcos de lujo\">alquiler de barcos de lujo<\/a> Miami<\/strong> Y con total transparencia de precios. Busca la forma m\u00e1s inteligente de <strong><a href=\"https:\/\/aquariusboattours.com\/es\/prices-all-included-miami-boat-rental\/\" data-internallinksmanager029f6b8e52c=\"42\" title=\"alquilar un barco en Miami\">alquilar un barco en Miami<\/a><\/strong>? En Aquarius <strong><a href=\"https:\/\/aquariusboattours.com\/es\/\" data-internallinksmanager029f6b8e52c=\"338\" title=\"alquiler de barcos con capit\u00e1n\">alquiler de barcos con capit\u00e1n<\/a><\/strong> &#8211; instant booking confirmation on <b>tours plus<\/b>&nbsp;<a href=\"https:\/\/aquariusboattours.com\/es\/prices-all-included-miami-boat-rental\/\" data-internallinksmanager029f6b8e52c=\"129\" title=\"Precios transparentes\">precios transparentes<\/a> en todos nuestros <strong>alquiler de embarcaciones<\/strong>\u00a1! Su <strong>capit\u00e1n<\/strong> est\u00e1 plenamente capacitado para crear el mejor <strong>navegaci\u00f3n<\/strong> recuerdos para usted y sus seres queridos.<\/p>\n<p>If you haven&#8217;t seen Miami from a boat on the water, you haven&#8217;t seen it!<\/p>\n\t\t\t<a href=\"#\" role=\"button\">\n\t\t\t\t\t\t\tReservar barco en Miami\n\t\t\t<\/a>\n\t\t<a href=\"https:\/\/fareharbor.com\/embeds\/book\/aquariusboatrental\/items\/207788\/?full-items=yes&amp;flow=341253\" target=\"_blank\" onclick=\"FH.open({&#039;shortname&#039;:&#039;aquariusboatrental&#039;,&#039;view&#039;:{&#039;item&#039;:&#039;207788&#039;},&#039;fallback&#039;:&#039;simple&#039;,&#039;fullItems&#039;:&#039;yes&#039;,&#039;flow&#039;:&#039;341253&#039;}); return false;\" rel=\"nofollow noopener\">Reserve ahora en l\u00ednea<\/a>\t\n\t<script src=\"https:\/\/fareharbor.com\/embeds\/script\/calendar\/aquariusboatrental\/?fallback=simple\"><\/script>\n<h2>\n\t\tEXPERIENCIA AQUARIUS\n\t<\/h2>\n<h2>\n\t\tDescripci\u00f3n del barco\n\t<\/h2>\n\t\t\t<a href=\"\" target=\"_self\" role=\"button\" rel=\"noopener\">\n\t\t\t\t\t\tReservar el barco de Miami\n\t\t\t\t\t<\/a>\n\t\t\t\t\t\t\t\t\t\t<h6 tabindex=\"0\">\u00bfQu\u00e9 puede esperar?<\/h6>\n\t\t\t\t\t<p>Prep\u00e1rese para embarcarse en uno de los <strong>mejor <a href=\"https:\/\/aquariusboattours.com\/es\/boat-rentals-and-boat-parties-miami\/what-to-do-on-a-boat\/miami-boat-parties\/\" data-internallinksmanager029f6b8e52c=\"380\" title=\"fiesta en barco\">fiesta en barco<\/a><\/strong> experiencias acu\u00e1ticas que puede vivir en <strong>Miami<\/strong>\u00a1! Con <strong><a href=\"https:\/\/aquariusboattours.com\/es\/\" data-internallinksmanager029f6b8e52c=\"89\" title=\"Alquiler de barcos y excursiones Aquarius\">Alquiler de barcos y excursiones Aquarius<\/a><\/strong>, s\u00fabete a tu perfecto <strong>privado <a href=\"https:\/\/aquariusboattours.com\/es\/\" data-internallinksmanager029f6b8e52c=\"83\" title=\"excursi\u00f3n en barco\">excursi\u00f3n en barco<\/a><\/strong>, cruising on Miami&#8217;s famous <strong><a href=\"https:\/\/goo.gl\/maps\/EyfAAFsbGHQNnAXh8\" data-internallinksmanager029f6b8e52c=\"102\" title=\"Bah\u00eda de Biscayne Florida\" rel=\"nofollow noopener\" target=\"_blank\">Bah\u00eda de Vizcaya<\/a><\/strong>. Explore la bah\u00eda con su experto capit\u00e1n y divi\u00e9rtase al m\u00e1ximo con nuestras experiencias seguras y divertidas.<br>Reserva un <strong>Fiesta en la isla<\/strong>, <strong>crucero por los bancos de arena<\/strong>, <strong>hist\u00f3rico<\/strong> y <strong>visita cultural<\/strong>, <strong>encuentro con la naturaleza<\/strong>.<\/p>\n\t\t\t\t\t\t\t\t\t\t<h6 tabindex=\"0\">\u00bfAd\u00f3nde iremos?<\/h6>\n\t\t\t\t\t<p>Ve donde quieras en la Bah\u00eda<br>Don&#8217;t miss out on any experiencing and seeing sandbars, star houses, islands, canals, Oleta Park, Stittsville, Villa Vizcaya, and more. Create your own <strong>fiesta en barco<\/strong> donde t\u00fa eres el jefe Le dices a tu capit\u00e1n d\u00f3nde quieres ir y qu\u00e9 <strong>tipo de experiencia<\/strong> you are looking for on the water.&nbsp; Your Captain will do exactly as you say to create your <strong><a href=\"https:\/\/aquariusboattours.com\/es\/boat-rentals-and-boat-parties-miami\/what-to-do-on-a-boat\/miami-boat-parties\/\" data-internallinksmanager029f6b8e52c=\"12\" title=\"Fiesta en barco en Miami\">Fiesta en barco en Miami<\/a><\/strong>. Usted est\u00e1 a cargo del buque y <strong>Alquiler de barcos y excursiones Aquarius<\/strong>&nbsp;te proporciona todas las herramientas para que te diviertas.<\/p>\n\t\t\t\t\t\t\t\t\t\t<h6 tabindex=\"0\">Normas importantes<\/h6>\n\t\t\t\t\t<ul>\n<li>Descalzo a bordo. Los zapatos se guardar\u00e1n en un compartimento designado de la embarcaci\u00f3n.<\/li>\n<li>Nada de bronceado en spray, curry, vaqueros, etc.<\/li>\n<li>Est\u00e1 prohibido fumar a bordo.<\/li>\n<li>No hay ba\u00f1os a bordo<\/li>\n<li>No glass cups &#8211; bring plastic cups!<\/li>\n<li>La ropa\/toallas nuevas desti\u00f1en al mojarse y pueden causar da\u00f1os importantes en los asientos.<\/li>\n<\/ul>\n\t\t\t\t\t\t\t\t\t\t<h6 tabindex=\"0\">Inclusiones y exclusiones<\/h6>\n\t\t\t\t\t<ul>\n<li>Las toallas y el hielo no est\u00e1n incluidos, incluimos la nevera<\/li>\n<li>Se pueden alquilar equipos de snorkel por $10 por equipo.<\/li>\n<li>Alfombrilla flotante de 3 metros incluida,<\/li>\n<li>Altavoces Bluetooth integrados,<\/li>\n<li>Se incluye todo el equipo de seguridad.<\/li>\n<\/ul>\n\t\t\t\t\t\t\t\t\t\t<h6 tabindex=\"0\">Sin gastos ocultos<\/h6>\n\t\t\t\t\t<ul>\n<li>Please don&#8217;t forget that you have to pay your captain before departure (cash, Zelle, cashapp, Venmo), that&#8217;s the only additional fee after check-out.<\/li>\n<li>La lista de capitanes a elegir se enviar\u00e1 el d\u00eda de la salida o el d\u00eda anterior, nos aseguraremos de reservar para usted el que elija.<\/li>\n<\/ul>\n<h2>\n\t\tPrices All Included &#8211; Miami Boat Rental\n\t<\/h2>\n<h2>\n\t\tAquarius Boat Rental&#8217;s fleet\n\t<\/h2>\n\t<p>Experience riding on the best boats in Miami, our private family-friendly boats with boat charters from South Florida&#8217;s <a href=\"https:\/\/aquariusboattours.com\/es\/\" data-internallinksmanager029f6b8e52c=\"335\" title=\"mejor alquiler de barcos\">best boat rental<\/a>.<\/p>\n\t\t\t\t<a href=\"https:\/\/aquariusboattours.com\/es\/fun-boat-rental-pictures-miami\/\" target=\"_blank\" rel=\"noopener\" itemprop=\"url\">\n\t\t\t\t<img decoding=\"async\" src=\"https:\/\/aquariusboattours.com\/wp-content\/uploads\/2023\/02\/boat-list-2023-5.png\" alt=\"boat-list-2023-5\" itemprop=\"image\" height=\"1500\" width=\"2000\" title=\"boat-list-2023-5\" onerror=\"this.style.display='none'\">\n\t\t\t\t<\/a>\n\t\t\t<a href=\"https:\/\/aquariusboattours.com\/es\/boat-rentals-and-boat-parties-miami\/gallery-miami-boat-rental\/fun-boat-rental-pictures-miami\/\" target=\"_blank\" role=\"button\" rel=\"noopener\">\n\t\t\t\t\t\t\tCheck pictures\n\t\t\t\t\t<\/a>\n\t\t\t<a href=\"https:\/\/fareharbor.com\/embeds\/book\/aquariusboatrental\/items\/207788\/?full-items=yes&amp;flow=338397\" target=\"_blank\" role=\"button\" rel=\"noopener\">\n\t\t\t\t\t\t\tBook Boat\n\t\t\t\t\t<\/a>\n\t\t\t\t<a href=\"https:\/\/aquariusboattours.com\/es\/miami-luxury-boat-rental\/\" target=\"_blank\" rel=\"noopener\" itemprop=\"url\">\n\t\t\t\t<img decoding=\"async\" src=\"https:\/\/aquariusboattours.com\/wp-content\/uploads\/2023\/02\/boat-list-2023-1.png\" alt=\"boat-list-2023-1\" itemprop=\"image\" height=\"1500\" width=\"2000\" title=\"boat-list-2023-1\" onerror=\"this.style.display='none'\">\n\t\t\t\t<\/a>\n\t\t\t<a href=\"https:\/\/aquariusboattours.com\/es\/boat-rentals-and-boat-parties-miami\/gallery-miami-boat-rental\/fun-boat-rental-pictures-miami\/\" target=\"_blank\" role=\"button\" rel=\"noopener\">\n\t\t\t\t\t\t\tCheck pictures\n\t\t\t\t\t<\/a>\n\t\t\t<a href=\"https:\/\/fareharbor.com\/embeds\/book\/aquariusboatrental\/items\/207798\/?full-items=yes&amp;flow=341253\" target=\"_blank\" role=\"button\" rel=\"noopener\">\n\t\t\t\t\t\t\tBook Boat\n\t\t\t\t\t<\/a>\n\t\t\t\t<a href=\"https:\/\/aquariusboattours.com\/es\/miami-boat-charters-for-large-groups\/\" target=\"_blank\" rel=\"noopener\" itemprop=\"url\">\n\t\t\t\t<img decoding=\"async\" src=\"https:\/\/aquariusboattours.com\/wp-content\/uploads\/2023\/02\/boat-list-2023-4.png\" alt=\"boat-list-2023-4\" itemprop=\"image\" height=\"1500\" width=\"2000\" title=\"boat-list-2023-4\" onerror=\"this.style.display='none'\">\n\t\t\t\t<\/a>\n\t\t\t<a href=\"https:\/\/aquariusboattours.com\/es\/giant-boat-tour-pictures-miami\/\" target=\"_blank\" role=\"button\" rel=\"noopener\">\n\t\t\t\t\t\t\tCheck pictures\n\t\t\t\t\t<\/a>\n\t\t\t<a href=\"https:\/\/fareharbor.com\/embeds\/book\/aquariusboatrental\/items\/320763\/?full-items=yes&amp;flow=341253\" target=\"_blank\" role=\"button\" rel=\"noopener\">\n\t\t\t\t\t\t\tBook Boat\n\t\t\t\t\t<\/a>\n\t\t\t\t<a href=\"https:\/\/aquariusboattours.com\/es\/luxury-boat-rental-miami-large-boat\/\" target=\"_self\" itemprop=\"url\" rel=\"noopener\">\n\t\t\t\t<img decoding=\"async\" src=\"https:\/\/aquariusboattours.com\/wp-content\/uploads\/2023\/02\/boat-list-2023-6.png\" alt=\"boat-list-2023-6\" itemprop=\"image\" height=\"1500\" width=\"2000\" title=\"boat-list-2023-6\" onerror=\"this.style.display='none'\">\n\t\t\t\t<\/a>\n\t\t\t<a href=\"https:\/\/aquariusboattours.com\/es\/luxury-giant-boat-pictures-miami\/\" target=\"_blank\" role=\"button\" rel=\"noopener\">\n\t\t\t\t\t\t\tCheck pictures\n\t\t\t\t\t<\/a>\n\t\t\t<a href=\"https:\/\/fareharbor.com\/embeds\/book\/aquariusboatrental\/items\/342366\/?full-items=yes&amp;flow=341253\" target=\"_blank\" role=\"button\" rel=\"noopener\">\n\t\t\t\t\t\t\tBook Boat\n\t\t\t\t\t<\/a>","protected":false},"excerpt":{"rendered":"<p>PICTURES FOR THE MIAMI BOAT MIAMI LUXURY BOAT RENTAL PICTURES 22-ft boat | Up to 6 people | From $420 for 2 hours. EXPLORE ON A BOAT Relax on the Miami Boat What are the features and what&#8217;s included with the boat ride. 1 TO 6 PEOPLE Miami Boat Budget-friendly boats, discover the comfort of&hellip;<\/p>","protected":false},"author":2,"featured_media":1781,"parent":704,"menu_order":2,"comment_status":"closed","ping_status":"closed","template":"","meta":{"footnotes":""},"class_list":["post-1206","page","type-page","status-publish","has-post-thumbnail","hentry"],"_links":{"self":[{"href":"https:\/\/aquariusboattours.com\/es\/wp-json\/wp\/v2\/pages\/1206","targetHints":{"allow":["GET"]}}],"collection":[{"href":"https:\/\/aquariusboattours.com\/es\/wp-json\/wp\/v2\/pages"}],"about":[{"href":"https:\/\/aquariusboattours.com\/es\/wp-json\/wp\/v2\/types\/page"}],"author":[{"embeddable":true,"href":"https:\/\/aquariusboattours.com\/es\/wp-json\/wp\/v2\/users\/2"}],"replies":[{"embeddable":true,"href":"https:\/\/aquariusboattours.com\/es\/wp-json\/wp\/v2\/comments?post=1206"}],"version-history":[{"count":5,"href":"https:\/\/aquariusboattours.com\/es\/wp-json\/wp\/v2\/pages\/1206\/revisions"}],"predecessor-version":[{"id":21945,"href":"https:\/\/aquariusboattours.com\/es\/wp-json\/wp\/v2\/pages\/1206\/revisions\/21945"}],"up":[{"embeddable":true,"href":"https:\/\/aquariusboattours.com\/es\/wp-json\/wp\/v2\/pages\/704"}],"wp:featuredmedia":[{"embeddable":true,"href":"https:\/\/aquariusboattours.com\/es\/wp-json\/wp\/v2\/media\/1781"}],"wp:attachment":[{"href":"https:\/\/aquariusboattours.com\/es\/wp-json\/wp\/v2\/media?parent=1206"}],"curies":[{"name":"wp","href":"https:\/\/api.w.org\/{rel}","templated":true}]}}