{"id":1208,"date":"2023-02-12T15:14:29","date_gmt":"2023-02-12T20:14:29","guid":{"rendered":"https:\/\/live.aquariusboattours.com\/?page_id=1208"},"modified":"2024-08-28T14:52:15","modified_gmt":"2024-08-28T18:52:15","slug":"giant-boat-tour-pictures-miami","status":"publish","type":"page","link":"https:\/\/aquariusboattours.com\/es\/boat-rentals-and-boat-parties-miami\/gallery-miami-boat-rental\/giant-boat-tour-pictures-miami\/","title":{"rendered":"Fotos del paseo en barco gigante por Miami"},"content":{"rendered":"<h2>\n\t\t<a href=\"https:\/\/aquariusboattours.com\/es\/luxury-boat-rental-pictures-miami\/\" title=\"PICTURES FOR THE 29-FT SEARAY BOATS\" target=\"_blank\" rel=\"noopener\">\n\t\tPICTURES FOR THE 29-FT SEARAY BOATS\n\t\t<\/a>\n\t<\/h2>\n<h1>\n\t\t<a href=\"https:\/\/aquariusboattours.com\/es\/prices-all-included-miami-boat-rental\/\" title=\"MIAMI 29-FT SEARAY PICTURES\" target=\"_blank\" rel=\"noopener\">\n\t\tMIAMI 29-FT SEARAY PICTURES\n\t\t<\/a>\n\t<\/h1>\n<h2>\n\t\t<a href=\"https:\/\/aquariusboattours.com\/es\/prices-all-included-miami-boat-rental\/\" title=\"29-ft boat | Up to 9 people | From $595 for 2 hours.\" target=\"_blank\" rel=\"noopener\">\n\t\t29-ft boat | Up to 9 people | From $595 for 2 hours.\n\t\t<\/a>\n\t<\/h2>\n<h2>\n\t\t<a href=\"https:\/\/aquariusboattours.com\/es\/prices-all-included-miami-boat-rental\/\" title=\"MORE COMFORT, MORE ROOM\" target=\"_blank\" rel=\"noopener\">\n\t\tMORE COMFORT, MORE ROOM\n\t\t<\/a>\n\t<\/h2>\n<h2>\n\t\t<a href=\"https:\/\/aquariusboattours.com\/es\/prices-all-included-miami-boat-rental\/\" title=\"TOP-RATED AND BEST SELLER: 29-FT SEARAY BOATS\" target=\"_blank\" rel=\"noopener\">\n\t\tTOP-RATED AND BEST SELLER: 29-FT SEARAY BOATS\n\t\t<\/a>\n\t<\/h2>\n\t<p>Get more details about the giant boats and check out all the pictures from our <strong>giant boats available for rent in Miami<\/strong> <strong>Florida<\/strong>. Below find our <strong>giant <a href=\"https:\/\/aquariusboattours.com\/es\/\" data-internallinksmanager029f6b8e52c=\"83\" title=\"excursi\u00f3n en barco\">excursi\u00f3n en barco<\/a> fotos en Miami Florida<\/strong>.<\/p>\n\t\t\t\t<a href=\"https:\/\/aquariusboattours.com\/es\/miami-boat-parties\/\" target=\"_blank\" rel=\"noopener\" itemprop=\"url\">\n\t\t\t\t<img decoding=\"async\" src=\"https:\/\/aquariusboattours.com\/wp-content\/uploads\/2023\/02\/giant-boat-tour-pictures-miami-2023-10-scaled.jpg\" alt=\"See the Best Miami Giant Boat Tour Pictures from Aquarius Boat Rental &amp; Tours\" itemprop=\"image\" height=\"1440\" width=\"2560\" title=\"See the Best Miami Giant Boat Tour Pictures from Aquarius Boat Rental &amp; Tours\" onerror=\"this.style.display='none'\"  \/>\n\t\t\t\t<\/a>\n<h2>\n\t\t<a href=\"https:\/\/aquariusboattours.com\/es\/giant-boat-tour-pictures-miami\/\" title=\"1 TO 9 PEOPLE\" target=\"_blank\" rel=\"noopener\">\n\t\t1 TO 9 PEOPLE\n\t\t<\/a>\n\t<\/h2>\n<h2>\n\t\t<a href=\"https:\/\/aquariusboattours.com\/es\/luxury-boat-rental-pictures-miami\/\" title=\"29-Ft Searay Boats in Miami\" target=\"_blank\" rel=\"noopener\">\n\t\t29-Ft Searay Boats in Miami\n\t\t<\/a>\n\t<\/h2>\n\t<p>This boat is not a dinghy, it&#8217;s not a yacht but it&#8217;s the perfect in-between.<\/p>\n<p>Starting prices $595 for 2 hours on the giant boat.<\/p>\n\t\t\t<a href=\"#\" role=\"button\">\n\t\t\t\t\t\t\tReserve su d\u00eda de barco\n\t\t\t<\/a>\n\t\t<script src=\"https:\/\/fareharbor.com\/embeds\/script\/calendar\/aquariusboatrental\/items\/207788\/?fallback=simple&flow=341253\"><\/script>\t\n\t<p>We hope you enjoyed looking at the <a href=\"https:\/\/aquariusboattours.com\/es\/\" data-internallinksmanager029f6b8e52c=\"89\" title=\"Alquiler de barcos y excursiones Aquarius\">Alquiler de barcos y excursiones Aquarius<\/a> Miami giant boat tour pictures. Call or book a tour on a giant boat in Miami today!<\/p>\n<h2>\n\t\t<a href=\"https:\/\/aquariusboattours.com\/es\/prices-all-included-miami-boat-rental\/\" title=\"Incluido en todos los barcos\" target=\"_blank\" rel=\"noopener\">\n\t\tIncluido en todos los barcos\n\t\t<\/a>\n\t<\/h2>\n<h4>\n\t\t<a href=\"https:\/\/aquariusboattours.com\/es\/giant-boat-tour-pictures-miami\/\" title=\"Reserve the 29-Ft Searay Boat\" target=\"_blank\" rel=\"noopener\">\n\t\tReserve the 29-Ft Searay Boat\n\t\t<\/a>\n\t<\/h4>\n\t<p>Encuentre al instante &amp; <strong><a id=\"Rent-Boat-Miami\"><\/a><a href=\"https:\/\/aquariusboattours.com\/es\/prices-all-included-miami-boat-rental\/\" data-internallinksmanager029f6b8e52c=\"117\" title=\"alquilar un barco\">alquilar un barco<\/a><\/strong> en l\u00ednea Reserve <strong><a href=\"https:\/\/aquariusboattours.com\/es\/boat-charters-miami\/miami-luxury-boat-rental\/\" data-internallinksmanager029f6b8e52c=\"16\" title=\"alquiler de barcos de lujo\">alquiler de barcos de lujo<\/a> Miami<\/strong> Y con total transparencia de precios. Busca la forma m\u00e1s inteligente de <strong><a href=\"https:\/\/aquariusboattours.com\/es\/prices-all-included-miami-boat-rental\/\" data-internallinksmanager029f6b8e52c=\"42\" title=\"alquilar un barco en Miami\">alquilar un barco en Miami<\/a><\/strong>? En Aquarius <strong><a href=\"https:\/\/aquariusboattours.com\/es\/\" data-internallinksmanager029f6b8e52c=\"338\" title=\"alquiler de barcos con capit\u00e1n\">alquiler de barcos con capit\u00e1n<\/a><\/strong> &#8211; instant booking confirmation on <b>tours plus<\/b>\u00a0<a href=\"https:\/\/aquariusboattours.com\/es\/prices-all-included-miami-boat-rental\/\" data-internallinksmanager029f6b8e52c=\"129\" title=\"Precios transparentes\">precios transparentes<\/a> en todos nuestros <strong>alquiler de embarcaciones<\/strong>\u00a1! Su <strong>capit\u00e1n<\/strong> est\u00e1 plenamente capacitado para crear el mejor <strong>navegaci\u00f3n<\/strong> recuerdos para usted y sus seres queridos.<\/p>\n<p>If you haven&#8217;t seen Miami from a boat on the water, you haven&#8217;t seen it!<\/p>\n\t\t\t<a href=\"#\" role=\"button\">\n\t\t\t\t\t\t\tBook 29-Ft Searay Boat\n\t\t\t<\/a>\n\t\t<script src=\"https:\/\/fareharbor.com\/embeds\/script\/calendar\/aquariusboatrental\/items\/320763\/?fallback=simple&flow=341253\"><\/script>\t\n\t<script src=\"https:\/\/fareharbor.com\/embeds\/script\/calendar\/aquariusboatrental\/?fallback=simple\"><\/script>\n<h2>\n\t\tEXPERIENCIA AQUARIUS\n\t<\/h2>\n<h2>\n\t\tDescripci\u00f3n del barco\n\t<\/h2>\n\t\t\t<a href=\"\" target=\"_self\" rel=\"noopener\">\n\t\t\t\t\t\tBook the 29-Ft Searay Boat\n\t\t\t\t\t<\/a>\n\t\t\t\t\t\t\t\t\t\t<h6 tabindex=\"0\">\u00bfQu\u00e9 puede esperar?<\/h6>\n\t\t\t\t\t<p>Prep\u00e1rese para embarcarse en uno de los <strong>mejor <a href=\"https:\/\/aquariusboattours.com\/es\/boat-rentals-and-boat-parties-miami\/what-to-do-on-a-boat\/miami-boat-parties\/\" data-internallinksmanager029f6b8e52c=\"380\" title=\"fiesta en barco\">fiesta en barco<\/a><\/strong> experiencias acu\u00e1ticas que puede vivir en <strong>Miami<\/strong>\u00a1! Con <strong>Alquiler de barcos y excursiones Aquarius<\/strong>, s\u00fabete a tu perfecto <strong>paseo en barco privado<\/strong>, cruising on Miami&#8217;s famous <strong><a href=\"https:\/\/goo.gl\/maps\/EyfAAFsbGHQNnAXh8\" data-internallinksmanager029f6b8e52c=\"102\" title=\"Bah\u00eda de Biscayne Florida\" rel=\"nofollow noopener\" target=\"_blank\">Bah\u00eda de Vizcaya<\/a><\/strong>. Explore la bah\u00eda con su experto capit\u00e1n y divi\u00e9rtase al m\u00e1ximo con nuestras experiencias seguras y divertidas.<br \/>Reserva un <strong>Fiesta en la isla<\/strong>, <strong>crucero por los bancos de arena<\/strong>, <strong>hist\u00f3rico<\/strong> y <strong>visita cultural<\/strong>, <strong>encuentro con la naturaleza<\/strong>.<\/p>\n\t\t\t\t\t\t\t\t\t\t<h6 tabindex=\"0\">\u00bfAd\u00f3nde iremos?<\/h6>\n\t\t\t\t\t<p>Ve donde quieras en la Bah\u00eda<br \/>Don&#8217;t miss out on any experiencing and seeing sandbars, star houses, islands, canals, Oleta Park, Stittsville, Villa Vizcaya, and more. Create your own <strong>fiesta en barco<\/strong> donde t\u00fa eres el jefe Le dices a tu capit\u00e1n d\u00f3nde quieres ir y qu\u00e9 <strong>tipo de experiencia<\/strong> que busca en el agua.  Su capit\u00e1n har\u00e1 exactamente lo que usted diga para crear su <strong><a href=\"https:\/\/aquariusboattours.com\/es\/boat-rentals-and-boat-parties-miami\/what-to-do-on-a-boat\/miami-boat-parties\/\" data-internallinksmanager029f6b8e52c=\"12\" title=\"Fiesta en barco en Miami\">Fiesta en barco en Miami<\/a><\/strong>. Usted est\u00e1 a cargo del buque y <strong>Alquiler de barcos y excursiones Aquarius<\/strong>\u00a0te proporciona todas las herramientas para que te diviertas.<\/p>\n\t\t\t\t\t\t\t\t\t\t<h6 tabindex=\"0\">Normas importantes<\/h6>\n\t\t\t\t\t<ul>\n<li>Descalzo a bordo. Los zapatos se guardar\u00e1n en un compartimento designado de la embarcaci\u00f3n.<\/li>\n<li>Nada de bronceado en spray, curry, vaqueros, etc.<\/li>\n<li>Est\u00e1 prohibido fumar a bordo.<\/li>\n<li>No hay ba\u00f1os a bordo<\/li>\n<li>No glass cups &#8211; bring plastic cups!<\/li>\n<li>La ropa\/toallas nuevas desti\u00f1en al mojarse y pueden causar da\u00f1os importantes en los asientos.<\/li>\n<\/ul>\n\t\t\t\t\t\t\t\t\t\t<h6 tabindex=\"0\">Inclusiones y exclusiones<\/h6>\n\t\t\t\t\t<ul>\n<li>Las toallas y el hielo no est\u00e1n incluidos, incluimos la nevera<\/li>\n<li>Se pueden alquilar equipos de snorkel por $10 por equipo.<\/li>\n<li>Alfombrilla flotante de 3 metros incluida,<\/li>\n<li>Altavoces Bluetooth integrados,<\/li>\n<li>Se incluye todo el equipo de seguridad.<\/li>\n<\/ul>\n\t\t\t\t\t\t\t\t\t\t<h6 tabindex=\"0\">Sin gastos ocultos<\/h6>\n\t\t\t\t\t<ul>\n<li>Please don&#8217;t forget that you have to pay your captain before departure (cash, Zelle, cashapp, Venmo), that&#8217;s the only additional fee after check-out.<\/li>\n<li>La lista de capitanes a elegir se enviar\u00e1 el d\u00eda de la salida o el d\u00eda anterior, nos aseguraremos de reservar para usted el que elija.<\/li>\n<\/ul>\n\t<p><strong>LOVE OUR BOATS<\/strong>, <strong>LOVE OUR PRICES<\/strong> &#8211; <strong><a href=\"https:\/\/aquariusboattours.com\/es\/\" data-internallinksmanager029f6b8e52c=\"5\" title=\"Alquiler de barcos en Miami\">MIAMI BOAT RENTAL<\/a><\/strong><\/p>\n<h2>\n\t\tAquarius&#8217; Boat Rental Miami Fleet\n\t<\/h2>\n\t<p>Experimente la conducci\u00f3n en <strong>los mejores barcos en Miami<\/strong>, nuestros barcos privados para familias con <strong>alquiler de barcos<\/strong> from South Florida&#8217;s best <strong>alquiler de barcos<\/strong>.<\/p>\n\t\t\t\t<a href=\"https:\/\/aquariusboattours.com\/es\/miami-luxury-boat-rental\/\" target=\"_blank\" rel=\"noopener\" itemprop=\"url\">\n\t\t\t\t<img decoding=\"async\" src=\"https:\/\/aquariusboattours.com\/wp-content\/uploads\/2023\/02\/boat-list-2023-1.png\" alt=\"boat-list-2023-1\" itemprop=\"image\" height=\"1500\" width=\"2000\" title=\"boat-list-2023-1\" onerror=\"this.style.display='none'\"  \/>\n\t\t\t\t<\/a>\n\t\t\t<a href=\"https:\/\/aquariusboattours.com\/es\/boat-rentals-and-boat-parties-miami\/gallery-miami-boat-rental\/luxury-boat-rental-pictures-miami\/\" target=\"_self\" rel=\"noopener\">\n\t\t\t\t\t\t\tCheck pictures\n\t\t\t\t\t<\/a>\n\t\t\t<a href=\"https:\/\/fareharbor.com\/embeds\/book\/aquariusboatrental\/items\/207798\/?full-items=yes&#038;flow=341253\" target=\"_blank\" rel=\"noopener nofollow\">\n\t\t\t\t\t\t\tBook Boat\n\t\t\t\t\t<\/a>\n\t\t\t\t<a href=\"https:\/\/aquariusboattours.com\/es\/miami-boat-charters-for-large-groups\/\" target=\"_blank\" rel=\"noopener\" itemprop=\"url\">\n\t\t\t\t<img decoding=\"async\" src=\"https:\/\/aquariusboattours.com\/wp-content\/uploads\/2023\/02\/6.jpg\" alt=\"Searay For Rent in Miami\" itemprop=\"image\" height=\"1500\" width=\"2000\" title=\"SEARAY FOR RENT MIAMI\" onerror=\"this.style.display='none'\"  \/>\n\t\t\t\t<\/a>\n\t\t\t<a href=\"https:\/\/aquariusboattours.com\/es\/boat-rentals-and-boat-parties-miami\/gallery-miami-boat-rental\/giant-boat-tour-pictures-miami\/\" target=\"_self\" rel=\"noopener\">\n\t\t\t\t\t\t\tCheck pictures\n\t\t\t\t\t<\/a>\n\t\t\t<a href=\"https:\/\/fareharbor.com\/embeds\/book\/aquariusboatrental\/?full-items=yes&#038;flow=1032350\" target=\"_blank\" rel=\"noopener nofollow\">\n\t\t\t\t\t\t\tBook Boat\n\t\t\t\t\t<\/a>\n\t\t\t\t<a href=\"https:\/\/aquariusboattours.com\/es\/luxury-boat-rental-miami-large-boat\/\" target=\"_self\" itemprop=\"url\" rel=\"noopener\">\n\t\t\t\t<img decoding=\"async\" src=\"https:\/\/aquariusboattours.com\/wp-content\/uploads\/2023\/02\/Dynamic-Sport-Boat-to-Rent-in-Miami.png\" alt=\"Dynamic Sport Boat to Rent in Miami\" itemprop=\"image\" height=\"1500\" width=\"2000\" title=\"Speed Sport Boat to Rent in Miami\" onerror=\"this.style.display='none'\"  \/>\n\t\t\t\t<\/a>\n\t\t\t<a href=\"https:\/\/aquariusboattours.com\/es\/boat-rentals-and-boat-parties-miami\/gallery-miami-boat-rental\/\" target=\"_self\" rel=\"noopener\">\n\t\t\t\t\t\t\tCheck pictures\n\t\t\t\t\t<\/a>\n\t\t\t<a href=\"https:\/\/fareharbor.com\/embeds\/book\/aquariusboatrental\/items\/392398\/?full-items=yes&#038;flow=341253\" target=\"_blank\" rel=\"noopener nofollow\">\n\t\t\t\t\t\t\tBook Boat\n\t\t\t\t\t<\/a>\n\t\t\t\t<a href=\"https:\/\/aquariusboattours.com\/es\/luxury-boat-rental-miami-large-boat\/\" target=\"_self\" itemprop=\"url\" rel=\"noopener\">\n\t\t\t\t<img decoding=\"async\" src=\"https:\/\/aquariusboattours.com\/wp-content\/uploads\/2023\/02\/Axopar-available-for-rent-MIami.png\" alt=\"Mega boat for rental miami\" itemprop=\"image\" height=\"1500\" width=\"2000\" title=\"Axopar available for rent MIami\" onerror=\"this.style.display='none'\"  \/>\n\t\t\t\t<\/a>\n\t\t\t<a href=\"https:\/\/aquariusboattours.com\/es\/boat-charters-miami\/miami-rent-a-mega-boat\/\" target=\"_self\" rel=\"noopener\">\n\t\t\t\t\t\t\tCheck pictures\n\t\t\t\t\t<\/a>\n\t\t\t<a href=\"https:\/\/fareharbor.com\/embeds\/book\/aquariusboatrental\/items\/511200\/?full-items=yes&#038;flow=341253\" target=\"_blank\" rel=\"noopener nofollow\">\n\t\t\t\t\t\t\tBook Boat\n\t\t\t\t\t<\/a>","protected":false},"excerpt":{"rendered":"<p>PICTURES FOR THE 29-FT SEARAY BOATS MIAMI 29-FT SEARAY PICTURES 29-ft boat | Up to 9 people | From $595 for 2 hours. MORE COMFORT, MORE ROOM TOP-RATED AND BEST SELLER: 29-FT SEARAY BOATS Get more details about the giant boats and check out all the pictures from our giant boats available for rent in&hellip;<\/p>","protected":false},"author":2,"featured_media":1798,"parent":704,"menu_order":3,"comment_status":"closed","ping_status":"closed","template":"","meta":{"footnotes":""},"class_list":["post-1208","page","type-page","status-publish","has-post-thumbnail","hentry"],"_links":{"self":[{"href":"https:\/\/aquariusboattours.com\/es\/wp-json\/wp\/v2\/pages\/1208","targetHints":{"allow":["GET"]}}],"collection":[{"href":"https:\/\/aquariusboattours.com\/es\/wp-json\/wp\/v2\/pages"}],"about":[{"href":"https:\/\/aquariusboattours.com\/es\/wp-json\/wp\/v2\/types\/page"}],"author":[{"embeddable":true,"href":"https:\/\/aquariusboattours.com\/es\/wp-json\/wp\/v2\/users\/2"}],"replies":[{"embeddable":true,"href":"https:\/\/aquariusboattours.com\/es\/wp-json\/wp\/v2\/comments?post=1208"}],"version-history":[{"count":6,"href":"https:\/\/aquariusboattours.com\/es\/wp-json\/wp\/v2\/pages\/1208\/revisions"}],"predecessor-version":[{"id":25309,"href":"https:\/\/aquariusboattours.com\/es\/wp-json\/wp\/v2\/pages\/1208\/revisions\/25309"}],"up":[{"embeddable":true,"href":"https:\/\/aquariusboattours.com\/es\/wp-json\/wp\/v2\/pages\/704"}],"wp:featuredmedia":[{"embeddable":true,"href":"https:\/\/aquariusboattours.com\/es\/wp-json\/wp\/v2\/media\/1798"}],"wp:attachment":[{"href":"https:\/\/aquariusboattours.com\/es\/wp-json\/wp\/v2\/media?parent=1208"}],"curies":[{"name":"wp","href":"https:\/\/api.w.org\/{rel}","templated":true}]}}