{"id":22414,"date":"2023-05-03T10:38:21","date_gmt":"2023-05-03T14:38:21","guid":{"rendered":"https:\/\/new.aquariusboattours.com\/?page_id=22414"},"modified":"2024-11-17T12:17:51","modified_gmt":"2024-11-17T17:17:51","slug":"miami-rent-a-yacht","status":"publish","type":"page","link":"https:\/\/aquariusboattours.com\/es\/boat-charters-miami\/miami-rent-a-yacht\/","title":{"rendered":"Miami rent a yacht"},"content":{"rendered":"<h2>\n\t\t<a href=\"https:\/\/aquariusboattours.com\/es\/luxury-giant-boat-pictures-miami\/\" title=\"MIAMI YACHT RENTAL\" target=\"_blank\" rel=\"noopener\">\n\t\tMIAMI YACHT RENTAL\n\t\t<\/a>\n\t<\/h2>\n<h1>\n\t\t<a href=\"https:\/\/aquariusboattours.com\/es\/luxury-giant-boat-pictures-miami\/\" title=\"YACHT CHARTER MIAMI\" target=\"_blank\" rel=\"noopener\">\n\t\tYACHT CHARTER MIAMI\n\t\t<\/a>\n\t<\/h1>\n<h2>\n\t\t<a href=\"https:\/\/aquariusboattours.com\/es\/luxury-giant-boat-pictures-miami\/\" title=\"74-ft Yacht | Up to 13 people | From $2900 for 3 hours.\" target=\"_blank\" rel=\"noopener\">\n\t\t74-ft Yacht | Up to 13 people | From $2900 for 3 hours.\n\t\t<\/a>\n\t<\/h2>\n<h2>\n\t\t<a href=\"https:\/\/aquariusboattours.com\/es\/boat-charters-miami\/\" title=\"74 FEET SUNSEEKER MANHATTAN\" target=\"_blank\" rel=\"noopener\">\n\t\t74 FEET SUNSEEKER MANHATTAN\n\t\t<\/a>\n\t<\/h2>\n<h2>\n\t\t<a href=\"https:\/\/aquariusboattours.com\/es\/luxury-giant-boat-pictures-miami\/\" title=\"Rent our Featured 1 million dollar yacht\" target=\"_blank\" rel=\"noopener\">\n\t\tRent our Featured 1 million dollar yacht\n\t\t<\/a>\n\t<\/h2>\nBook a premium 74-ft Sunseeker <a href=\"https:\/\/aquariusboattours.com\/es\/\" data-internallinksmanager029f6b8e52c=\"383\" title=\"alquiler de yates\">alquiler de yates<\/a>, the ultimate luxury <a href=\"https:\/\/aquariusboattours.com\/es\/\" data-internallinksmanager029f6b8e52c=\"160\" title=\"experiencia n\u00e1utica\">experiencia n\u00e1utica<\/a> in Miami. This top-of-the-line vessel boasts a range of features and amenities, including spacious deck areas, state-of-the-art entertainment systems, comfortable seating, and a fully equipped kitchen. The boat ride includes a professional crew, fuel, and all necessary safety equipment, ensuring a safe and enjoyable trip on the water. Experience the best <a href=\"https:\/\/aquariusboattours.com\/es\/\" data-internallinksmanager029f6b8e52c=\"199\" title=\"Alquiler de yates en Miami Beach\">Alquiler de yates en Miami Beach<\/a>!\n\t\t\t\t<a href=\"https:\/\/aquariusboattours.com\/es\/miami-boat-parties\/\" target=\"_blank\" rel=\"noopener\" itemprop=\"url\">\n\t\t\t\t<img decoding=\"async\" src=\"https:\/\/aquariusboattours.com\/wp-content\/uploads\/2023\/05\/miami-rent-a-yacht-23.jpg\" alt=\"Celebrate On The Waves: Party Boat Rental In Miami\" itemprop=\"image\" height=\"576\" width=\"1024\" title=\"Celebraci\u00f3n Sobre Las Olas: Alquiler de barcos para fiestas en Miami\" onerror=\"this.style.display='none'\"  \/>\n\t\t\t\t<\/a>\n\t\t\t\t<a href=\"https:\/\/aquariusboattours.com\/es\/miami-boat-parties\/\" target=\"_blank\" rel=\"noopener\" itemprop=\"url\">\n\t\t\t\t<img decoding=\"async\" src=\"https:\/\/aquariusboattours.com\/wp-content\/uploads\/2023\/05\/miami-rent-a-yacht-39.jpg\" alt=\"Aquarius Boat Rental Miami Explore Miami Beach in Style\" itemprop=\"image\" height=\"540\" width=\"960\" title=\"aquarius-boat-rental-miami-explore-miami-beach-in-style\" onerror=\"this.style.display='none'\"  \/>\n\t\t\t\t<\/a>\n\t\t\t<h3>74-ft Sunseeker yacht<\/h3>\n\t\t\t\t\t<p>Experience the ultimate luxury yacht rental in Miami with <a href=\"https:\/\/aquariusboattours.com\/es\/\" data-internallinksmanager029f6b8e52c=\"89\" title=\"Alquiler de barcos y excursiones Aquarius\">Alquiler de barcos y excursiones Aquarius<\/a>. Our exquisite fleet of yachts includes a stunning 74-ft Sunseeker, a top-of-the-line vessel that provides the perfect setting for a luxurious and unforgettable boating experience in Miami.<\/p>\n<p>With Aquarius, you can customize your itinerary and decide where you want to go, whether it&#8217;s a sightseeing tour of luxurious villas, a historical and cultural tour, or a wildlife encounter. Our professional captain will be your private boat driver, ensuring a safe and stress-free journey on the water.<\/p>\n<p>Our luxury yacht rental includes various features and amenities, including spacious deck areas, comfortable seating, state-of-the-art entertainment systems, and a fully equipped kitchen. All necessary safety equipment, fuel, and a professional crew are included, so you can sit back, relax, and enjoy the luxurious yacht rental experience. Perfect for a <a href=\"https:\/\/aquariusboattours.com\/es\/ultimate-party-experience-yacht-party-boat-rental-in-miami\/\" data-internallinksmanager029f6b8e52c=\"214\" title=\"Miami yacht party\">Miami yacht party<\/a> with friends!<\/p>\n<p>Whether you&#8217;re looking for a romantic getaway or a fun-filled day on the water with family and friends, Aquarius Boat Rental and Tours offers the best yacht rental in Miami. Book now and experience the luxury and sophistication of a 74-ft Sunseeker yacht rental Check out our <a href=\"https:\/\/aquariusboattours.com\/es\/prices-all-included-miami-boat-rental\/\" data-internallinksmanager029f6b8e52c=\"197\" title=\"yacht rental miami beach prices\">yacht rental Miami Beach prices<\/a>!<\/p>\n<h2>\n\t\t<a href=\"https:\/\/aquariusboattours.com\/es\/luxury-giant-boat-pictures-miami\/\" title=\"74 FEET SUNSEEKER MANHATTAN \" target=\"_blank\" rel=\"noopener\">\n\t\t74 FEET SUNSEEKER MANHATTAN \n\t\t<\/a>\n\t<\/h2>\n<h2>\n\t\t<a href=\"https:\/\/aquariusboattours.com\/es\/luxury-giant-boat-pictures-miami\/\" title=\"Caracter\u00edsticas\" target=\"_blank\" rel=\"noopener\">\n\t\tCaracter\u00edsticas\n\t\t<\/a>\n\t<\/h2>\nBoat value $1 million: 4 rooms, 4 bathrooms, flybridge, Music Bluetooth 24 speakers, 3TV, twins engine Cam 1300hp, 3 fridges, 2 coolers, full kitchen microwave, grill barbecue, Nespresso machine, giant front sun pad, NO SMOKING \ud83d\udead<br \/>\n$500 deposit hold for damage back at the end of the charter\n\t\t\t\t<img decoding=\"async\" src=\"https:\/\/aquariusboattours.com\/wp-content\/uploads\/2023\/05\/miami-rent-a-yacht-46.jpeg\" alt=\"Book a yacht party boat rental Miami Beach!\" itemprop=\"image\" height=\"288\" width=\"175\" title=\"miami-rent-a-yacht-46\" onerror=\"this.style.display='none'\"  \/>\n\t<p>Experience our<strong> Miami Yacht Charters!<\/strong><\/p>\n\t<p><strong>Book a <a href=\"https:\/\/aquariusboattours.com\/es\/\" data-internallinksmanager029f6b8e52c=\"231\" title=\"Luxury yacht rental Miami\">luxury yacht rental Miami<\/a> Adventure Today with <a href=\"https:\/\/aquariusboattours.com\/es\/\" data-internallinksmanager029f6b8e52c=\"163\" title=\"Alquiler de barcos Aquarius\">Alquiler de barcos Aquarius<\/a> &amp; Tours!<\/strong><\/p>\n<h2>\n\t\t<a href=\"https:\/\/aquariusboattours.com\/es\/prices-all-included-miami-boat-rental\/\" title=\"Included with this yacht\" target=\"_blank\" rel=\"noopener\">\n\t\tIncluded with this yacht\n\t\t<\/a>\n\t<\/h2>\n<h2>\n\t\tSIN CARGOS OCULTOS, \u00a1NUNCA!\n\t<\/h2>\n<h2>\n\t\tPrecios con todos los gastos incluidos\n\t<\/h2>\n\t<p>Los precios de los barcos de Aquarius Boat Rental and Tours incluyen gasolina, capit\u00e1n e impuestos.<\/p>\n\t\t\t\t<img decoding=\"async\" src=\"https:\/\/aquariusboattours.com\/wp-content\/uploads\/2023\/05\/miami-rent-a-yacht-47.jpg\" alt=\"Book a yacht party boat rental Miami Beach!\" itemprop=\"image\" height=\"2000\" width=\"1294\" title=\"miami-rent-a-yacht-47\" onerror=\"this.style.display='none'\"  \/>\n\t\t\t\t<img decoding=\"async\" src=\"https:\/\/aquariusboattours.com\/wp-content\/uploads\/2023\/05\/miami-rent-a-yacht-49.jpg\" alt=\"Book a yacht party boat rental Miami Beach!\" itemprop=\"image\" height=\"2000\" width=\"1294\" title=\"miami-rent-a-yacht-49\" onerror=\"this.style.display='none'\"  \/>\n\t\t\t\t<img decoding=\"async\" src=\"https:\/\/aquariusboattours.com\/wp-content\/uploads\/2023\/05\/miami-rent-a-yacht-48.jpg\" alt=\"Book a yacht party boat rental Miami Beach!\" itemprop=\"image\" height=\"2000\" width=\"1294\" title=\"miami-rent-a-yacht-48\" onerror=\"this.style.display='none'\"  \/>\n\t\t\t\t<img decoding=\"async\" src=\"https:\/\/aquariusboattours.com\/wp-content\/uploads\/2023\/05\/miami-rent-a-yacht-50.jpg\" alt=\"Book a yacht party boat rental Miami Beach!\" itemprop=\"image\" height=\"2000\" width=\"1294\" title=\"miami-rent-a-yacht-50\" onerror=\"this.style.display='none'\"  \/>\n\t\t\t<a href=\"https:\/\/aquariusboattours.com\/es\/contact-aquarius\/\" target=\"_blank\" rel=\"noopener\">\n\t\t\t\t\t\t\tI&#8217;d like to book the 74-ft yacht\n\t\t\t<\/a>\n<h4>\n\t\t<a href=\"https:\/\/aquariusboattours.com\/es\/luxury-giant-boat-pictures-miami\/\" title=\"Treat Yourself and Book the 74-ft yacht\" target=\"_blank\" rel=\"noopener\">\n\t\tTreat Yourself and Book the 74-ft yacht\n\t\t<\/a>\n\t<\/h4>\n\t<p>Experience the ultimate luxury yacht rental in Miami with Aquarius Boat Rental and Tours. Our online booking system allows you to instantly find and rent a yacht with full pricing transparency, so you can make informed decisions and enjoy a stress-free booking experience. Call, text, or connect online for the latest information on <a href=\"https:\/\/aquariusboattours.com\/es\/prices-all-included-miami-boat-rental\/\" data-internallinksmanager029f6b8e52c=\"195\" title=\"yacht rental miami prices\">yacht rental Miami prices<\/a>.<\/p>\n<p>At Aquarius, we offer luxury yacht rentals in Miami with a captain included. Our fully trained captain will create the best boating memories for you and your loved ones, ensuring a safe and enjoyable trip on the water.<\/p>\n<p>From <a href=\"https:\/\/aquariusboattours.com\/es\/boat-rentals-and-boat-parties-miami\/what-to-do-on-a-boat\/miami-sightseeing-boat-tour\/\" data-internallinksmanager029f6b8e52c=\"90\" title=\"sightseeing tours\">sightseeing tours<\/a> to island hopping and wildlife encounters, our luxury yacht rentals provide the perfect setting for a range of experiences. With Aquarius, you&#8217;ll have access to a fleet of top-of-the-line vessels, including a stunning 74-ft Sunseeker, equipped with a range of features and amenities to make your journey comfortable and unforgettable.<\/p>\n<p>If you haven&#8217;t seen Miami from a yacht on the water, you haven&#8217;t seen it! Book now with Aquarius Boat Rental and Tours and experience the beauty and luxury of Miami from a whole new perspective.<\/p>\n<h4>\n\t\t<a href=\"https:\/\/aquariusboattours.com\/es\/luxury-giant-boat-pictures-miami\/\" title=\"Reservation Form 74-ft Yacht\" target=\"_blank\" rel=\"noopener\">\n\t\tReservation Form 74-ft Yacht\n\t\t<\/a>\n\t<\/h4>\n\t<iframe src=\"https:\/\/www.google.com\/maps\/embed\/v1\/place?q=Aquarius+Boat&#038;key=AIzaSyD09zQ9PNDNNy9TadMuzRV_UsPUoWKntt8\" aria-hidden=\"true\" title=\"Aquarius Boat Rental And Tours\"><\/iframe>\n<h4>\n\t\t<a href=\"https:\/\/aquariusboattours.com\/es\/contact-aquarius\/\" title=\"Localizaci\u00f3n del barco\" target=\"_blank\" rel=\"noopener\">\n\t\tLocalizaci\u00f3n del barco\n\t\t<\/a>\n\t<\/h4>\n\t<p>Aquarius Boat Rental and Tours Miami is conveniently located on Miami Beach&#8217;s Millionaire Row, just steps away from popular hotels such as Fontainebleau, Eden Roc, Edition, Hotel 1, and Faena. Our boat docks for charters are situated at 5225 Collins Avenue, Miami Beach, Florida, making it easy for you to access our fleet of luxury boats and yachts for rent with captain.<\/p>\n<p>Whether you&#8217;re looking for a romantic getaway, a family adventure, or a fun-filled day with friends, our <a href=\"https:\/\/aquariusboattours.com\/es\/prices-all-included-miami-boat-rental\/\" data-internallinksmanager029f6b8e52c=\"104\" title=\"Alquiler de barcos en Miami\">Alquiler de barcos en Miami<\/a> provide the perfect setting for an unforgettable experience on the water. With our marina located across the street from the hotel, you can quickly start your boating adventure.<\/p>\n<p>Book now with Aquarius Boat Rental and Tours and discover the beauty and luxury of Miami from a whole new perspective. Experience the ultimate luxury yacht rental in Miami with our fleet of top-of-the-line vessels and fully trained captain, who will create the best boating memories for you and your loved ones.<\/p>\n\t\t\t<a href=\"https:\/\/goo.gl\/maps\/7G9ZrR7qicLhgRgL9\" target=\"_blank\" rel=\"noopener nofollow\">\n\t\t\t\t\t\t\tC\u00f3mo llegar\n\t\t\t<\/a>\n<h2>\n\t\t<a href=\"https:\/\/aquariusboattours.com\/es\/contact-aquarius\/\" title=\"EXPERIENCIA AQUARIUS\" target=\"_blank\" rel=\"noopener\">\n\t\tEXPERIENCIA AQUARIUS\n\t\t<\/a>\n\t<\/h2>\n<h2>\n\t\t<a href=\"https:\/\/aquariusboattours.com\/es\/boat-rentals-and-boat-parties-miami\/about\/\" title=\"Yacht description\" target=\"_blank\" rel=\"noopener\">\n\t\tYacht description\n\t\t<\/a>\n\t<\/h2>\n\t\t\t<a href=\"#\" role=\"button\">\n\t\t\t\t\t\tBook the 74-ft Yacht\n\t\t\t\t\t<\/a>\n\t\t<script src=\"https:\/\/fareharbor.com\/embeds\/script\/calendar\/aquariusboatrental\/items\/342366\/?fallback=simple&flow=341253\"><\/script>\t\n\t\t\t\t\t\t\t\t\t\t<h6 tabindex=\"0\">\u00bfQu\u00e9 puede esperar?<\/h6>\n\t\t\t\t\t<p>Get ready to embark on one of the best <a href=\"https:\/\/aquariusboattours.com\/es\/boat-rentals-and-boat-parties-miami\/what-to-do-on-a-boat\/miami-boat-parties\/\" data-internallinksmanager029f6b8e52c=\"380\" title=\"fiesta en barco\">fiesta en barco<\/a> water experiences you can have in Miami with Aquarius Boat Rental and Tours! With our private <a href=\"https:\/\/aquariusboattours.com\/es\/\" data-internallinksmanager029f6b8e52c=\"82\" title=\"excursiones en barco\">excursiones en barco<\/a>, you can cruise on Miami&#8217;s famous <a href=\"https:\/\/goo.gl\/maps\/EyfAAFsbGHQNnAXh8\" data-internallinksmanager029f6b8e52c=\"102\" title=\"Bah\u00eda de Biscayne Florida\" rel=\"nofollow noopener\" target=\"_blank\">Bah\u00eda de Vizcaya<\/a>, explore the bay with your expert captain, and have the most fun with our safe and fun experiences.<\/p>\n<p>Choose from our range of experiences, including island party, sandbar cruise, historical and cultural tour, and wildlife encounter. Our boat tours offer the perfect setting for a romantic getaway, a family adventure, or a fun-filled day with friends.<\/p>\n<p>With Aquarius Boat Rental and Tours, you can enjoy the beauty and luxury of Miami from a whole new perspective. Our expert captain will create the best boating memories for you and your loved ones, ensuring a safe and enjoyable experience for everyone.<\/p>\n<p>Book your perfect private <a href=\"https:\/\/aquariusboattours.com\/es\/\" data-internallinksmanager029f6b8e52c=\"83\" title=\"excursi\u00f3n en barco\">excursi\u00f3n en barco<\/a> with Aquarius Boat Rental and Tours and explore the breathtaking sights and sounds of Miami&#8217;s Biscayne Bay. Contact us now to learn more and start planning your unforgettable boating adventure!<\/p>\n\t\t\t\t\t\t\t\t\t\t<h6 tabindex=\"0\">\u00bfAd\u00f3nde iremos?<\/h6>\n\t\t\t\t\t<p>Ve donde quieras en la Bah\u00eda<br \/>Don&#8217;t miss out on any experiencing and seeing sandbars, star houses, islands, canals, Oleta Park, Stittsville, Villa Vizcaya, and more. Create your own <strong>fiesta en barco<\/strong> donde t\u00fa eres el jefe Le dices a tu capit\u00e1n d\u00f3nde quieres ir y qu\u00e9 <strong>tipo de experiencia<\/strong> que busca en el agua.  Su capit\u00e1n har\u00e1 exactamente lo que usted diga para crear su <strong><a href=\"https:\/\/aquariusboattours.com\/es\/boat-rentals-and-boat-parties-miami\/what-to-do-on-a-boat\/miami-boat-parties\/\" data-internallinksmanager029f6b8e52c=\"12\" title=\"Fiesta en barco en Miami\">Fiesta en barco en Miami<\/a><\/strong>. Usted est\u00e1 a cargo del buque y <strong>Alquiler de barcos y excursiones Aquarius<\/strong>\u00a0te proporciona todas las herramientas para que te diviertas.<\/p>\n\t\t\t\t\t\t\t\t\t\t<h6 tabindex=\"0\">Normas importantes<\/h6>\n\t\t\t\t\t<ul>\n<li>Descalzo a bordo. Los zapatos se guardar\u00e1n en un compartimento designado de la embarcaci\u00f3n.<\/li>\n<li>Nada de bronceado en spray, curry, vaqueros, etc.<\/li>\n<li>Est\u00e1 prohibido fumar a bordo.<\/li>\n<li>No hay ba\u00f1os a bordo<\/li>\n<li>No glass cups &#8211; bring plastic cups!<\/li>\n<li>La ropa\/toallas nuevas desti\u00f1en al mojarse y pueden causar da\u00f1os importantes en los asientos.<\/li>\n<\/ul>\n\t\t\t\t\t\t\t\t\t\t<h6 tabindex=\"0\">Inclusiones y exclusiones<\/h6>\n\t\t\t\t\t<ul>\n<li>Las toallas y el hielo no est\u00e1n incluidos, incluimos la nevera<\/li>\n<li>Se pueden alquilar equipos de snorkel por $10 por equipo.<\/li>\n<li>Alfombrilla flotante de 3 metros incluida,<\/li>\n<li>Altavoces Bluetooth integrados,<\/li>\n<li>Se incluye todo el equipo de seguridad.<\/li>\n<\/ul>\n\t\t\t\t\t\t\t\t\t\t<h6 tabindex=\"0\">Sin gastos ocultos<\/h6>\n\t\t\t\t\t<ul>\n<li>Please don&#8217;t forget that you have to pay your captain before departure (cash, Zelle, cashapp, Venmo), that&#8217;s the only additional fee after check-out.<\/li>\n<li>La lista de capitanes a elegir se enviar\u00e1 el d\u00eda de la salida o el d\u00eda anterior, nos aseguraremos de reservar para usted el que elija.<\/li>\n<\/ul>\n<h2>\n\t\tNAVEGAR CON AQUARIUS\n\t<\/h2>\n<h2>\n\t\t<a href=\"https:\/\/aquariusboattours.com\/es\/contact-aquarius\/\" title=\"What you can do on a yacht in Miami\" target=\"_blank\" rel=\"noopener\">\n\t\tWhat you can do on a yacht in Miami\n\t\t<\/a>\n\t<\/h2>\n\t<p>\u00bfPiensa navegar pronto en Miami? He aqu\u00ed algunas opciones para ayudarle a empezar.<\/p>\n<h2>\n\t\t<a href=\"https:\/\/aquariusboattours.com\/es\/boat-rentals-and-boat-parties-miami\/what-to-do-on-a-boat\/byob-boat-tours\/\" title=\"ALQUILER DE BARCOS BYOB\" target=\"_blank\" rel=\"noopener\">\n\t\tALQUILER DE BARCOS BYOB\n\t\t<\/a>\n\t<\/h2>\n<h2>\n\t\t<a href=\"https:\/\/aquariusboattours.com\/es\/\" title=\"Fiesta en un barco en Miami\" target=\"_blank\" rel=\"noopener\">\n\t\tFiesta en un barco en Miami\n\t\t<\/a>\n\t<\/h2>\n\t<p>Tenemos el barco perfecto para usted.<\/p>\n\t\t\t<a href=\"https:\/\/aquariusboattours.com\/es\/miami-boat-parties\/\" target=\"_blank\" rel=\"noopener\">\n\t\t\t\t\t\t\tFiestas en barco en Miami\n\t\t\t<\/a>\n<h2>\n\t\t<a href=\"https:\/\/aquariusboattours.com\/es\/boat-rentals-and-boat-parties-miami\/what-to-do-on-a-boat\/celebrity-home-tour\/\" title=\"PRIVADO\" target=\"_blank\" rel=\"noopener\">\n\t\tPRIVADO\n\t\t<\/a>\n\t<\/h2>\n<h2>\n\t\t<a href=\"https:\/\/aquariusboattours.com\/es\/boat-rentals-and-boat-parties-miami\/what-to-do-on-a-boat\/celebrity-home-tour\/\" title=\"Casas de famosos\" target=\"_self\" rel=\"noopener\">\n\t\tCasas de famosos\n\t\t<\/a>\n\t<\/h2>\n\t\t\t<a href=\"https:\/\/aquariusboattours.com\/es\/boat-rentals-and-boat-parties-miami\/what-to-do-on-a-boat\/miami-sightseeing-boat-tour\/\" target=\"_blank\" rel=\"noopener\">\n\t\t\t\t\t\t\tVisitas tur\u00edsticas\n\t\t\t<\/a>\n<h2>\n\t\t<a href=\"https:\/\/aquariusboattours.com\/es\/boat-rentals-and-boat-parties-miami\/what-to-do-on-a-boat\/boating-lesson-miami\/\" title=\"EXCLUSIVA AQUARIUS\" target=\"_blank\" rel=\"noopener\">\n\t\tEXCLUSIVA AQUARIUS\n\t\t<\/a>\n\t<\/h2>\n<h2>\n\t\t<a href=\"https:\/\/aquariusboattours.com\/es\/boat-rentals-and-boat-parties-miami\/what-to-do-on-a-boat\/boating-lesson-miami\/\" title=\"Convi\u00e9rtase en un experto\" target=\"_blank\" rel=\"noopener\">\n\t\tConvi\u00e9rtase en un experto\n\t\t<\/a>\n\t<\/h2>\n\t\t\t<a href=\"https:\/\/aquariusboattours.com\/es\/boat-rentals-and-boat-parties-miami\/what-to-do-on-a-boat\/boating-lesson-miami\/\" target=\"_blank\" rel=\"noopener\">\n\t\t\t\t\t\t\tClases de navegaci\u00f3n\n\t\t\t<\/a>\n<h2>\n\t\t<a href=\"https:\/\/aquariusboattours.com\/es\/boat-rentals-and-boat-parties-miami\/what-to-do-on-a-boat\/best-miami-sandbar-cruises\/\" title=\"EASY CHARTERS\" target=\"_blank\" rel=\"noopener\">\n\t\tEASY CHARTERS\n\t\t<\/a>\n\t<\/h2>\n<h2>\n\t\t<a href=\"https:\/\/aquariusboattours.com\/es\/boat-rentals-and-boat-parties-miami\/what-to-do-on-a-boat\/best-miami-sandbar-cruises\/\" title=\"Barras de arena\" target=\"_blank\" rel=\"noopener\">\n\t\tBarras de arena\n\t\t<\/a>\n\t<\/h2>\n\t\t\t<a href=\"https:\/\/aquariusboattours.com\/es\/boat-rentals-and-boat-parties-miami\/what-to-do-on-a-boat\/best-miami-sandbar-cruises\/\" target=\"_blank\" rel=\"noopener\">\n\t\t\t\t\t\t\tBarco de arena\n\t\t\t<\/a>\n<h2>\n\t\t<a href=\"https:\/\/aquariusboattours.com\/es\/boat-rentals-and-boat-parties-miami\/what-to-do-on-a-boat\/celebrate-a-birthday-on-a-boat\/\" title=\"CELEBRAR CON ESTILO\" target=\"_blank\" rel=\"noopener\">\n\t\tCELEBRAR CON ESTILO\n\t\t<\/a>\n\t<\/h2>\n<h2>\n\t\t<a href=\"https:\/\/aquariusboattours.com\/es\/boat-rentals-and-boat-parties-miami\/what-to-do-on-a-boat\/family-friendly-boats\/\" title=\"Familias bienvenidas\" target=\"_blank\" rel=\"noopener\">\n\t\tFamilias bienvenidas\n\t\t<\/a>\n\t<\/h2>\n\t\t\t<a href=\"https:\/\/aquariusboattours.com\/es\/boat-rentals-and-boat-parties-miami\/what-to-do-on-a-boat\/family-friendly-boats\/\" target=\"_blank\" rel=\"noopener\">\n\t\t\t\t\t\t\tBarcos familiares\n\t\t\t<\/a>\n\t<h3><a href=\"https:\/\/aquariusboattours.com\/es\/boat-rentals-and-boat-parties-miami\/what-to-do-on-a-boat\/family-friendly-boats\/\"><strong>Book a luxury yacht rental in Miami! <\/strong>Nuestra<strong> Miami luxury yacht charters<\/strong> provide the <strong>best boating experience in Miami<\/strong>!<\/a><\/h3>\n<h2>\n\t\t<a href=\"https:\/\/aquariusboattours.com\/es\/boat-charters-miami\/\" title=\"UN SERVICIO DE ATENCI\u00d3N AL CLIENTE DE PRIMERA\" target=\"_blank\" rel=\"noopener\">\n\t\tUN SERVICIO DE ATENCI\u00d3N AL CLIENTE DE PRIMERA\n\t\t<\/a>\n\t<\/h2>\n<h2>\n\t\t<a href=\"https:\/\/aquariusboattours.com\/es\/contact-aquarius\/\" title=\"Ask Questions about Yacht Rental Miami\" target=\"_blank\" rel=\"noopener\">\n\t\tAsk Questions about Yacht Rental Miami\n\t\t<\/a>\n\t<\/h2>\n\t<p>Don&#8217;t hesitate to say hi and write to us about your project or event. We will be more than happy to assist you.<\/p>\n<h2>\n\t\t<a href=\"https:\/\/aquariusboattours.com\/es\/contact-aquarius\/\" title=\"EXPERIENCIA AQUARIUS\" target=\"_blank\" rel=\"noopener\">\n\t\tEXPERIENCIA AQUARIUS\n\t\t<\/a>\n\t<\/h2>\n<h2>\n\t\t<a href=\"https:\/\/aquariusboattours.com\/es\/contact-aquarius\/\" title=\"Preg\u00fantanos lo que quieras\" target=\"_blank\" rel=\"noopener\">\n\t\tPreg\u00fantanos lo que quieras\n\t\t<\/a>\n\t<\/h2>\n\t<p>LOVE OUR BOATS, LOVE OUR PRICES &#8211; <a href=\"https:\/\/aquariusboattours.com\/es\/\" data-internallinksmanager029f6b8e52c=\"5\" title=\"Alquiler de barcos en Miami\">MIAMI BOAT RENTAL<\/a><\/p>\n<h2>\n\t\tAquarius&#8217; Boat Rental Miami Fleet\n\t<\/h2>\n\t<p>Experimente la conducci\u00f3n en <strong>los mejores barcos en Miami<\/strong>, nuestros barcos privados para familias con <strong>alquiler de barcos<\/strong> from South Florida&#8217;s best <strong>alquiler de barcos<\/strong>.<\/p>\n\t<p>Book the <strong>mejor <a href=\"https:\/\/aquariusboattours.com\/es\/boat-charters-miami\/miami-luxury-boat-rental\/\" data-internallinksmanager029f6b8e52c=\"221\" title=\"Luxury Boat Rental Miami\">luxury boat rental Miami<\/a><\/strong> has to offer with Aquarius Boat Rental and Tours. Our <strong>Daily departing Miami Beach luxury boat charters for rent<\/strong> allow for the <strong>best boating experience Miami<\/strong> has to offer! Get to know more about us below!<\/p>","protected":false},"excerpt":{"rendered":"<p>MIAMI YACHT RENTAL YACHT CHARTER MIAMI 74-ft Yacht | Up to 13 people | From $2900 for 3 hours. 74 FEET SUNSEEKER MANHATTAN Rent our Featured 1 million dollar yacht Book a premium 74-ft Sunseeker yacht rental, the ultimate luxury boating experience in Miami. This top-of-the-line vessel boasts a range of features and amenities, including&hellip;<\/p>","protected":false},"author":2,"featured_media":22455,"parent":683,"menu_order":4,"comment_status":"closed","ping_status":"closed","template":"","meta":{"footnotes":""},"class_list":["post-22414","page","type-page","status-publish","has-post-thumbnail","hentry"],"_links":{"self":[{"href":"https:\/\/aquariusboattours.com\/es\/wp-json\/wp\/v2\/pages\/22414","targetHints":{"allow":["GET"]}}],"collection":[{"href":"https:\/\/aquariusboattours.com\/es\/wp-json\/wp\/v2\/pages"}],"about":[{"href":"https:\/\/aquariusboattours.com\/es\/wp-json\/wp\/v2\/types\/page"}],"author":[{"embeddable":true,"href":"https:\/\/aquariusboattours.com\/es\/wp-json\/wp\/v2\/users\/2"}],"replies":[{"embeddable":true,"href":"https:\/\/aquariusboattours.com\/es\/wp-json\/wp\/v2\/comments?post=22414"}],"version-history":[{"count":9,"href":"https:\/\/aquariusboattours.com\/es\/wp-json\/wp\/v2\/pages\/22414\/revisions"}],"predecessor-version":[{"id":25380,"href":"https:\/\/aquariusboattours.com\/es\/wp-json\/wp\/v2\/pages\/22414\/revisions\/25380"}],"up":[{"embeddable":true,"href":"https:\/\/aquariusboattours.com\/es\/wp-json\/wp\/v2\/pages\/683"}],"wp:featuredmedia":[{"embeddable":true,"href":"https:\/\/aquariusboattours.com\/es\/wp-json\/wp\/v2\/media\/22455"}],"wp:attachment":[{"href":"https:\/\/aquariusboattours.com\/es\/wp-json\/wp\/v2\/media?parent=22414"}],"curies":[{"name":"wp","href":"https:\/\/api.w.org\/{rel}","templated":true}]}}