{"id":25842,"date":"2024-11-14T13:15:12","date_gmt":"2024-11-14T18:15:12","guid":{"rendered":"https:\/\/aquariusboattours.com\/?page_id=25842"},"modified":"2024-12-23T10:59:13","modified_gmt":"2024-12-23T15:59:13","slug":"yacht-rentals-miami-fl","status":"publish","type":"page","link":"https:\/\/aquariusboattours.com\/es\/yacht-rentals-miami-fl\/","title":{"rendered":"Alquiler de Yates de Lujo Miami | Explore Miami por mar con estilo"},"content":{"rendered":"<h2>\n\t\tALQUILER DE YATES EN MIAMI\n\t<\/h2>\n<h1>\n\t\tALQUILER DE YATES MIAMI, FL\n\t<\/h1>\n<h2>\n\t\tYates de lujo a bajo precio\n\t<\/h2>\n\t\t\t\t<a href=\"https:\/\/aquariusboattours.com\/es\/yacht-rentals-miami-fl\/\" target=\"_self\" itemprop=\"url\">\n\t\t\t\t<img decoding=\"async\" src=\"https:\/\/aquariusboattours.com\/wp-content\/uploads\/2024\/12\/Aquariu-boat-rental-best-yacht-charters-miami-15.jpg\" alt=\"Aquariu-boat-rental-best-yacht-charters-miami-15\" itemprop=\"image\" height=\"1080\" width=\"1920\" title=\"Aquariu-boat-rental-best-yacht-charters-miami-15\" onerror=\"this.style.display='none'\"  \/>\n\t\t\t\t<\/a>\n<h3>\n\t\t<a href=\"https:\/\/aquariusboattours.com\/es\/yacht-rentals-miami-fl\/\" title=\"Azimut 60 S - Alquiler de barcos de lujo en Miami\" target=\"_self\">\n\t\tAzimut 60 S &#8211; Miami Luxury Boat Rental\n\t\t<\/a>\n\t<\/h3>\n<h2>\n\t\t<a href=\"https:\/\/aquariusboattours.com\/es\/yacht-rentals-miami-fl\/\" title=\"Lo \u00faltimo en alquiler de yates de lujo\" target=\"_self\">\n\t\tLo \u00faltimo en lujo<br \/>Experiencia en alquiler de yates\n\t\t<\/a>\n\t<\/h2>\n\t<p>Rel\u00e1jese con una elegancia atemporal en este incre\u00edble <a href=\"https:\/\/aquariusboattours.com\/es\/\" data-internallinksmanager029f6b8e52c=\"5\" title=\"Alquiler de barcos en Miami\">Alquiler de barcos en Miami<\/a>. Whether you&#8217;re celebrating a special occasion, unwinding with loved ones, or simply treating yourself to a refined escape boating, this is more than just a boat ride in Miami, it&#8217;s a <a href=\"https:\/\/aquariusboattours.com\/es\/\" data-internallinksmanager029f6b8e52c=\"160\" title=\"experiencia n\u00e1utica\">experiencia n\u00e1utica<\/a> en sofisticaci\u00f3n atemporal.<\/p>\n\t<a href=\"https:\/\/buy.stripe.com\/eVabJu4mGdut0GAcQ0\" rel=\"nofollow noopener\" target=\"_blank\">Reservar Azimut 60S Yacht<\/a>\n<h2>\n\t\tReserve un yate de lujo con todo incluido en Miami\n\t<\/h2>\n<h3>\n\t\t\u00bfCu\u00e1nto cuesta alquilar un yate en miami FL?\n\t<\/h3>\n\t\t\t\t<img decoding=\"async\" src=\"https:\/\/aquariusboattours.com\/wp-content\/uploads\/2024\/11\/yacht-rentals-miami-fl-1.jpg\" alt=\"yacht-rentals-miami-fl-1\" itemprop=\"image\" height=\"1294\" width=\"2000\" title=\"yacht-rentals-miami-fl-1\" onerror=\"this.style.display='none'\"  \/>\n<h2>\n\t\tCrucero de 46 pies\n\t<\/h2>\n\t<a href=\"mailto:info@aquariusboatrental.com\">Reserve ahora<\/a>\n\t\t\t\t<img decoding=\"async\" src=\"https:\/\/aquariusboattours.com\/wp-content\/uploads\/2024\/11\/yacht-rentals-miami-fl-2.jpg\" alt=\"yacht-rentals-miami-fl-2\" itemprop=\"image\" height=\"1294\" width=\"2000\" title=\"yacht-rentals-miami-fl-2\" onerror=\"this.style.display='none'\"  \/>\n<h2>\n\t\tAzimut Flybridge de 55 pies\n\t<\/h2>\n\t<a href=\"mailto:info@aquariusboatrental.com\" target=\"_blank\" rel=\"noopener noreferrer\">\n    Reserve ahora\n<\/a>\n\t\t\t\t<img decoding=\"async\" src=\"https:\/\/aquariusboattours.com\/wp-content\/uploads\/2024\/11\/yacht-rentals-miami-fl-6.jpg\" alt=\"yacht-rentals-miami-fl-6\" itemprop=\"image\" height=\"1294\" width=\"2000\" title=\"yacht-rentals-miami-fl-6\" onerror=\"this.style.display='none'\"  \/>\n<h2>\n\t\tAzimut de 60 pies a estrenar\n\t<\/h2>\n\t<a href=\"mailto:info@aquariusboatrental.com\" target=\"_blank\" rel=\"noopener noreferrer\">\n    Reserve ahora\n<\/a>\n<h3>\n\t\tYacht Party &#8211; Yacht Rental Miami &#8211; Miami Yacht Charter\n\t<\/h3>\n\t\t\t\t<img decoding=\"async\" src=\"https:\/\/aquariusboattours.com\/wp-content\/uploads\/2024\/11\/yacht-rentals-miami-fl-3.jpg\" alt=\"yacht-rentals-miami-fl-3\" itemprop=\"image\" height=\"1294\" width=\"2000\" title=\"yacht-rentals-miami-fl-3\" onerror=\"this.style.display='none'\"  \/>\n<h2>\n\t\tSunseeker Predator de 68 pies\n\t<\/h2>\n\t<a href=\"mailto:info@aquariusboatrental.com\">Reserve ahora<\/a>\n\t\t\t\t<img decoding=\"async\" src=\"https:\/\/aquariusboattours.com\/wp-content\/uploads\/2024\/11\/yacht-rentals-miami-fl-4.jpg\" alt=\"yacht-rentals-miami-fl-4\" itemprop=\"image\" height=\"1294\" width=\"2000\" title=\"yacht-rentals-miami-fl-4\" onerror=\"this.style.display='none'\"  \/>\n<h2>\n\t\tSunseeker Predator de 75 pies\n\t<\/h2>\n\t<a href=\"mailto:info@aquariusboatrental.com\" target=\"_blank\" rel=\"noopener noreferrer\">\n    Reserve ahora\n<\/a>\n\t\t\t\t<img decoding=\"async\" src=\"https:\/\/aquariusboattours.com\/wp-content\/uploads\/2024\/11\/yacht-rentals-miami-fl-5.jpg\" alt=\"yacht-rentals-miami-fl-5\" itemprop=\"image\" height=\"1294\" width=\"2000\" title=\"yacht-rentals-miami-fl-5\" onerror=\"this.style.display='none'\"  \/>\n<h2>\n\t\t90 pies Azimut 86S\n\t<\/h2>\n\t<a href=\"mailto:info@aquariusboatrental.com\" target=\"_blank\" rel=\"noopener noreferrer\">\n    Reserve ahora\n<\/a>\n<h3>\n\t\tYacht Party Rental &#8211; Luxury Yacht Rental Miami &#8211; Luxury Yacht Charter Miami\n\t<\/h3>\n\t\t\t\t<img decoding=\"async\" src=\"https:\/\/aquariusboattours.com\/wp-content\/uploads\/2024\/11\/miami-boat.jpg\" alt=\"miami-boat\" itemprop=\"image\" height=\"760\" width=\"960\" title=\"miami-boat\" onerror=\"this.style.display='none'\"  \/>\n<h2>\n\t\t<a href=\"https:\/\/aquariusboattours.com\/es\/boat-charters-miami\/miami-luxury-boat-rental\/\" title=\"Alquiler de barcos en Miami\" target=\"_self\">\n\t\tAlquiler de barcos en Miami\n\t\t<\/a>\n\t<\/h2>\n\t<a href=\"https:\/\/fareharbor.com\/embeds\/book\/aquariusboatrental\/items\/207798\/?full-items=yes&#038;bookable-only=yes&#038;flow=341253\" rel=\"nofollow noopener\" target=\"_blank\">Reserve ahora<\/a>\n\t\t\t\t<img decoding=\"async\" src=\"https:\/\/aquariusboattours.com\/wp-content\/uploads\/2024\/11\/giant-comfort-boat-1.jpg\" alt=\"giant-comfort-boat\" itemprop=\"image\" height=\"760\" width=\"960\" title=\"giant-comfort-boat\" onerror=\"this.style.display='none'\"  \/>\n<h2>\n\t\t<a href=\"https:\/\/aquariusboattours.com\/es\/boat-rentals-and-boat-parties-miami\/gallery-miami-boat-rental\/giant-boat-tour-pictures-miami\/\" title=\"Alquiler de barcos Giant Comfort\" target=\"_self\">\n\t\tAlquiler de barcos Giant Comfort\n\t\t<\/a>\n\t<\/h2>\n\t<a href=\"https:\/\/fareharbor.com\/embeds\/book\/aquariusboatrental\/items\/320763\/?full-items=yes&#038;bookable-only=yes&#038;flow=341253\" target=\"_blank\" rel=\"noopener noreferrer nofollow\">\n    Reserve ahora\n<\/a>\n\t\t\t\t<img decoding=\"async\" src=\"https:\/\/aquariusboattours.com\/wp-content\/uploads\/2024\/11\/luxury-boat.jpg\" alt=\"luxury-boat\" itemprop=\"image\" height=\"760\" width=\"960\" title=\"luxury-boat\" onerror=\"this.style.display='none'\"  \/>\n<h2>\n\t\t<a href=\"https:\/\/aquariusboattours.com\/es\/boat-rentals-and-boat-parties-miami\/what-to-do-on-a-boat\/guided-boat-tours\/\" title=\"Alquiler de barcos de lujo\" target=\"_self\">\n\t\tAlquiler de barcos de lujo\n\t\t<\/a>\n\t<\/h2>\n\t<a href=\"https:\/\/fareharbor.com\/embeds\/book\/aquariusboatrental\/items\/544760\/?full-items=yes&#038;bookable-only=yes&#038;flow=341253\" target=\"_blank\" rel=\"noopener noreferrer nofollow\">\n    Reserve ahora\n<\/a>\n<h3>\n\t\tEXPERIENCIA AQUARIUS\n\t<\/h3>\n<h2>\n\t\tDescripci\u00f3n del alquiler de yates en Miami\n\t<\/h2>\n\t\t\t<a href=\"\" target=\"_self\">\n\t\t\t\t\t\tReservar un Fun Boat\n\t\t\t\t\t<\/a>\n<h3>\n\t\tYacht Tour Miami &#8211; Yacht Cruise Miami &#8211; Yacht Proposal Miami\n\t<\/h3>\n\t\t\t\t\t\t\t\t\t\t<h6 tabindex=\"0\">\u00bfQu\u00e9 puede esperar?<\/h6>\n\t\t\t\t\t<p>Prep\u00e1rese para embarcarse en uno de los <strong>mejor <a href=\"https:\/\/aquariusboattours.com\/es\/boat-rentals-and-boat-parties-miami\/what-to-do-on-a-boat\/miami-boat-parties\/\" data-internallinksmanager029f6b8e52c=\"380\" title=\"fiesta en barco\">fiesta en barco<\/a><\/strong> experiencias acu\u00e1ticas que puede vivir en <strong>Miami<\/strong>\u00a1! Con <strong><a href=\"https:\/\/aquariusboattours.com\/es\/\" data-internallinksmanager029f6b8e52c=\"89\" title=\"Alquiler de barcos y excursiones Aquarius\">Alquiler de barcos y excursiones Aquarius<\/a><\/strong>, s\u00fabete a tu perfecto <strong>privado <a href=\"https:\/\/aquariusboattours.com\/es\/\" data-internallinksmanager029f6b8e52c=\"83\" title=\"excursi\u00f3n en barco\">excursi\u00f3n en barco<\/a><\/strong>, cruising on Miami&#8217;s famous <strong><a href=\"https:\/\/goo.gl\/maps\/EyfAAFsbGHQNnAXh8\" data-internallinksmanager029f6b8e52c=\"102\" title=\"Bah\u00eda de Biscayne Florida\" rel=\"nofollow noopener\" target=\"_blank\">Bah\u00eda de Vizcaya<\/a><\/strong>. Explore la bah\u00eda con su experto capit\u00e1n y divi\u00e9rtase al m\u00e1ximo con nuestras experiencias seguras y divertidas.<br \/>Reserva un <strong>Fiesta en la isla<\/strong>, <strong>crucero por los bancos de arena<\/strong>, <strong>hist\u00f3rico<\/strong> y <strong>visita cultural<\/strong>, <strong>encuentro con la naturaleza<\/strong>.<\/p>\n\t\t\t\t\t\t\t\t\t\t<h6 tabindex=\"0\">\u00bfAd\u00f3nde iremos?<\/h6>\n\t\t\t\t\t<p>Ve donde quieras en la Bah\u00eda<br \/>Don&#8217;t miss out on any experiencing and seeing sandbars, star houses, islands, canals, Oleta Park, Stittsville, Villa Vizcaya, and more. Create your own <strong>fiesta en barco<\/strong> donde t\u00fa eres el jefe Le dices a tu capit\u00e1n d\u00f3nde quieres ir y qu\u00e9 <strong>tipo de experiencia<\/strong> que busca en el agua.  Su capit\u00e1n har\u00e1 exactamente lo que usted diga para crear su <strong><a href=\"https:\/\/aquariusboattours.com\/es\/boat-rentals-and-boat-parties-miami\/what-to-do-on-a-boat\/miami-boat-parties\/\" data-internallinksmanager029f6b8e52c=\"12\" title=\"Fiesta en barco en Miami\">Fiesta en barco en Miami<\/a><\/strong>. Usted est\u00e1 a cargo del buque y <strong>Alquiler de barcos y excursiones Aquarius<\/strong>\u00a0te proporciona todas las herramientas para que te diviertas.<\/p>\n\t\t\t\t\t\t\t\t\t\t<h6 tabindex=\"0\">Normas importantes<\/h6>\n\t\t\t\t\t<ul>\n<li>Descalzo a bordo. Los zapatos se guardar\u00e1n en un compartimento designado de la embarcaci\u00f3n.<\/li>\n<li>Nada de bronceado en spray, curry, vaqueros, etc.<\/li>\n<li>Est\u00e1 prohibido fumar a bordo.<\/li>\n<li>No hay ba\u00f1os a bordo<\/li>\n<li>No glass cups &#8211; bring plastic cups!<\/li>\n<li>La ropa\/toallas nuevas desti\u00f1en al mojarse y pueden causar da\u00f1os importantes en los asientos.<\/li>\n<\/ul>\n\t\t\t\t\t\t\t\t\t\t<h6 tabindex=\"0\">Inclusiones y exclusiones<\/h6>\n\t\t\t\t\t<ul>\n<li>Las toallas y el hielo no est\u00e1n incluidos, incluimos la nevera<\/li>\n<li>Se pueden alquilar equipos de snorkel por $10 por equipo.<\/li>\n<li>Alfombrilla flotante de 3 metros incluida,<\/li>\n<li>Altavoces Bluetooth integrados,<\/li>\n<li>Se incluye todo el equipo de seguridad.<\/li>\n<\/ul>\n\t\t\t\t\t\t\t\t\t\t<h6 tabindex=\"0\">Sin gastos ocultos<\/h6>\n\t\t\t\t\t<ul>\n<li>Please don&#8217;t forget that you have to pay your captain before departure (cash, Zelle, cashapp, Venmo), that&#8217;s the only additional fee after check-out.<\/li>\n<li>La lista de capitanes a elegir se enviar\u00e1 el d\u00eda de la salida o el d\u00eda anterior, nos aseguraremos de reservar para usted el que elija.<\/li>\n<\/ul>\n<h3>\n\t\tNAVEGAR CON AQUARIUS\n\t<\/h3>\n<h2>\n\t\tQu\u00e9 puede hacer en un barco en Miami\n\t<\/h2>\n\t<p>Descubre lo mejor <a href=\"https:\/\/aquariusboattours.com\/es\/\" data-internallinksmanager029f6b8e52c=\"382\" title=\"alquiler de yates\">alquiler de yates<\/a> \u00a1en Miami! Experimente el lujo en el agua con charters privados, <a href=\"https:\/\/aquariusboattours.com\/es\/\" data-internallinksmanager029f6b8e52c=\"91\" title=\"cruceros al atardecer\">cruceros al atardecer<\/a>, and custom tours. Book your Miami <a href=\"https:\/\/aquariusboattours.com\/es\/\" data-internallinksmanager029f6b8e52c=\"383\" title=\"alquiler de yates\">alquiler de yates<\/a> today and make unforgettable memories.<\/p>\n<h2>\n\t\tALQUILER DE BARCOS BYOB\n\t<\/h2>\n<h2>\n\t\t<a href=\"https:\/\/aquariusboattours.com\/es\/\" title=\"Descubra la mejor compa\u00f1\u00eda de alquiler de barcos en Miami\" target=\"_self\">\n\t\tDescubra la mejor compa\u00f1\u00eda de alquiler de barcos en Miami\n\t\t<\/a>\n\t<\/h2>\n\t<p>Tenemos el barco perfecto para usted.<\/p>\n\t\t\t<a href=\"https:\/\/aquariusboattours.com\/es\/\" target=\"_self\">\n\t\t\t\t\t\t\tLos mejores barcos de Miami\n\t\t\t<\/a>\n<h2>\n\t\tVISITA OBLIGADA EN MIAMI\n\t<\/h2>\n<h2>\n\t\t<a href=\"https:\/\/aquariusboattours.com\/es\/celebrity-home-tour\/\" title=\"Casas de famosos\" target=\"_self\">\n\t\tCasas de famosos\n\t\t<\/a>\n\t<\/h2>\n\t\t\t<a href=\"https:\/\/aquariusboattours.com\/es\/celebrity-home-tour\/\" target=\"_self\">\n\t\t\t\t\t\t\tVisitas tur\u00edsticas\n\t\t\t<\/a>\n<h2>\n\t\tEXCLUSIVA AQUARIUS\n\t<\/h2>\n<h2>\n\t\t<a href=\"https:\/\/aquariusboattours.com\/es\/boating-lesson-miami\/\" title=\"Convi\u00e9rtase en un experto\" target=\"_self\">\n\t\tConvi\u00e9rtase en un experto\n\t\t<\/a>\n\t<\/h2>\n\t\t\t<a href=\"https:\/\/aquariusboattours.com\/es\/boating-lesson-miami\/\" target=\"_self\">\n\t\t\t\t\t\t\tClases de navegaci\u00f3n\n\t\t\t<\/a>\n<h2>\n\t\t\u00daNICO\n\t<\/h2>\n<h2>\n\t\t<a href=\"https:\/\/aquariusboattours.com\/es\/best-miami-sandbar-cruises\/\" title=\"Barras de arena\" target=\"_self\">\n\t\tBarras de arena\n\t\t<\/a>\n\t<\/h2>\n\t\t\t<a href=\"https:\/\/aquariusboattours.com\/es\/best-miami-sandbar-cruises\/\" target=\"_self\">\n\t\t\t\t\t\t\tBarco de arena\n\t\t\t<\/a>\n<h2>\n\t\tCELEBRAR CON ESTILO\n\t<\/h2>\n<h2>\n\t\t<a href=\"https:\/\/aquariusboattours.com\/es\/boat-rentals-and-boat-parties-miami\/what-to-do-on-a-boat\/family-friendly-boats\/\" title=\"Familias bienvenidas\" target=\"_self\">\n\t\tFamilias bienvenidas\n\t\t<\/a>\n\t<\/h2>\n\t\t\t<a href=\"https:\/\/aquariusboattours.com\/es\/boat-rentals-and-boat-parties-miami\/what-to-do-on-a-boat\/family-friendly-boats\/\" target=\"_self\">\n\t\t\t\t\t\t\tBarcos familiares\n\t\t\t<\/a>\n<h3>\n\t\tUN SERVICIO DE ATENCI\u00d3N AL CLIENTE DE PRIMERA\n\t<\/h3>\n<h2>\n\t\tPreguntas sobre fiestas en barco en Miami\n\t<\/h2>\n\t<p>Don&#8217;t hesitate to say hi and write to us about your project or event. We will be more than happy to assist you.<\/p>\n<h2>\n\t\tEXPERIENCIA AQUARIUS\n\t<\/h2>\n<h2>\n\t\tPreg\u00fantanos lo que quieras\n\t<\/h2>\n<h3>\n\t\tLOVE OUR BOATS, LOVE OUR PRICES &#8211; MIAMI BOAT RENTAL\n\t<\/h3>\n<h2>\n\t\tAquarius&#8217; Boat Rental Miami Fleet\n\t<\/h2>\n\t<p>Experimente la conducci\u00f3n en <strong>los mejores barcos en Miami<\/strong>, nuestros barcos privados para familias con <strong>alquiler de barcos<\/strong> from South Florida&#8217;s best <strong>alquiler de barcos<\/strong>.<\/p>\n\t\t\t<a href=\"https:\/\/fareharbor.com\/embeds\/book\/aquariusboatrental\/items\/544760\/?full-items=yes&#038;flow=341253\" target=\"_self\" rel=\"nofollow noopener\">\n\t\t\t\t\t\t\tReserve un barco ahora\n\t\t\t\t\t<\/a>","protected":false},"excerpt":{"rendered":"<p>MIAMI YACHT RENTALS YACHT RENTALS MIAMI, FL Luxury Yachts for lower price Azimut 60 S &#8211; Miami Luxury Boat Rental The Ultimate LuxuryYacht Rental Experience Unwind in timeless elegance on this amazing Miami boat rental. Whether you&#8217;re celebrating a special occasion, unwinding with loved ones, or simply treating yourself to a refined escape boating, this&hellip;<\/p>","protected":false},"author":2,"featured_media":25854,"parent":0,"menu_order":0,"comment_status":"closed","ping_status":"closed","template":"","meta":{"footnotes":""},"class_list":["post-25842","page","type-page","status-publish","has-post-thumbnail","hentry"],"_links":{"self":[{"href":"https:\/\/aquariusboattours.com\/es\/wp-json\/wp\/v2\/pages\/25842","targetHints":{"allow":["GET"]}}],"collection":[{"href":"https:\/\/aquariusboattours.com\/es\/wp-json\/wp\/v2\/pages"}],"about":[{"href":"https:\/\/aquariusboattours.com\/es\/wp-json\/wp\/v2\/types\/page"}],"author":[{"embeddable":true,"href":"https:\/\/aquariusboattours.com\/es\/wp-json\/wp\/v2\/users\/2"}],"replies":[{"embeddable":true,"href":"https:\/\/aquariusboattours.com\/es\/wp-json\/wp\/v2\/comments?post=25842"}],"version-history":[{"count":8,"href":"https:\/\/aquariusboattours.com\/es\/wp-json\/wp\/v2\/pages\/25842\/revisions"}],"predecessor-version":[{"id":26139,"href":"https:\/\/aquariusboattours.com\/es\/wp-json\/wp\/v2\/pages\/25842\/revisions\/26139"}],"wp:featuredmedia":[{"embeddable":true,"href":"https:\/\/aquariusboattours.com\/es\/wp-json\/wp\/v2\/media\/25854"}],"wp:attachment":[{"href":"https:\/\/aquariusboattours.com\/es\/wp-json\/wp\/v2\/media?parent=25842"}],"curies":[{"name":"wp","href":"https:\/\/api.w.org\/{rel}","templated":true}]}}