{"id":714,"date":"2023-02-08T14:38:40","date_gmt":"2023-02-08T19:38:40","guid":{"rendered":"https:\/\/live.aquariusboattours.com\/?page_id=714"},"modified":"2024-04-13T17:48:57","modified_gmt":"2024-04-13T21:48:57","slug":"family-friendly-boats","status":"publish","type":"page","link":"https:\/\/aquariusboattours.com\/es\/boat-rentals-and-boat-parties-miami\/what-to-do-on-a-boat\/family-friendly-boats\/","title":{"rendered":"Barcos familiares"},"content":{"rendered":"<h2>\n\t\tWHAT TO DO ON A BOAT IN MIAMI\n\t<\/h2>\n<h1>\n\t\t<a href=\"https:\/\/aquariusboattours.com\/es\/prices-all-included-miami-boat-rental\/\" title=\"FAMILY-FRIENDLY BOATS FOR RENT\" target=\"_self\" rel=\"noopener\">\n\t\tFAMILY-FRIENDLY BOATS FOR RENT\n\t\t<\/a>\n\t<\/h1>\n<h3>\n\t\t<a href=\"https:\/\/aquariusboattours.com\/es\/prices-all-included-miami-boat-rental\/\" title=\"Discover Magic City from the water\" target=\"_blank\" rel=\"noopener\">\n\t\tDiscover Magic City from the water\n\t\t<\/a>\n\t<\/h3>\n<h3>\n\t\tFamily-Friendly Boats\n\t<\/h3>\n\t<p>Miami Boat Experience is a great choice, especially if it&#8217;s a family trip with your children. To help you do just that, we&#8217;ve compiled a list of the best things to do in Miami on a boat with kids. Let the exploring begin.<\/p>\n<h3>\n\t\t<a href=\"https:\/\/aquariusboattours.com\/es\/miami-boat-charters-for-large-groups\/\" title=\"3 horas de alquiler de barco\" target=\"_self\" rel=\"noopener\">\n\t\t3 horas de alquiler de barco\n\t\t<\/a>\n\t<\/h3>\n\t<p>Why three-hour <a href=\"https:\/\/aquariusboattours.com\/es\/\" data-internallinksmanager029f6b8e52c=\"126\" title=\"alquiler de barcos\">alquiler de barcos<\/a> is our best-seller, you might ask?\u00a03 hours is a minimum to enjoy the wonders Aquarius will show you while on the water. And that&#8217;s just where the fun begins.<\/p>\n<h3>\n\t\t<a href=\"https:\/\/aquariusboattours.com\/es\/giant-boat-tour-pictures-miami\/\" title=\"Giant Boats\" target=\"_blank\" rel=\"noopener\">\n\t\tGiant Boats\n\t\t<\/a>\n\t<\/h3>\n\t<p>With more comfort and extraordinary quiet, the giant boat is the perfect boat for any occasion. Welcome aboard our large and reliable vessels.<\/p>\n<h3>\n\t\t<a href=\"https:\/\/aquariusboattours.com\/es\/prices-all-included-miami-boat-rental\/\" title=\"Boat parties\" target=\"_blank\" rel=\"noopener\">\n\t\tBoat parties\n\t\t<\/a>\n\t<\/h3>\n\t<p>Get ready to embark on one of the best <a href=\"https:\/\/aquariusboattours.com\/es\/boat-rentals-and-boat-parties-miami\/what-to-do-on-a-boat\/miami-boat-parties\/\" data-internallinksmanager029f6b8e52c=\"380\" title=\"fiesta en barco\">fiesta en barco<\/a> water experiences you can have in Miami! With <a href=\"https:\/\/aquariusboattours.com\/es\/\" data-internallinksmanager029f6b8e52c=\"89\" title=\"Alquiler de barcos y excursiones Aquarius\">Alquiler de barcos y excursiones Aquarius<\/a>, hop on a perfect private <a href=\"https:\/\/aquariusboattours.com\/es\/\" data-internallinksmanager029f6b8e52c=\"83\" title=\"excursi\u00f3n en barco\">excursi\u00f3n en barco<\/a>, cruising on Miami&#8217;s famous <a href=\"https:\/\/goo.gl\/maps\/EyfAAFsbGHQNnAXh8\" data-internallinksmanager029f6b8e52c=\"102\" title=\"Bah\u00eda de Biscayne Florida\" rel=\"nofollow noopener\" target=\"_blank\">Bah\u00eda de Vizcaya<\/a>. Family-friendly boats for groups.<\/p>\n<h2>\n\t\tNAVEGAR CON AQUARIUS\n\t<\/h2>\n<h2>\n\t\t<a href=\"https:\/\/aquariusboattours.com\/es\/luxury-boat-rental-pictures-miami\/\" title=\"What are the best sellers at Aquarius\" target=\"_self\" rel=\"noopener\">\n\t\tWhat are the best sellers at Aquarius\n\t\t<\/a>\n\t<\/h2>\n\t<p>Discover what people book the most and get inspired! Get lucky and meet some manatees while you&#8217;re onboard and try to spot dolphins and turtles along the way. You can get a private boat ride on Biscayne Bay, one of the greatest bays in the world.<\/p>\n<h2>\n\t\t<a href=\"https:\/\/aquariusboattours.com\/es\/luxury-boat-rental-pictures-miami\/\" title=\"Best sellers:\" target=\"_blank\" rel=\"noopener\">\n\t\tBest sellers:\n\t\t<\/a>\n\t<\/h2>\n\t\t\t\t\t\t\t\t\t\t<h4 tabindex=\"0\">3 horas de alquiler de barco<\/h4>\n\t\t\t\t\t<p>3 horas de paseo en barco es nuestro mejor vendedor en t\u00e9rminos de duraci\u00f3n porque usted tiene tiempo suficiente para explorar los mejores lugares de inter\u00e9s tur\u00edstico en Miami y se puede anclar, nadar, relajarse y fiesta. A menudo nuestros clientes solicitan una extensi\u00f3n, pero 3 horas es sin duda el momento perfecto para empezar.<\/p>\n\t\t\t\t\t\t\t\t\t\t<h4 tabindex=\"0\">Los barcos gigantes<\/h4>\n\t\t\t\t\t<p>Los barcos gigantes son el compromiso perfecto entre comodidad, espacio y precios razonables. Son sin duda nuestros superventas, y por eso poseemos dos de ellos.<\/p>\n\t\t\t\t\t\t\t\t\t\t<h4 tabindex=\"0\">De isla en isla<\/h4>\n\t\t\t\t\t<p>Imagine exploring Miami&#8217;s virgin islands on the bay: crystal clear water, raccoon, manatees, and tropical jungle. Getting this experience in one of the biggest cities in the United States is surreal, but at Aquarius Boat Rental and Tours, we make it happen!<\/p>\n\t\t\t\t\t\t\t\t\t\t<h4 tabindex=\"0\">Visita privada a la casa de un famoso<\/h4>\n\t\t\t\t\t<p>Yes, our guests enjoy having a peak at the rich and famous houses. Renowned worldwide, Miami&#8217;s bay is a concentration of luxury waterfront mansions and celebrity fortresses that you can admire only from a boat. Our captains are trained to give you the best private <a href=\"https:\/\/aquariusboattours.com\/es\/boat-rentals-and-boat-parties-miami\/what-to-do-on-a-boat\/celebrity-home-tour\/\" data-internallinksmanager029f6b8e52c=\"19\" title=\"tour de casas de famosos\">tour de casas de famosos<\/a> \u00a1que jam\u00e1s conseguir\u00e1s!<\/p>\n\t\t\t<a href=\"#\" role=\"button\">\n\t\t\t\t\t\t\tBook Your Miami Best Seller boat ride\n\t\t\t\t\t<\/a>\n\t\t<a href=\"https:\/\/fareharbor.com\/embeds\/book\/aquariusboatrental\/?full-items=yes\" target=\"_blank\" onclick=\"FH.open({&#039;shortname&#039;:&#039;aquariusboatrental&#039;,&#039;view&#039;:&#039;items&#039;,&#039;fallback&#039;:&#039;simple&#039;,&#039;fullItems&#039;:&#039;yes&#039;}); return false;\" rel=\"nofollow noopener\">Reserve ahora en l\u00ednea<\/a>\t\n<h4>\n\t\tHorario de apertura:\n\t<\/h4>\n\t\t\t\t Monday\t\t\t\t\n\t\t\t\t 8:00 AM &#8211; 8:00 PM\t\t\t\t\n\t\t\t\t Tuesday\t\t\t\t\n\t\t\t\t 8:00 AM &#8211; 8:00 PM\t\t\t\t\n\t\t\t\t Wednesday\t\t\t\t\n\t\t\t\t 8:00 AM &#8211; 8:00 PM\t\t\t\t\n\t\t\t\t Thursday\t\t\t\t\n\t\t\t\t 8:00 AM &#8211; 8:00 PM\t\t\t\t\n\t\t\t\t Friday\t\t\t\t\n\t\t\t\t 8:00 AM &#8211; 8:00 PM\t\t\t\t\n\t\t\t\t Saturday\t\t\t\t\n\t\t\t\t 8:00 AM &#8211; 8:00 PM\t\t\t\t\n\t\t\t\t Sunday\t\t\t\t\n\t\t\t\t 8:00 AM &#8211; 8:00 PM\t\t\t\t\n<h2>\n\t\tDISPONIBILIDAD EN DIRECTO\n\t<\/h2>\n<h2>\n\t\tCalendario:\n\t<\/h2>\n\t<script src=\"https:\/\/fareharbor.com\/embeds\/script\/calendar\/aquariusboatrental\/?fallback=simple\"><\/script>\n<h2>\n\t\tLos precios:\n\t<\/h2>\n\t\t\t\t<a href=\"https:\/\/aquariusboattours.com\/wp-content\/uploads\/2024\/04\/Miami-Boat-Rental-Prices.jpg\" target=\"_self\" itemprop=\"url\" rel=\"noopener\">\n\t\t\t\t<img decoding=\"async\" src=\"https:\/\/aquariusboattours.com\/wp-content\/uploads\/2024\/04\/Miami-Boat-Rental-Prices.jpg\" alt=\"prices all included for boat rental in the heart of Miami Beach\" itemprop=\"image\" height=\"1428\" width=\"2000\" title=\"Precios de alquiler de barcos en Miami\" onerror=\"this.style.display='none'\"  \/>\n\t\t\t\t<\/a>\n<h2>\n\t\tSalida desde:\n\t<\/h2>\n\t<iframe src=\"https:\/\/www.google.com\/maps\/embed\/v1\/place?q=Aquarius+boat+rental+and+tours&#038;key=AIzaSyD09zQ9PNDNNy9TadMuzRV_UsPUoWKntt8\" aria-hidden=\"true\"><\/iframe>\n<h2>\n\t\tEL MEJOR ALQUILER DE BARCOS EN MIAMI\n\t<\/h2>\n<h2>\n\t\t<a href=\"https:\/\/aquariusboattours.com\/es\/giant-boat-tour-pictures-miami\/\" title=\"Start planning your Miami Boat Rental\" target=\"_blank\" rel=\"noopener\">\n\t\tStart planning your Miami Boat Rental\n\t\t<\/a>\n\t<\/h2>\n\t<p>Looking for family-friendly <a href=\"https:\/\/aquariusboattours.com\/es\/\" data-internallinksmanager029f6b8e52c=\"115\" title=\"alquiler de barcos\">alquiler de barcos<\/a>? We accept last-minute bookings, we only need a 2-hour notice window, sometimes less. But if you want to guarantee your preferred time, booking ahead is always recommended.<\/p>\n\t\t\t<a href=\"#\" role=\"button\">\n\t\t\t\t\t\t\tAcceda a nuestro calendario de disponibilidad en directo\n\t\t\t\t\t<\/a>\n\t\t<script src=\"https:\/\/fareharbor.com\/embeds\/script\/calendar\/aquariusboatrental\/?fallback=simple\"><\/script>\t\n<h4>\n\t\tWhat we will see\n\t<\/h4>\n\t<p>Discover Miami&#8217;s waterfront in luxury with Aquarius. Our signature <a href=\"https:\/\/aquariusboattours.com\/es\/boat-rentals-and-boat-parties-miami\/what-to-do-on-a-boat\/guided-boat-tours\/\" data-internallinksmanager029f6b8e52c=\"121\" title=\"Visitas guiadas privadas\">Visitas guiadas privadas<\/a> passes the glamourous island homes of Miami&#8217;s rich and famous, including residences on <a href=\"https:\/\/g.co\/kgs\/XYvx5V\" data-internallinksmanager029f6b8e52c=\"112\" title=\"Isla de las Estrellas\" rel=\"nofollow noopener\" target=\"_blank\">Isla de las Estrellas<\/a>, <a href=\"https:\/\/g.co\/kgs\/iUESkd\" data-internallinksmanager029f6b8e52c=\"113\" title=\"Isla Hibiscus\" rel=\"nofollow noopener\" target=\"_blank\">Isla Hibiscus<\/a>, <a href=\"https:\/\/g.co\/kgs\/gLWDKx\" data-internallinksmanager029f6b8e52c=\"119\" title=\"Palm Island\" rel=\"nofollow noopener\" target=\"_blank\">Palm Island<\/a> and more. This highly-rated boat ride is fully customizable and can include an anchor and swim stop at white sand islands. Aquarius offers guests unbeatable views of the dramatic downtown Miami skyline. Departing from <a href=\"https:\/\/www.57ocean.com\/neighborhood\/history-of-millionaires-row\/\" data-internallinksmanager029f6b8e52c=\"120\" title=\"Millionaire&#039;s Row en Miami Beach\" rel=\"nofollow noopener\" target=\"_blank\">Millionaire&#8217;s Row in Miami Beach<\/a>, everyday, by appointment only!<\/p>\n\t\t\t<img decoding=\"async\" loading=\"false\" src=\"https:\/\/aquariusboattours.com\/wp-content\/uploads\/2023\/01\/Fun-Boat-for-rent-in-Miami-6.jpg\" alt=\"Fun Boat Rental Miami\" title=\"\">\t\t\t\n\t\t\t\t<h2>Isla de las Estrellas<\/h2><p>Miami Beach, FL<\/p>\n\t\t\t<img decoding=\"async\" loading=\"false\" src=\"https:\/\/aquariusboattours.com\/wp-content\/uploads\/2023\/01\/Fun-Boat-for-rent-in-Miami-6.jpg\" alt=\"Fun Boat Rental Miami\" title=\"\">\t\t\t\n\t\t\t\t<h2>Isla Monumento<\/h2><p>Miami Beach, FL<\/p>\n\t\t\t<img decoding=\"async\" loading=\"false\" src=\"https:\/\/aquariusboattours.com\/wp-content\/uploads\/2023\/01\/Fun-Boat-for-rent-in-Miami-6.jpg\" alt=\"Fun Boat Rental Miami\" title=\"\">\t\t\t\n\t\t\t\t<h2>Centro de Miami<\/h2><p>Miami, FL<\/p>\n\t\t\t<img decoding=\"async\" loading=\"false\" src=\"https:\/\/aquariusboattours.com\/wp-content\/uploads\/2023\/01\/Fun-Boat-for-rent-in-Miami-6.jpg\" alt=\"Fun Boat Rental Miami\" title=\"\">\t\t\t\n\t\t\t\t<h2>Banco de arena Haulover<\/h2><p>Bal Harbour, FL<\/p>\n\t\t\t\t<a href=\"#\" aria-label=\"previous\" role=\"button\">\n<\/a>\n\t\t\t\t<a href=\"#\" aria-label=\"next\" role=\"button\">\n<\/a>\n\t\t\t<a href=\"#\" role=\"button\">\n\t\t\t\t\t\t\tBook Aquarius&#8217; Best Sellers\n\t\t\t\t\t<\/a>\n\t\t<a href=\"https:\/\/fareharbor.com\/embeds\/book\/aquariusboatrental\/?full-items=yes\" target=\"_blank\" onclick=\"FH.open({&#039;shortname&#039;:&#039;aquariusboatrental&#039;,&#039;view&#039;:&#039;items&#039;,&#039;fallback&#039;:&#039;simple&#039;,&#039;fullItems&#039;:&#039;yes&#039;}); return false;\" rel=\"nofollow noopener\">Reserve ahora en l\u00ednea<\/a>\t\n\t<p>Miami Boat Experience is great choice. If it&#8217;s a family trip with children. Get family-friendly boats for rent from the best family boat rental Company!<\/p>\n<h2>\n\t\tFAMILY-FRIENDLY BOATS &#8211; TOP-NOTCH CUSTOMER SERVICE\n\t<\/h2>\n<h2>\n\t\tEstamos a su disposici\u00f3n\n\t<\/h2>\n\t<p>Explore la experiencia de Aquarius Boat Rental y planifique un paseo en barco inolvidable en Miami.<\/p>\n<h2>\n\t\tPreguntas m\u00e1s frecuentes\n\t<\/h2>\n\t\t\t\t\t\t\t\t\t\t<h4 tabindex=\"0\">What&#8217;s the suggested itinerary?<\/h4>\n\t\t\t\t\t<p>There is no set route you decide where to go, our captains&#8217; favorites are:<\/p>\n<p>&#8211; a trip north to the sandbar, millionaire row, Indian creek Village (usually on 4-hour+ trips)<\/p>\n<p>&#8211; or a trip south: star island, downtown Miami, and the river, the <a href=\"https:\/\/www.miamidade.gov\/portmiami\/\" data-internallinksmanager029f6b8e52c=\"132\" title=\"Puerto de Miami\" rel=\"nofollow noopener\" target=\"_blank\">puerto de Miami<\/a>, <a href=\"https:\/\/www.fisherislandclub.com\/history\" data-internallinksmanager029f6b8e52c=\"133\" title=\"Isla Fisher\" rel=\"nofollow noopener\" target=\"_blank\">isla de pescadores<\/a> \ud83d\ude42 perfecto para 2\/3 horas.<\/p>\n<p>Por supuesto, puedes parar a nadar y disfrutar de la estera en bonitas islas de la bah\u00eda. Si quieres hacer turismo o simplemente poner tu propia m\u00fasica, relajarte o salir de fiesta, depende totalmente de ti \ud83e\udd70.<\/p>\n\t\t\t\t\t\t\t\t\t\t<h4 tabindex=\"0\">What&#8217;s included with my boat rental booking?<\/h4>\n\t\t\t\t\t<ul>\n<li>Incluimos una colchoneta flotante gigante e hinchables gratis<\/li>\n<li>El barco viene con una nevera<\/li>\n<li>Altavoces Bluetooth<\/li>\n<li>Todos los equipos de seguridad<\/li>\n<li>Nuestra amabilidad y sonrisas.<\/li>\n<li>Gasolina, tasa de capit\u00e1n, y los impuestos est\u00e1n incluidos en el precio que se ve en la primera p\u00e1gina.<\/li>\n<\/ul>\n<p>Si desea reservar su\u00a0<strong><a title=\"Alquiler de barcos en Miami\" href=\"https:\/\/aquariusboattours.com\/es\/\">Alquiler de barcos en Miami<\/a><\/strong>\u00a0en l\u00ednea,\u00a0<a title=\"Reserve una excursi\u00f3n en barco privado de alquiler con capit\u00e1n\" href=\"https:\/\/aquariusboattours.com\/es\/reserve-your-boat-tour-check-pricing\/\">pulse aqu\u00ed<\/a>.<\/p>\n\t\t\t\t\t\t\t\t\t\t<h4 tabindex=\"0\">\u00bfQu\u00e9 debemos llevar?<\/h4>\n\t\t\t\t\t<ul>\n<li>Comida y bebida<\/li>\n<li>Toalla<\/li>\n<li>C\u00e1mara<\/li>\n<li>Gafas de sol y sombrero<\/li>\n<li>Llevar ropa c\u00f3moda (\u00a1nada de vaqueros!)<\/li>\n<li>Traje de ba\u00f1o y crema solar (ecorresponsable).<\/li>\n<li>Dinero extra<\/li>\n<\/ul>\n\t\t\t\t\t\t\t\t\t\t<h4 tabindex=\"0\">\u00bfEs segura la navegaci\u00f3n para los beb\u00e9s?<\/h4>\n\t\t\t\t\t<p>Navegar en barco por la bah\u00eda es totalmente seguro para los m\u00e1s peque\u00f1os. Es una actividad apta para ni\u00f1os en Miami. Disfrutan del paseo, de la velocidad e incluso de los saltos al agua para los ni\u00f1os m\u00e1s grandes.<\/p>\n<p>Por supuesto, proporcionamos chalecos salvavidas para beb\u00e9s y ni\u00f1os peque\u00f1os. Los chalecos salvavidas no son obligatorios para los ni\u00f1os mayores de 6 a\u00f1os, pero aun as\u00ed los llevaremos a bordo.<\/p>\n<p>Make sure to let us know how many children will attend if it&#8217;s more than 2 so we can plan ahead.<\/p>\n\t\t\t\t\t\t\t\t\t\t<h4 tabindex=\"0\">\u00bf4 horas es demasiado tiempo?<\/h4>\n\t\t\t\t\t<p>El tiempo pasa r\u00e1pido en un barco, as\u00ed que 4 horas pasar\u00e1n como un abrir y cerrar de ojos. Hay tantas cosas que ver y explorar desde un barco en Miami que 4 horas no son suficientes. Nuestro servicio m\u00e1s vendido es el de 3 horas pero normalmente la gente alarga su viaje a 4 horas.<\/p>\n<h2>\n\t\tContactar con Aquarius\n\t<\/h2>\n\t<p><strong>LOVE OUR BOATS<\/strong>, <strong>LOVE OUR PRICES<\/strong> &#8211; <strong><a href=\"https:\/\/aquariusboattours.com\/es\/\" data-internallinksmanager029f6b8e52c=\"5\" title=\"Alquiler de barcos en Miami\">MIAMI BOAT RENTAL<\/a><\/strong><\/p>\n<h2>\n\t\tAquarius&#8217; Boat Rental Miami Fleet\n\t<\/h2>\n\t<p>Experimente la conducci\u00f3n en <strong>los mejores barcos en Miami<\/strong>, nuestros barcos privados para familias con <strong>alquiler de barcos<\/strong> from South Florida&#8217;s best <strong>alquiler de barcos<\/strong>.<\/p>\n\t\t\t\t<a href=\"https:\/\/aquariusboattours.com\/es\/miami-luxury-boat-rental\/\" target=\"_blank\" rel=\"noopener\" itemprop=\"url\">\n\t\t\t\t<img decoding=\"async\" src=\"https:\/\/aquariusboattours.com\/wp-content\/uploads\/2023\/02\/boat-list-2023-1.png\" alt=\"boat-list-2023-1\" itemprop=\"image\" height=\"1500\" width=\"2000\" title=\"boat-list-2023-1\" onerror=\"this.style.display='none'\"  \/>\n\t\t\t\t<\/a>\n\t\t\t<a href=\"https:\/\/aquariusboattours.com\/es\/boat-rentals-and-boat-parties-miami\/gallery-miami-boat-rental\/luxury-boat-rental-pictures-miami\/\" target=\"_self\" rel=\"noopener\">\n\t\t\t\t\t\t\tCheck pictures\n\t\t\t\t\t<\/a>\n\t\t\t<a href=\"https:\/\/fareharbor.com\/embeds\/book\/aquariusboatrental\/items\/207798\/?full-items=yes&#038;flow=341253\" target=\"_blank\" rel=\"noopener nofollow\">\n\t\t\t\t\t\t\tBook Boat\n\t\t\t\t\t<\/a>\n\t\t\t\t<a href=\"https:\/\/aquariusboattours.com\/es\/miami-boat-charters-for-large-groups\/\" target=\"_blank\" rel=\"noopener\" itemprop=\"url\">\n\t\t\t\t<img decoding=\"async\" src=\"https:\/\/aquariusboattours.com\/wp-content\/uploads\/2023\/02\/6.jpg\" alt=\"Searay For Rent in Miami\" itemprop=\"image\" height=\"1500\" width=\"2000\" title=\"SEARAY FOR RENT MIAMI\" onerror=\"this.style.display='none'\"  \/>\n\t\t\t\t<\/a>\n\t\t\t<a href=\"https:\/\/aquariusboattours.com\/es\/boat-rentals-and-boat-parties-miami\/gallery-miami-boat-rental\/giant-boat-tour-pictures-miami\/\" target=\"_self\" rel=\"noopener\">\n\t\t\t\t\t\t\tCheck pictures\n\t\t\t\t\t<\/a>\n\t\t\t<a href=\"https:\/\/fareharbor.com\/embeds\/book\/aquariusboatrental\/?full-items=yes&#038;flow=1032350\" target=\"_blank\" rel=\"noopener nofollow\">\n\t\t\t\t\t\t\tBook Boat\n\t\t\t\t\t<\/a>\n\t\t\t\t<a href=\"https:\/\/aquariusboattours.com\/es\/luxury-boat-rental-miami-large-boat\/\" target=\"_self\" itemprop=\"url\" rel=\"noopener\">\n\t\t\t\t<img decoding=\"async\" src=\"https:\/\/aquariusboattours.com\/wp-content\/uploads\/2023\/02\/Dynamic-Sport-Boat-to-Rent-in-Miami.png\" alt=\"Dynamic Sport Boat to Rent in Miami\" itemprop=\"image\" height=\"1500\" width=\"2000\" title=\"Speed Sport Boat to Rent in Miami\" onerror=\"this.style.display='none'\"  \/>\n\t\t\t\t<\/a>\n\t\t\t<a href=\"https:\/\/aquariusboattours.com\/es\/boat-rentals-and-boat-parties-miami\/gallery-miami-boat-rental\/\" target=\"_self\" rel=\"noopener\">\n\t\t\t\t\t\t\tCheck pictures\n\t\t\t\t\t<\/a>\n\t\t\t<a href=\"https:\/\/fareharbor.com\/embeds\/book\/aquariusboatrental\/items\/392398\/?full-items=yes&#038;flow=341253\" target=\"_blank\" rel=\"noopener nofollow\">\n\t\t\t\t\t\t\tBook Boat\n\t\t\t\t\t<\/a>\n\t\t\t\t<a href=\"https:\/\/aquariusboattours.com\/es\/luxury-boat-rental-miami-large-boat\/\" target=\"_self\" itemprop=\"url\" rel=\"noopener\">\n\t\t\t\t<img decoding=\"async\" src=\"https:\/\/aquariusboattours.com\/wp-content\/uploads\/2023\/02\/Axopar-available-for-rent-MIami.png\" alt=\"Mega boat for rental miami\" itemprop=\"image\" height=\"1500\" width=\"2000\" title=\"Axopar available for rent MIami\" onerror=\"this.style.display='none'\"  \/>\n\t\t\t\t<\/a>\n\t\t\t<a href=\"https:\/\/aquariusboattours.com\/es\/boat-charters-miami\/miami-rent-a-mega-boat\/\" target=\"_self\" rel=\"noopener\">\n\t\t\t\t\t\t\tCheck pictures\n\t\t\t\t\t<\/a>\n\t\t\t<a href=\"https:\/\/fareharbor.com\/embeds\/book\/aquariusboatrental\/items\/511200\/?full-items=yes&#038;flow=341253\" target=\"_blank\" rel=\"noopener nofollow\">\n\t\t\t\t\t\t\tBook Boat\n\t\t\t\t\t<\/a>","protected":false},"excerpt":{"rendered":"<p>WHAT TO DO ON A BOAT IN MIAMI FAMILY-FRIENDLY BOATS FOR RENT Discover Magic City from the water Family-Friendly Boats Miami Boat Experience is a great choice, especially if it&#8217;s a family trip with your children. To help you do just that, we&#8217;ve compiled a list of the best things to do in Miami on&hellip;<\/p>","protected":false},"author":2,"featured_media":1659,"parent":710,"menu_order":2,"comment_status":"closed","ping_status":"closed","template":"","meta":{"footnotes":""},"class_list":["post-714","page","type-page","status-publish","has-post-thumbnail","hentry"],"_links":{"self":[{"href":"https:\/\/aquariusboattours.com\/es\/wp-json\/wp\/v2\/pages\/714","targetHints":{"allow":["GET"]}}],"collection":[{"href":"https:\/\/aquariusboattours.com\/es\/wp-json\/wp\/v2\/pages"}],"about":[{"href":"https:\/\/aquariusboattours.com\/es\/wp-json\/wp\/v2\/types\/page"}],"author":[{"embeddable":true,"href":"https:\/\/aquariusboattours.com\/es\/wp-json\/wp\/v2\/users\/2"}],"replies":[{"embeddable":true,"href":"https:\/\/aquariusboattours.com\/es\/wp-json\/wp\/v2\/comments?post=714"}],"version-history":[{"count":7,"href":"https:\/\/aquariusboattours.com\/es\/wp-json\/wp\/v2\/pages\/714\/revisions"}],"predecessor-version":[{"id":25106,"href":"https:\/\/aquariusboattours.com\/es\/wp-json\/wp\/v2\/pages\/714\/revisions\/25106"}],"up":[{"embeddable":true,"href":"https:\/\/aquariusboattours.com\/es\/wp-json\/wp\/v2\/pages\/710"}],"wp:featuredmedia":[{"embeddable":true,"href":"https:\/\/aquariusboattours.com\/es\/wp-json\/wp\/v2\/media\/1659"}],"wp:attachment":[{"href":"https:\/\/aquariusboattours.com\/es\/wp-json\/wp\/v2\/media?parent=714"}],"curies":[{"name":"wp","href":"https:\/\/api.w.org\/{rel}","templated":true}]}}