{"id":720,"date":"2023-02-08T14:41:11","date_gmt":"2023-02-08T19:41:11","guid":{"rendered":"https:\/\/live.aquariusboattours.com\/?page_id=720"},"modified":"2024-04-13T17:16:18","modified_gmt":"2024-04-13T21:16:18","slug":"miami-sightseeing-boat-tour","status":"publish","type":"page","link":"https:\/\/aquariusboattours.com\/es\/boat-rentals-and-boat-parties-miami\/what-to-do-on-a-boat\/miami-sightseeing-boat-tour\/","title":{"rendered":"Paseo en barco por Miami"},"content":{"rendered":"<h2>\n\t\tWHAT TO DO ON A BOAT IN MIAMI\n\t<\/h2>\n<h1>\n\t\t<a href=\"https:\/\/aquariusboattours.com\/es\/giant-boat-tour-pictures-miami\/\" title=\"MIAMI SIGHTSEEING BOAT TOUR RENTAL\" target=\"_blank\" rel=\"noopener\">\n\t\tMIAMI SIGHTSEEING BOAT TOUR RENTAL\n\t\t<\/a>\n\t<\/h1>\n<h3>\n\t\t<a href=\"https:\/\/aquariusboattours.com\/es\/prices-all-included-miami-boat-rental\/\" title=\"Explore Miami with our expert captains\" target=\"_blank\" rel=\"noopener\">\n\t\tExplore Miami with our expert captains\n\t\t<\/a>\n\t<\/h3>\n<h2>\n\t\t<a href=\"https:\/\/aquariusboattours.com\/es\/prices-all-included-miami-boat-rental\/\" title=\"WE RECOMMEND\" target=\"_blank\" rel=\"noopener\">\n\t\tWE RECOMMEND\n\t\t<\/a>\n\t<\/h2>\n<h3>\n\t\tFamily Friendly\n\t<\/h3>\n\t<p><a href=\"https:\/\/aquariusboattours.com\/es\/boat-rentals-and-boat-parties-miami\/what-to-do-on-a-boat\/guided-boat-tours\/\" data-internallinksmanager029f6b8e52c=\"173\" title=\"PASEO EN BARCO POR MIAMI\">Paseo en barco por Miami<\/a> is a great choice, especially if it&#8217;s a family trip with your children. To help you do just that, we&#8217;ve compiled a list of the best things to do in Miami on a boat with kids. Let the exploring begin.<\/p>\n<h3>\n\t\t<a href=\"https:\/\/aquariusboattours.com\/es\/miami-boat-charters-for-large-groups\/\" title=\"3 horas de alquiler de barco\" target=\"_self\" rel=\"noopener\">\n\t\t3 horas de alquiler de barco\n\t\t<\/a>\n\t<\/h3>\n\t<p>Why three-hour <a href=\"https:\/\/aquariusboattours.com\/es\/\" data-internallinksmanager029f6b8e52c=\"126\" title=\"alquiler de barcos\">alquiler de barcos<\/a> is our best-seller, you might ask?\u00a03 hours is a minimum to enjoy the wonders Aquarius will show you while on the water. And that&#8217;s just where the fun begins.<\/p>\n<h3>\n\t\t<a href=\"https:\/\/aquariusboattours.com\/es\/giant-boat-tour-pictures-miami\/\" title=\"Giant Boats\" target=\"_blank\" rel=\"noopener\">\n\t\tGiant Boats\n\t\t<\/a>\n\t<\/h3>\n\t<p>With more comfort and extraordinary quiet, the giant boat is the perfect boat for any occasion. Welcome aboard our large and reliable vessels and enjoy the best Miami sightseeing boat tour!<\/p>\n<h3>\n\t\t<a href=\"https:\/\/aquariusboattours.com\/es\/prices-all-included-miami-boat-rental\/\" title=\"Boat parties\" target=\"_blank\" rel=\"noopener\">\n\t\tBoat parties\n\t\t<\/a>\n\t<\/h3>\n\t<p>Get ready to embark on one of the best <a href=\"https:\/\/aquariusboattours.com\/es\/boat-rentals-and-boat-parties-miami\/what-to-do-on-a-boat\/miami-boat-parties\/\" data-internallinksmanager029f6b8e52c=\"380\" title=\"fiesta en barco\">fiesta en barco<\/a> water experiences you can have in Miami! With <a href=\"https:\/\/aquariusboattours.com\/es\/\" data-internallinksmanager029f6b8e52c=\"89\" title=\"Alquiler de barcos y excursiones Aquarius\">Alquiler de barcos y excursiones Aquarius<\/a>, hop on your perfect private boat tour, cruising on Miami&#8217;s famous <a href=\"https:\/\/goo.gl\/maps\/EyfAAFsbGHQNnAXh8\" data-internallinksmanager029f6b8e52c=\"102\" title=\"Bah\u00eda de Biscayne Florida\" rel=\"nofollow noopener\" target=\"_blank\">Bah\u00eda de Vizcaya<\/a>.<\/p>\n<h2>\n\t\tNAVEGAR CON AQUARIUS\n\t<\/h2>\n<h2>\n\t\t<a href=\"https:\/\/aquariusboattours.com\/es\/luxury-boat-rental-pictures-miami\/\" title=\"What are the best sellers at Aquarius\" target=\"_self\" rel=\"noopener\">\n\t\tWhat are the best sellers at Aquarius\n\t\t<\/a>\n\t<\/h2>\n\t<p>A super nice and experienced <strong>boat captain<\/strong> will welcome you onboard at our Marina in <a href=\"https:\/\/www.miamibeachfl.gov\/\" data-internallinksmanager029f6b8e52c=\"128\" title=\"Miami Playa\" rel=\"nofollow noopener\" target=\"_blank\">Miami Playa<\/a>.<\/p>\n<p>Your captain will take you on a tour around the famous Miami islands: <a href=\"https:\/\/g.co\/kgs\/XYvx5V\" data-internallinksmanager029f6b8e52c=\"112\" title=\"Isla de las Estrellas\" rel=\"nofollow noopener\" target=\"_blank\">Isla de las Estrellas<\/a>, <a href=\"https:\/\/g.co\/kgs\/iUESkd\" data-internallinksmanager029f6b8e52c=\"113\" title=\"Isla Hibiscus\" rel=\"nofollow noopener\" target=\"_blank\">Isla Hibiscus<\/a>, <a href=\"https:\/\/g.co\/kgs\/gLWDKx\" data-internallinksmanager029f6b8e52c=\"119\" title=\"Palm Island\" rel=\"nofollow noopener\" target=\"_blank\">Palm Island<\/a>. When we have told you the stories and presented you the homes of the rich and famous, we will head to Flagler Monument Island.<\/p>\n<p>Monument Island has crystal clear waters, a sandy white sand beach, and a breathtaking view of <a href=\"https:\/\/goo.gl\/maps\/sQNTVFkKsoLEsuFc6\" data-internallinksmanager029f6b8e52c=\"109\" title=\"Playa del Sur\" rel=\"nofollow noopener\" target=\"_blank\">Playa del Sur<\/a>, Downtown Miami and Brickell.<\/p>\n<p>There, we will anchor and the captain will install the 12-foot floating mat and some water toys.<\/p>\n<p>For all our tours, you are more than welcome to bring your own alcoholic beverages and, your food for a nice picnic.<\/p>\n<p>Relax and enjoy the most magnificent wildlife and impressive skyline. Nothing to worry about, we are fully licensed, insured and comply with all Police and Coast Guards&#8217; regulations.<\/p>\n<h2>\n\t\t<a href=\"https:\/\/aquariusboattours.com\/es\/luxury-boat-rental-pictures-miami\/\" title=\"Los m\u00e1s vendidos Miami Sightseeing Boat Tour:\" target=\"_blank\" rel=\"noopener\">\n\t\tLos m\u00e1s vendidos Miami Sightseeing Boat Tour:\n\t\t<\/a>\n\t<\/h2>\n\t\t\t\t\t\t\t\t\t\t<h4 tabindex=\"0\">3 horas de alquiler de barco<\/h4>\n\t\t\t\t\t<p>3 horas de paseo en barco es nuestro mejor vendedor en t\u00e9rminos de duraci\u00f3n porque usted tiene tiempo suficiente para explorar los mejores lugares de inter\u00e9s tur\u00edstico en Miami y se puede anclar, nadar, relajarse y fiesta. A menudo nuestros clientes solicitan una extensi\u00f3n, pero 3 horas es sin duda el momento perfecto para empezar.<\/p>\n\t\t\t\t\t\t\t\t\t\t<h4 tabindex=\"0\">Los barcos gigantes<\/h4>\n\t\t\t\t\t<p>Los barcos gigantes son el compromiso perfecto entre comodidad, espacio y precios razonables. Son sin duda nuestros superventas, y por eso poseemos dos de ellos.<\/p>\n\t\t\t\t\t\t\t\t\t\t<h4 tabindex=\"0\">De isla en isla<\/h4>\n\t\t\t\t\t<p>Imagine exploring Miami&#8217;s virgin islands on the bay: crystal clear water, raccoon, manatees, and tropical jungle. Getting this experience in one of the biggest cities in the United States is surreal, but at Aquarius Boat Rental and Tours, we make it happen!<\/p>\n\t\t\t\t\t\t\t\t\t\t<h4 tabindex=\"0\">Visita privada a la casa de un famoso<\/h4>\n\t\t\t\t\t<p>Yes, our guests enjoy having a peak at the rich and famous houses. Renowned worldwide, Miami&#8217;s bay is a concentration of luxury waterfront mansions and celebrity fortresses that you can admire only from a boat. Our captains are trained to give you the best private <a href=\"https:\/\/aquariusboattours.com\/es\/boat-rentals-and-boat-parties-miami\/what-to-do-on-a-boat\/celebrity-home-tour\/\" data-internallinksmanager029f6b8e52c=\"19\" title=\"tour de casas de famosos\">tour de casas de famosos<\/a> \u00a1que jam\u00e1s conseguir\u00e1s!<\/p>\n\t\t\t<a href=\"#\" role=\"button\">\n\t\t\t\t\t\t\tReserve su Excursi\u00f3n Privada en Barco por Miami\n\t\t\t\t\t<\/a>\n\t\t<a href=\"https:\/\/fareharbor.com\/embeds\/book\/aquariusboatrental\/?full-items=yes\" target=\"_blank\" onclick=\"FH.open({&#039;shortname&#039;:&#039;aquariusboatrental&#039;,&#039;view&#039;:&#039;items&#039;,&#039;fallback&#039;:&#039;simple&#039;,&#039;fullItems&#039;:&#039;yes&#039;}); return false;\" rel=\"nofollow noopener\">Reserve ahora en l\u00ednea<\/a>\t\n<h4>\n\t\tHorario de apertura:\n\t<\/h4>\n\t\t\t\t Monday\t\t\t\t\n\t\t\t\t 8:00 AM &#8211; 8:00 PM\t\t\t\t\n\t\t\t\t Tuesday\t\t\t\t\n\t\t\t\t 8:00 AM &#8211; 8:00 PM\t\t\t\t\n\t\t\t\t Wednesday\t\t\t\t\n\t\t\t\t 8:00 AM &#8211; 8:00 PM\t\t\t\t\n\t\t\t\t Thursday\t\t\t\t\n\t\t\t\t 8:00 AM &#8211; 8:00 PM\t\t\t\t\n\t\t\t\t Friday\t\t\t\t\n\t\t\t\t 8:00 AM &#8211; 8:00 PM\t\t\t\t\n\t\t\t\t Saturday\t\t\t\t\n\t\t\t\t 8:00 AM &#8211; 8:00 PM\t\t\t\t\n\t\t\t\t Sunday\t\t\t\t\n\t\t\t\t 8:00 AM &#8211; 8:00 PM\t\t\t\t\n<h2>\n\t\tDISPONIBILIDAD EN DIRECTO\n\t<\/h2>\n<h2>\n\t\tCalendario:\n\t<\/h2>\n\t<script src=\"https:\/\/fareharbor.com\/embeds\/script\/calendar\/aquariusboatrental\/?fallback=simple\"><\/script>\n<h2>\n\t\tLos precios:\n\t<\/h2>\n\t\t\t\t<a href=\"https:\/\/aquariusboattours.com\/wp-content\/uploads\/2024\/04\/Miami-Boat-Rental-Prices.jpg\" target=\"_self\" itemprop=\"url\" rel=\"noopener\">\n\t\t\t\t<img decoding=\"async\" src=\"https:\/\/aquariusboattours.com\/wp-content\/uploads\/2024\/04\/Miami-Boat-Rental-Prices.jpg\" alt=\"prices all included for boat rental in the heart of Miami Beach\" itemprop=\"image\" height=\"1428\" width=\"2000\" title=\"Precios de alquiler de barcos en Miami\" onerror=\"this.style.display='none'\"  \/>\n\t\t\t\t<\/a>\n<h2>\n\t\tSalida desde:\n\t<\/h2>\n\t<iframe src=\"https:\/\/www.google.com\/maps\/embed\/v1\/place?q=Aquarius+boat+rental+and+tours&#038;key=AIzaSyD09zQ9PNDNNy9TadMuzRV_UsPUoWKntt8\" aria-hidden=\"true\"><\/iframe>\n<h2>\n\t\tEL MEJOR ALQUILER DE BARCOS EN MIAMI\n\t<\/h2>\n<h2>\n\t\t<a href=\"https:\/\/aquariusboattours.com\/es\/giant-boat-tour-pictures-miami\/\" title=\"Empiece a planear su excursi\u00f3n en barco por Miami \" target=\"_blank\" rel=\"noopener\">\n\t\tEmpiece a planear su excursi\u00f3n en barco por Miami \n\t\t<\/a>\n\t<\/h2>\n\t<p>We accept last-minute bookings, we only need a 2-hour notice window, sometimes less. But if you want to guarantee your preferred time, booking ahead is always recommended. We look forward to seeing you on a Miami sightseeing boat tour soon!<\/p>\n\t\t\t<a href=\"#\" role=\"button\">\n\t\t\t\t\t\t\tAcceda a nuestro calendario de disponibilidad en directo\n\t\t\t\t\t<\/a>\n\t\t<a href=\"https:\/\/fareharbor.com\/embeds\/book\/aquariusboatrental\/?full-items=yes\" target=\"_blank\" onclick=\"FH.open({&#039;shortname&#039;:&#039;aquariusboatrental&#039;,&#039;view&#039;:&#039;items&#039;,&#039;fallback&#039;:&#039;simple&#039;,&#039;fullItems&#039;:&#039;yes&#039;}); return false;\" rel=\"nofollow noopener\">Reserve ahora en l\u00ednea<\/a>\t\n<h4>\n\t\tQu\u00e9 veremos en Miami Sightseeing Boat Tour\n\t<\/h4>\n\t<p>Discover Miami&#8217;s waterfront in luxury with Aquarius. Our signature <a href=\"https:\/\/aquariusboattours.com\/es\/boat-rentals-and-boat-parties-miami\/what-to-do-on-a-boat\/guided-boat-tours\/\" data-internallinksmanager029f6b8e52c=\"121\" title=\"Visitas guiadas privadas\">Visitas guiadas privadas<\/a> passes the glamourous island homes of Miami&#8217;s rich and famous, including residences on Star Island, Hibiscus Island, Palm Island and more.<\/p>\n<p>Este apreciado paseo en barco es totalmente personalizable y puede incluir una parada para fondear y nadar en islas de arena blanca. Aquarius ofrece a los hu\u00e9spedes unas vistas inmejorables del espectacular horizonte del centro de Miami. Saliendo desde <a href=\"https:\/\/www.57ocean.com\/neighborhood\/history-of-millionaires-row\/\" data-internallinksmanager029f6b8e52c=\"120\" title=\"Millionaire&#039;s Row en Miami Beach\" rel=\"nofollow noopener\" target=\"_blank\">Millionaire&#8217;s Row in Miami Beach<\/a>, Todos los d\u00edas, s\u00f3lo con cita previa.<\/p>\n<p>Start cruising on Miami&#8217;s best sightseeing <a href=\"https:\/\/aquariusboattours.com\/es\/\" data-internallinksmanager029f6b8e52c=\"82\" title=\"excursiones en barco\">excursiones en barco<\/a> en <a href=\"https:\/\/aquariusboattours.com\/es\/\" data-internallinksmanager029f6b8e52c=\"88\" title=\"Aquarius Alquiler de barcos y excursiones\">Aquarius Alquiler de barcos y excursiones<\/a>. Paseo en barco por Miami Biscayne Bay y Miami Beach FL.<\/p>\n\t\t\t<img decoding=\"async\" loading=\"false\" src=\"https:\/\/aquariusboattours.com\/wp-content\/uploads\/2023\/02\/miami-sightseeing-boat-tour-2023-7.jpeg\" alt=\"Miami sightseeing Boat Tour\" title=\"\">\t\t\t\n\t\t\t\t<h2>Isla de las Estrellas<\/h2><p>Miami Beach, FL<\/p>\n\t\t\t<img decoding=\"async\" loading=\"false\" src=\"https:\/\/aquariusboattours.com\/wp-content\/uploads\/2023\/02\/miami-sightseeing-boat-tour-2023-3.jpeg\" alt=\"Miami sightseeing Boat Tour\" title=\"\">\t\t\t\n\t\t\t\t<h2>Isla Monumento<\/h2><p>Miami Beach, FL<\/p>\n\t\t\t<img decoding=\"async\" loading=\"false\" src=\"https:\/\/aquariusboattours.com\/wp-content\/uploads\/2023\/02\/miami-sightseeing-boat-tour-2023-13.jpeg\" alt=\"Book Sightseeing Boat Tour at Aquarius Boat Rental &amp; Tours\" title=\"\">\t\t\t\n\t\t\t\t<h2>Banco de arena Haulover<\/h2><p>Bal Harbour, FL<\/p>\n\t\t\t<img decoding=\"async\" loading=\"false\" src=\"https:\/\/aquariusboattours.com\/wp-content\/uploads\/2023\/02\/miami-sightseeing-boat-tour-2023-10.jpeg\" alt=\"Miami sightseeing Boat Tour\" title=\"\">\t\t\t\n\t\t\t\t<h2>Fila de millonarios<\/h2><p>Miami Beach, FL<\/p>\n\t\t\t\t<a href=\"#\" aria-label=\"previous\" role=\"button\">\n<\/a>\n\t\t\t\t<a href=\"#\" aria-label=\"next\" role=\"button\">\n<\/a>\n\t\t\t<a href=\"#\" role=\"button\">\n\t\t\t\t\t\t\tReservar visita tur\u00edstica privada de Miami\n\t\t\t\t\t<\/a>\n\t\t<a href=\"https:\/\/fareharbor.com\/embeds\/book\/aquariusboatrental\/?full-items=yes\" target=\"_blank\" onclick=\"FH.open({&#039;shortname&#039;:&#039;aquariusboatrental&#039;,&#039;view&#039;:&#039;items&#039;,&#039;fallback&#039;:&#039;simple&#039;,&#039;fullItems&#039;:&#039;yes&#039;}); return false;\" rel=\"nofollow noopener\">Reserve ahora en l\u00ednea<\/a>\t\n<h2>\n\t\tUN SERVICIO DE ATENCI\u00d3N AL CLIENTE DE PRIMERA\n\t<\/h2>\n<h2>\n\t\tEstamos a su disposici\u00f3n\n\t<\/h2>\n\t<p>Explore la experiencia de Aquarius Boat Rental y planifique un paseo en barco inolvidable en Miami.<\/p>\n<h2>\n\t\tPreguntas m\u00e1s frecuentes\n\t<\/h2>\n\t\t\t\t\t\t\t\t\t\t<h4 tabindex=\"0\">What&#8217;s the suggested itinerary?<\/h4>\n\t\t\t\t\t<p>There is no set route you decide where to go, our captains&#8217; favorites are:<\/p>\n<p>&#8211; a trip north to the sandbar, millionaire row, Indian creek Village (usually on 4-hour+ trips)<\/p>\n<p>&#8211; or a trip south: star island, downtown Miami, and the river, the <a href=\"https:\/\/www.miamidade.gov\/portmiami\/\" data-internallinksmanager029f6b8e52c=\"132\" title=\"Puerto de Miami\" rel=\"nofollow noopener\" target=\"_blank\">puerto de Miami<\/a>, <a href=\"https:\/\/www.fisherislandclub.com\/history\" data-internallinksmanager029f6b8e52c=\"133\" title=\"Isla Fisher\" rel=\"nofollow noopener\" target=\"_blank\">isla de pescadores<\/a> \ud83d\ude42 perfecto para 2\/3 horas.<\/p>\n<p>Por supuesto, puedes parar a nadar y disfrutar de la estera en bonitas islas de la bah\u00eda. Si quieres hacer turismo o simplemente poner tu propia m\u00fasica, relajarte o salir de fiesta, depende totalmente de ti \ud83e\udd70.<\/p>\n\t\t\t\t\t\t\t\t\t\t<h4 tabindex=\"0\">What&#8217;s included with my boat rental booking?<\/h4>\n\t\t\t\t\t<ul>\n<li>Incluimos una colchoneta flotante gigante e hinchables gratis<\/li>\n<li>El barco viene con una nevera<\/li>\n<li>Altavoces Bluetooth<\/li>\n<li>Todos los equipos de seguridad<\/li>\n<li>Nuestra amabilidad y sonrisas.<\/li>\n<li>Gasolina, tasa de capit\u00e1n, y los impuestos est\u00e1n incluidos en el precio que se ve en la primera p\u00e1gina.<\/li>\n<\/ul>\n<p>Si desea reservar su\u00a0<strong><a title=\"Alquiler de barcos en Miami\" href=\"https:\/\/aquariusboattours.com\/es\/\">Alquiler de barcos en Miami<\/a><\/strong>\u00a0en l\u00ednea,\u00a0<a title=\"Reserve una excursi\u00f3n en barco privado de alquiler con capit\u00e1n\" href=\"https:\/\/aquariusboattours.com\/es\/reserve-your-boat-tour-check-pricing\/\">pulse aqu\u00ed<\/a>.<\/p>\n\t\t\t\t\t\t\t\t\t\t<h4 tabindex=\"0\">\u00bfQu\u00e9 debemos llevar?<\/h4>\n\t\t\t\t\t<ul>\n<li>Comida y bebida<\/li>\n<li>Toalla<\/li>\n<li>C\u00e1mara<\/li>\n<li>Gafas de sol y sombrero<\/li>\n<li>Llevar ropa c\u00f3moda (\u00a1nada de vaqueros!)<\/li>\n<li>Traje de ba\u00f1o y crema solar (ecorresponsable).<\/li>\n<li>Dinero extra<\/li>\n<\/ul>\n\t\t\t\t\t\t\t\t\t\t<h4 tabindex=\"0\">\u00bfEs segura la navegaci\u00f3n para los beb\u00e9s?<\/h4>\n\t\t\t\t\t<p>Navegar en barco por la bah\u00eda es totalmente seguro para los m\u00e1s peque\u00f1os. Es una actividad apta para ni\u00f1os en Miami. Disfrutan del paseo, de la velocidad e incluso de los saltos al agua para los ni\u00f1os m\u00e1s grandes.<\/p>\n<p>Por supuesto, proporcionamos chalecos salvavidas para beb\u00e9s y ni\u00f1os peque\u00f1os. Los chalecos salvavidas no son obligatorios para los ni\u00f1os mayores de 6 a\u00f1os, pero aun as\u00ed los llevaremos a bordo.<\/p>\n<p>Make sure to let us know how many children will attend if it&#8217;s more than 2 so we can plan ahead.<\/p>\n\t\t\t\t\t\t\t\t\t\t<h4 tabindex=\"0\">\u00bf4 horas es demasiado tiempo?<\/h4>\n\t\t\t\t\t<p>El tiempo pasa r\u00e1pido en un barco, as\u00ed que 4 horas pasar\u00e1n como un abrir y cerrar de ojos. Hay tantas cosas que ver y explorar desde un barco en Miami que 4 horas no son suficientes. Nuestro servicio m\u00e1s vendido es el de 3 horas pero normalmente la gente alarga su viaje a 4 horas.<\/p>\n<h2>\n\t\tContactar con Aquarius\n\t<\/h2>\n\t<p><strong>LOVE OUR BOATS<\/strong>, <strong>LOVE OUR PRICES<\/strong> &#8211; <strong><a href=\"https:\/\/aquariusboattours.com\/es\/\" data-internallinksmanager029f6b8e52c=\"5\" title=\"Alquiler de barcos en Miami\">MIAMI BOAT RENTAL<\/a><\/strong><\/p>\n<h2>\n\t\tAquarius&#8217; Boat Rental Miami Fleet\n\t<\/h2>\n\t<p>Experimente la conducci\u00f3n en <strong>los mejores barcos en Miami<\/strong>, nuestros barcos privados para familias con <strong>alquiler de barcos<\/strong> from South Florida&#8217;s best <strong>alquiler de barcos<\/strong>.<\/p>\n\t\t\t\t<a href=\"https:\/\/aquariusboattours.com\/es\/miami-luxury-boat-rental\/\" target=\"_blank\" rel=\"noopener\" itemprop=\"url\">\n\t\t\t\t<img decoding=\"async\" src=\"https:\/\/aquariusboattours.com\/wp-content\/uploads\/2023\/02\/boat-list-2023-1.png\" alt=\"boat-list-2023-1\" itemprop=\"image\" height=\"1500\" width=\"2000\" title=\"boat-list-2023-1\" onerror=\"this.style.display='none'\"  \/>\n\t\t\t\t<\/a>\n\t\t\t<a href=\"https:\/\/aquariusboattours.com\/es\/boat-rentals-and-boat-parties-miami\/gallery-miami-boat-rental\/luxury-boat-rental-pictures-miami\/\" target=\"_self\" rel=\"noopener\">\n\t\t\t\t\t\t\tCheck pictures\n\t\t\t\t\t<\/a>\n\t\t\t<a href=\"https:\/\/fareharbor.com\/embeds\/book\/aquariusboatrental\/items\/207798\/?full-items=yes&#038;flow=341253\" target=\"_blank\" rel=\"noopener nofollow\">\n\t\t\t\t\t\t\tBook Boat\n\t\t\t\t\t<\/a>\n\t\t\t\t<a href=\"https:\/\/aquariusboattours.com\/es\/miami-boat-charters-for-large-groups\/\" target=\"_blank\" rel=\"noopener\" itemprop=\"url\">\n\t\t\t\t<img decoding=\"async\" src=\"https:\/\/aquariusboattours.com\/wp-content\/uploads\/2023\/02\/6.jpg\" alt=\"Searay For Rent in Miami\" itemprop=\"image\" height=\"1500\" width=\"2000\" title=\"SEARAY FOR RENT MIAMI\" onerror=\"this.style.display='none'\"  \/>\n\t\t\t\t<\/a>\n\t\t\t<a href=\"https:\/\/aquariusboattours.com\/es\/boat-rentals-and-boat-parties-miami\/gallery-miami-boat-rental\/giant-boat-tour-pictures-miami\/\" target=\"_self\" rel=\"noopener\">\n\t\t\t\t\t\t\tCheck pictures\n\t\t\t\t\t<\/a>\n\t\t\t<a href=\"https:\/\/fareharbor.com\/embeds\/book\/aquariusboatrental\/?full-items=yes&#038;flow=1032350\" target=\"_blank\" rel=\"noopener nofollow\">\n\t\t\t\t\t\t\tBook Boat\n\t\t\t\t\t<\/a>\n\t\t\t\t<a href=\"https:\/\/aquariusboattours.com\/es\/luxury-boat-rental-miami-large-boat\/\" target=\"_self\" itemprop=\"url\" rel=\"noopener\">\n\t\t\t\t<img decoding=\"async\" src=\"https:\/\/aquariusboattours.com\/wp-content\/uploads\/2023\/02\/Dynamic-Sport-Boat-to-Rent-in-Miami.png\" alt=\"Dynamic Sport Boat to Rent in Miami\" itemprop=\"image\" height=\"1500\" width=\"2000\" title=\"Speed Sport Boat to Rent in Miami\" onerror=\"this.style.display='none'\"  \/>\n\t\t\t\t<\/a>\n\t\t\t<a href=\"https:\/\/aquariusboattours.com\/es\/boat-rentals-and-boat-parties-miami\/gallery-miami-boat-rental\/\" target=\"_self\" rel=\"noopener\">\n\t\t\t\t\t\t\tCheck pictures\n\t\t\t\t\t<\/a>\n\t\t\t<a href=\"https:\/\/fareharbor.com\/embeds\/book\/aquariusboatrental\/items\/392398\/?full-items=yes&#038;flow=341253\" target=\"_blank\" rel=\"noopener nofollow\">\n\t\t\t\t\t\t\tBook Boat\n\t\t\t\t\t<\/a>\n\t\t\t\t<a href=\"https:\/\/aquariusboattours.com\/es\/luxury-boat-rental-miami-large-boat\/\" target=\"_self\" itemprop=\"url\" rel=\"noopener\">\n\t\t\t\t<img decoding=\"async\" src=\"https:\/\/aquariusboattours.com\/wp-content\/uploads\/2023\/02\/Axopar-available-for-rent-MIami.png\" alt=\"Mega boat for rental miami\" itemprop=\"image\" height=\"1500\" width=\"2000\" title=\"Axopar available for rent MIami\" onerror=\"this.style.display='none'\"  \/>\n\t\t\t\t<\/a>\n\t\t\t<a href=\"https:\/\/aquariusboattours.com\/es\/boat-charters-miami\/miami-rent-a-mega-boat\/\" target=\"_self\" rel=\"noopener\">\n\t\t\t\t\t\t\tCheck pictures\n\t\t\t\t\t<\/a>\n\t\t\t<a href=\"https:\/\/fareharbor.com\/embeds\/book\/aquariusboatrental\/items\/511200\/?full-items=yes&#038;flow=341253\" target=\"_blank\" rel=\"noopener nofollow\">\n\t\t\t\t\t\t\tBook Boat\n\t\t\t\t\t<\/a>","protected":false},"excerpt":{"rendered":"<p>WHAT TO DO ON A BOAT IN MIAMI MIAMI SIGHTSEEING BOAT TOUR RENTAL Explore Miami with our expert captains WE RECOMMEND Family Friendly Miami sightseeing boat tour is a great choice, especially if it&#8217;s a family trip with your children. To help you do just that, we&#8217;ve compiled a list of the best things to&hellip;<\/p>","protected":false},"author":2,"featured_media":1760,"parent":710,"menu_order":5,"comment_status":"closed","ping_status":"closed","template":"","meta":{"footnotes":""},"class_list":["post-720","page","type-page","status-publish","has-post-thumbnail","hentry"],"_links":{"self":[{"href":"https:\/\/aquariusboattours.com\/es\/wp-json\/wp\/v2\/pages\/720","targetHints":{"allow":["GET"]}}],"collection":[{"href":"https:\/\/aquariusboattours.com\/es\/wp-json\/wp\/v2\/pages"}],"about":[{"href":"https:\/\/aquariusboattours.com\/es\/wp-json\/wp\/v2\/types\/page"}],"author":[{"embeddable":true,"href":"https:\/\/aquariusboattours.com\/es\/wp-json\/wp\/v2\/users\/2"}],"replies":[{"embeddable":true,"href":"https:\/\/aquariusboattours.com\/es\/wp-json\/wp\/v2\/comments?post=720"}],"version-history":[{"count":8,"href":"https:\/\/aquariusboattours.com\/es\/wp-json\/wp\/v2\/pages\/720\/revisions"}],"predecessor-version":[{"id":25096,"href":"https:\/\/aquariusboattours.com\/es\/wp-json\/wp\/v2\/pages\/720\/revisions\/25096"}],"up":[{"embeddable":true,"href":"https:\/\/aquariusboattours.com\/es\/wp-json\/wp\/v2\/pages\/710"}],"wp:featuredmedia":[{"embeddable":true,"href":"https:\/\/aquariusboattours.com\/es\/wp-json\/wp\/v2\/media\/1760"}],"wp:attachment":[{"href":"https:\/\/aquariusboattours.com\/es\/wp-json\/wp\/v2\/media?parent=720"}],"curies":[{"name":"wp","href":"https:\/\/api.w.org\/{rel}","templated":true}]}}