{"id":736,"date":"2023-02-08T14:49:15","date_gmt":"2023-02-08T19:49:15","guid":{"rendered":"https:\/\/live.aquariusboattours.com\/?page_id=736"},"modified":"2024-04-13T13:54:46","modified_gmt":"2024-04-13T17:54:46","slug":"proposal-in-miami","status":"publish","type":"page","link":"https:\/\/aquariusboattours.com\/es\/boat-rentals-and-boat-parties-miami\/what-to-do-on-a-boat\/proposal-in-miami\/","title":{"rendered":"Propuesta en Miami"},"content":{"rendered":"<h2>\n\t\tWHAT TO DO ON A BOAT IN MIAMI\n\t<\/h2>\n<h1>\n\t\t<a href=\"https:\/\/aquariusboattours.com\/es\/luxury-boat-rental-pictures-miami\/\" title=\"WEDDING PROPOSAL IN MIAMI\" target=\"_blank\" rel=\"noopener\">\n\t\tWEDDING PROPOSAL IN MIAMI\n\t\t<\/a>\n\t<\/h1>\n<h3>\n\t\t<a href=\"https:\/\/aquariusboattours.com\/es\/prices-all-included-miami-boat-rental\/\" title=\"Pop the question on a boat!\" target=\"_blank\" rel=\"noopener\">\n\t\tPop the question on a boat!\n\t\t<\/a>\n\t<\/h3>\n\t<h2>Plan a Wedding Proposal in Miami with a Splash!<\/h2>\n<p>When you are going to pop the big question, it should be memorable and special. Call <strong><a href=\"https:\/\/aquariusboattours.com\/es\/\" data-internallinksmanager029f6b8e52c=\"89\" title=\"Alquiler de barcos y excursiones Aquarius\">Alquiler de barcos y excursiones Aquarius<\/a><\/strong> today to help <strong>plan the perfect wedding proposal in Miami on a boat<\/strong>. Be different&#8230; Be unique&#8230; Make your proposal in Miami special!<\/p>\n<h3>\n\t\t<a href=\"https:\/\/aquariusboattours.com\/es\/giant-boat-tour-pictures-miami\/\" title=\"Proposal Miami\" target=\"_blank\" rel=\"noopener\">\n\t\tProposal Miami\n\t\t<\/a>\n\t<\/h3>\n\t<p>Indulge in a beautiful setup of your very own romantic boat rental: choose your itinerary, \u00a0your music, your details, your dreams &#8211; the sky is the limit! Where will your imagination take us this time? <a href=\"https:\/\/aquariusboattours.com\/es\/contact-aquarius\/\" data-internallinksmanager029f6b8e52c=\"122\" title=\"Llame a Aquarius Boat Rental and Tours para alquilar barcos\">Ll\u00e1manos<\/a> to help <strong>plan a unique and unforgettable wedding proposal in Miami on a boat<\/strong>!<\/p>\n<h3>\n\t\t<a href=\"https:\/\/aquariusboattours.com\/es\/miami-boat-charters-for-large-groups\/\" title=\"3 horas de alquiler de barco\" target=\"_self\" rel=\"noopener\">\n\t\t3 horas de alquiler de barco\n\t\t<\/a>\n\t<\/h3>\n\t<p>Why three-hour boat rental is our best-seller, you might ask?\u00a03 hours is a minimum to enjoy the wonders Aquarius will show you while on the water. And that&#8217;s just where the fun begins.<\/p>\n<h3>\n\t\t<a href=\"https:\/\/aquariusboattours.com\/es\/giant-boat-tour-pictures-miami\/\" title=\"Giant Boats\" target=\"_blank\" rel=\"noopener\">\n\t\tGiant Boats\n\t\t<\/a>\n\t<\/h3>\n\t<p>With more comfort and extraordinary quiet, the giant boat is the <strong>perfect boat for wedding proposal in Miami<\/strong>. Welcome aboard our large and reliable vessels.<\/p>\n<h3>\n\t\t<a href=\"https:\/\/aquariusboattours.com\/es\/prices-all-included-miami-boat-rental\/\" title=\"Romantic\" target=\"_blank\" rel=\"noopener\">\n\t\tRomantic\n\t\t<\/a>\n\t<\/h3>\n\t<p>Prep\u00e1rese para embarcarse en uno de los <strong>mejor <a href=\"https:\/\/aquariusboattours.com\/es\/boat-rentals-and-boat-parties-miami\/what-to-do-on-a-boat\/miami-boat-parties\/\" data-internallinksmanager029f6b8e52c=\"380\" title=\"fiesta en barco\">fiesta en barco<\/a> water experiences<\/strong> you can have in Miami! With Aquarius Boat Rental and Tours, pop the magic question during your perfect private <a href=\"https:\/\/aquariusboattours.com\/es\/\" data-internallinksmanager029f6b8e52c=\"83\" title=\"excursi\u00f3n en barco\">excursi\u00f3n en barco<\/a>, cruising on Miami&#8217;s famous <a href=\"https:\/\/goo.gl\/maps\/EyfAAFsbGHQNnAXh8\" data-internallinksmanager029f6b8e52c=\"102\" title=\"Bah\u00eda de Biscayne Florida\" rel=\"nofollow noopener\" target=\"_blank\">Bah\u00eda de Vizcaya<\/a> while you do the wedding proposal in Miami surrounded by friends, and family touring by water.<\/p>\n\t\t\t\t\t<img decoding=\"async\" src=\"https:\/\/i.ytimg.com\/vi\/tGLrXQfhKIo\/maxresdefault.jpg\" alt=\"youtube-video-thumbnail\" title=\"\">\n\t\t\t\tSubscribe to our <a href=\"https:\/\/www.youtube.com\/@aquariusboatrental5653\/\" data-internallinksmanager029f6b8e52c=\"103\" title=\"See Aquarius Boat Rentals on YouTube\" rel=\"nofollow noopener\" target=\"_blank\">YouTube<\/a> Channel\n\t\t\t\t\t <!-- Need to be enqueued from someplace else --> \n\t\t<h2>\n\t\tNAVEGAR CON AQUARIUS\n\t<\/h2>\n<h2>\n\t\t<a href=\"https:\/\/aquariusboattours.com\/es\/luxury-boat-rental-pictures-miami\/\" title=\"Wedding proposal on a boat in Miami\" target=\"_blank\" rel=\"noopener\">\n\t\tWedding proposal on a boat in Miami\n\t\t<\/a>\n\t<\/h2>\n\t<p>It&#8217;s almost time to ask for your partner&#8217;s hand in marriage. Congratulations! We&#8217;ve got all the wedding proposal advice and ideas you need to ensure an enthusiastic &#8216;yes.&#8217; Discover proposal trends on a boat, choose the perfect place to pop the question, capture the big moment on camera, and much more with these tips.<\/p>\n<h2>\n\t\t<a href=\"https:\/\/aquariusboattours.com\/es\/luxury-boat-rental-pictures-miami\/\" title=\"What we recommend for the perfect wedding proposal in Miami:\" target=\"_blank\" rel=\"noopener\">\n\t\tWhat we recommend for the perfect wedding proposal in Miami:\n\t\t<\/a>\n\t<\/h2>\n\t\t\t\t\t\t\t\t\t\t<h4 tabindex=\"0\">3 horas de alquiler de barco<\/h4>\n\t\t\t\t\t<p>3-hour boat ride is our best seller in terms of duration because you have enough time to explore the best sightseeing in Miami and you can anchor, swim, relax and party. Oftentimes our guests request an extension but 3-hour is definitely the perfect time to get started.<\/p>\n<p>Plan the best South Florida Wedding Proposal in Miami on a boat at <a href=\"https:\/\/aquariusboattours.com\/es\/\" data-internallinksmanager029f6b8e52c=\"340\" title=\"Aquarius Alquiler de barcos y excursiones\">Aquarius Alquiler de barcos y excursiones<\/a>.<\/p>\n\t\t\t\t\t\t\t\t\t\t<h4 tabindex=\"0\">Los barcos gigantes<\/h4>\n\t\t\t\t\t<p>Los barcos gigantes son el compromiso perfecto entre comodidad, espacio y precios razonables. Son sin duda nuestros superventas, y por eso poseemos dos de ellos.<\/p>\n<p>Perfect for groups to have fun while you perform the perfect wedding proposal in Miami on a luxury boat.<\/p>\n\t\t\t\t\t\t\t\t\t\t<h4 tabindex=\"0\">De isla en isla<\/h4>\n\t\t\t\t\t<p>Imagine exploring Miami&#8217;s virgin islands on the bay: crystal clear water, raccoon, manatees, and tropical jungle. Getting this experience in one of the biggest cities in the United States is surreal, but at Aquarius Boat Rental and Tours, we make it happen!<\/p>\n<p>Pop the question on the island! She can&#8217;t say no! A truly unique wedding proposal in Miami!<\/p>\n\t\t\t\t\t\t\t\t\t\t<h4 tabindex=\"0\">Visita privada a la casa de un famoso<\/h4>\n\t\t\t\t\t<p>Yes, our guests enjoy having a peak at the rich and famous houses. Renowned worldwide, Miami&#8217;s bay is a concentration of luxury waterfront mansions and celebrity fortresses that you can admire only from a boat.<\/p>\n<p>Our captains are trained to give you the best private <a href=\"https:\/\/aquariusboattours.com\/es\/boat-rentals-and-boat-parties-miami\/what-to-do-on-a-boat\/celebrity-home-tour\/\" data-internallinksmanager029f6b8e52c=\"19\" title=\"tour de casas de famosos\">tour de casas de famosos<\/a> \u00a1que jam\u00e1s conseguir\u00e1s!<\/p>\n<p>Toast your champagne glasses while saying your wedding proposal in Miami on a luxury boat cruising by celebrity homes.<\/p>\n\t\t\t<a href=\"#\" role=\"button\">\n\t\t\t\t\t\t\tBook Boat for Wedding Proposal in Miami\n\t\t\t\t\t<\/a>\n\t\t<a href=\"https:\/\/fareharbor.com\/embeds\/book\/aquariusboatrental\/?full-items=yes\" target=\"_blank\" onclick=\"FH.open({&#039;shortname&#039;:&#039;aquariusboatrental&#039;,&#039;view&#039;:&#039;items&#039;,&#039;fallback&#039;:&#039;simple&#039;,&#039;fullItems&#039;:&#039;yes&#039;}); return false;\" rel=\"nofollow noopener\">Reserve ahora en l\u00ednea<\/a>\t\n<h4>\n\t\tHorario de apertura:\n\t<\/h4>\n\t\t\t\t Monday\t\t\t\t\n\t\t\t\t 8:00 AM &#8211; 8:00 PM\t\t\t\t\n\t\t\t\t Tuesday\t\t\t\t\n\t\t\t\t 8:00 AM &#8211; 8:00 PM\t\t\t\t\n\t\t\t\t Wednesday\t\t\t\t\n\t\t\t\t 8:00 AM &#8211; 8:00 PM\t\t\t\t\n\t\t\t\t Thursday\t\t\t\t\n\t\t\t\t 8:00 AM &#8211; 8:00 PM\t\t\t\t\n\t\t\t\t Friday\t\t\t\t\n\t\t\t\t 8:00 AM &#8211; 8:00 PM\t\t\t\t\n\t\t\t\t Saturday\t\t\t\t\n\t\t\t\t 8:00 AM &#8211; 8:00 PM\t\t\t\t\n\t\t\t\t Sunday\t\t\t\t\n\t\t\t\t 8:00 AM &#8211; 8:00 PM\t\t\t\t\n<h2>\n\t\tDISPONIBILIDAD EN DIRECTO\n\t<\/h2>\n<h2>\n\t\tCalendario:\n\t<\/h2>\n\t<script src=\"https:\/\/fareharbor.com\/embeds\/script\/calendar\/aquariusboatrental\/?fallback=simple\"><\/script>\n<h2>\n\t\tLos precios:\n\t<\/h2>\n\t\t\t\t<a href=\"https:\/\/aquariusboattours.com\/wp-content\/uploads\/2024\/04\/Miami-Boat-Rental-Prices.jpg\" target=\"_self\" itemprop=\"url\" rel=\"noopener\">\n\t\t\t\t<img decoding=\"async\" src=\"https:\/\/aquariusboattours.com\/wp-content\/uploads\/2024\/04\/Miami-Boat-Rental-Prices.jpg\" alt=\"prices all included for boat rental in the heart of Miami Beach\" itemprop=\"image\" height=\"1428\" width=\"2000\" title=\"Precios de alquiler de barcos en Miami\" onerror=\"this.style.display='none'\"  \/>\n\t\t\t\t<\/a>\n\t\t\t\t<img decoding=\"async\" src=\"https:\/\/aquariusboattours.com\/wp-content\/uploads\/2023\/02\/proposal-in-miami-2023-8.jpeg\" alt=\"Be Different! Be Bold! Do Miami Wedding Proposal on a Boat! - Proposal Ideas\" itemprop=\"image\" height=\"1280\" width=\"1080\" title=\"Be Different! Be Bold! Do Miami Wedding Proposal on a Boat! - Proposal Ideas\" onerror=\"this.style.display='none'\"  \/>\n<h2>\n\t\tSalida desde:\n\t<\/h2>\n\t<iframe src=\"https:\/\/www.google.com\/maps\/embed\/v1\/place?q=Aquarius+boat+rental+and+tours&#038;key=AIzaSyD09zQ9PNDNNy9TadMuzRV_UsPUoWKntt8\" aria-hidden=\"true\"><\/iframe>\n<h2>\n\t\tEL MEJOR ALQUILER DE BARCOS EN MIAMI\n\t<\/h2>\n<h2>\n\t\t<a href=\"https:\/\/aquariusboattours.com\/es\/giant-boat-tour-pictures-miami\/\" title=\"Start planning your Proposal in Miami\" target=\"_blank\" rel=\"noopener\">\n\t\tStart planning your Proposal in Miami\n\t\t<\/a>\n\t<\/h2>\n\t<p>We accept last-minute bookings, we only need a 2-hour notice window, sometimes less. But if you want to guarantee your preferred time, booking ahead is always recommended.<\/p>\n\t\t\t<a href=\"#\" role=\"button\">\n\t\t\t\t\t\t\tAcceda a nuestro calendario de disponibilidad en directo\n\t\t\t\t\t<\/a>\n\t\t<a href=\"https:\/\/fareharbor.com\/embeds\/book\/aquariusboatrental\/?full-items=yes\" target=\"_blank\" onclick=\"FH.open({&#039;shortname&#039;:&#039;aquariusboatrental&#039;,&#039;view&#039;:&#039;items&#039;,&#039;fallback&#039;:&#039;simple&#039;,&#039;fullItems&#039;:&#039;yes&#039;}); return false;\" rel=\"nofollow noopener\">Reserve ahora en l\u00ednea<\/a>\t\n<h4>\n\t\t<a href=\"https:\/\/aquariusboattours.com\/es\/prices-all-included-miami-boat-rental\/\" title=\"Suggested places to tour\" target=\"_blank\" rel=\"noopener\">\n\t\tSuggested places to tour\n\t\t<\/a>\n\t<\/h4>\n\t<p>Discover Miami&#8217;s waterfront in luxury with Aquarius. Our signature <a href=\"https:\/\/aquariusboattours.com\/es\/boat-rentals-and-boat-parties-miami\/what-to-do-on-a-boat\/guided-boat-tours\/\" data-internallinksmanager029f6b8e52c=\"121\" title=\"Visitas guiadas privadas\">Visitas guiadas privadas<\/a> passes the glamourous island homes of Miami&#8217;s rich and famous, including residences on <a href=\"https:\/\/g.co\/kgs\/XYvx5V\" data-internallinksmanager029f6b8e52c=\"112\" title=\"Isla de las Estrellas\" rel=\"nofollow noopener\" target=\"_blank\">Isla de las Estrellas<\/a>, <a href=\"https:\/\/g.co\/kgs\/iUESkd\" data-internallinksmanager029f6b8e52c=\"113\" title=\"Isla Hibiscus\" rel=\"nofollow noopener\" target=\"_blank\">Isla Hibiscus<\/a>, <a href=\"https:\/\/g.co\/kgs\/gLWDKx\" data-internallinksmanager029f6b8e52c=\"119\" title=\"Palm Island\" rel=\"nofollow noopener\" target=\"_blank\">Palm Island<\/a> y mucho m\u00e1s.<\/p>\n<p>Este apreciado paseo en barco es totalmente personalizable y puede incluir una parada para fondear y nadar en islas de arena blanca. Aquarius ofrece a los hu\u00e9spedes unas vistas inmejorables del espectacular horizonte del centro de Miami. Saliendo desde <a href=\"https:\/\/www.57ocean.com\/neighborhood\/history-of-millionaires-row\/\" data-internallinksmanager029f6b8e52c=\"120\" title=\"Millionaire&#039;s Row en Miami Beach\" rel=\"nofollow noopener\" target=\"_blank\">Millionaire&#8217;s Row in Miami Beach<\/a>, Todos los d\u00edas, s\u00f3lo con cita previa.<\/p>\n<p>Plan your special wedding proposal in Miami on a boat rental from Aquarius for a unique and special occasion.<\/p>\n\t\t\t<img decoding=\"async\" loading=\"false\" src=\"https:\/\/aquariusboattours.com\/wp-content\/uploads\/2023\/02\/best-sellers-2023-21.jpg\" alt=\"Feel Like a Movie Star on Miami Celebrity Home Tours\" title=\"\">\t\t\t\n\t\t\t\t<h2>Isla de las Estrellas<\/h2><p>Miami Beach, FL<\/p>\n\t\t\t<img decoding=\"async\" loading=\"false\" src=\"https:\/\/aquariusboattours.com\/wp-content\/uploads\/2023\/02\/best-sellers-2023-23.jpg\" alt=\"Relax and Pamper Yourself with Friends on a Private Miami BYOB boat tour!\" title=\"\">\t\t\t\n\t\t\t\t<h2>Isla Monumento<\/h2><p>Miami Beach, FL<\/p>\n\t\t\t<img decoding=\"async\" loading=\"false\" src=\"https:\/\/aquariusboattours.com\/wp-content\/uploads\/2023\/02\/best-sellers-2023-17-scaled.jpg\" alt=\"Custom Miami Boat Tours - Tour Islands and Celebrity Homes\" title=\"\">\t\t\t\n\t\t\t\t<h2>Banco de arena Haulover<\/h2><p>Bal Harbour, FL<\/p>\n\t\t\t<img decoding=\"async\" loading=\"false\" src=\"https:\/\/aquariusboattours.com\/wp-content\/uploads\/2023\/02\/best-sellers-2023-25.jpg\" alt=\"Experience a Top-Rated Celebrity Home Tours on Amazing Miami Boats\" title=\"\">\t\t\t\n\t\t\t\t<h2>Fila de millonarios<\/h2><p>Miami Beach, FL<\/p>\n\t\t\t\t<a href=\"#\" aria-label=\"previous\" role=\"button\">\n<\/a>\n\t\t\t\t<a href=\"#\" aria-label=\"next\" role=\"button\">\n<\/a>\n\t\t\t<a href=\"#\" role=\"button\">\n\t\t\t\t\t\t\tBook Aquarius&#8217; Proposal in Miami\n\t\t\t\t\t<\/a>\n\t\t<a href=\"https:\/\/fareharbor.com\/embeds\/book\/aquariusboatrental\/?full-items=yes\" target=\"_blank\" onclick=\"FH.open({&#039;shortname&#039;:&#039;aquariusboatrental&#039;,&#039;view&#039;:&#039;items&#039;,&#039;fallback&#039;:&#039;simple&#039;,&#039;fullItems&#039;:&#039;yes&#039;}); return false;\" rel=\"nofollow noopener\">Reserve ahora en l\u00ednea<\/a>\t\n<h2>\n\t\tUN SERVICIO DE ATENCI\u00d3N AL CLIENTE DE PRIMERA\n\t<\/h2>\n<h2>\n\t\tHere to assist in planning a wedding proposal in Miami on a boat!\n\t<\/h2>\n\t<p>Explore la experiencia de Aquarius Boat Rental y planifique un paseo en barco inolvidable en Miami.<\/p>\n<h2>\n\t\tPreguntas m\u00e1s frecuentes\n\t<\/h2>\n\t\t\t\t\t\t\t\t\t\t<h4 tabindex=\"0\">What&#8217;s the suggested itinerary?<\/h4>\n\t\t\t\t\t<p>There is no set route you decide where to go, our captains&#8217; favorites are:<\/p>\n<p>&#8211; a trip north to the sandbar, millionaire row, Indian creek Village (usually on 4-hour+ trips)<\/p>\n<p>&#8211; or a trip south: star island, downtown Miami, and the river, the <a href=\"https:\/\/www.miamidade.gov\/portmiami\/\" data-internallinksmanager029f6b8e52c=\"132\" title=\"Puerto de Miami\" rel=\"nofollow noopener\" target=\"_blank\">puerto de Miami<\/a>, <a href=\"https:\/\/www.fisherislandclub.com\/history\" data-internallinksmanager029f6b8e52c=\"133\" title=\"Isla Fisher\" rel=\"nofollow noopener\" target=\"_blank\">isla de pescadores<\/a> \ud83d\ude42 perfecto para 2\/3 horas.<\/p>\n<p>Por supuesto, puedes parar a nadar y disfrutar de la estera en bonitas islas de la bah\u00eda. Si quieres hacer turismo o simplemente poner tu propia m\u00fasica, relajarte o salir de fiesta, depende totalmente de ti \ud83e\udd70.<\/p>\n<p>And if performing a wedding proposal in Miami on one of our boats, please make sure to let us know before to help plan a perfect outing.<\/p>\n\t\t\t\t\t\t\t\t\t\t<h4 tabindex=\"0\">What&#8217;s included with my boat rental booking?<\/h4>\n\t\t\t\t\t<ul>\n<li>Incluimos una colchoneta flotante gigante e hinchables gratis<\/li>\n<li>El barco viene con una nevera<\/li>\n<li>Altavoces Bluetooth<\/li>\n<li>Todos los equipos de seguridad<\/li>\n<li>Nuestra amabilidad y sonrisas.<\/li>\n<li>Gasolina, tasa de capit\u00e1n, y los impuestos est\u00e1n incluidos en el precio que se ve en la primera p\u00e1gina.<\/li>\n<\/ul>\n<p>Si desea reservar su\u00a0<strong><a title=\"Alquiler de barcos en Miami\" href=\"https:\/\/aquariusboattours.com\/es\/\">Alquiler de barcos en Miami<\/a><\/strong>\u00a0en l\u00ednea,\u00a0<a title=\"Reserve una excursi\u00f3n en barco privado de alquiler con capit\u00e1n\" href=\"https:\/\/aquariusboattours.com\/es\/reserve-your-boat-tour-check-pricing\/\">pulse aqu\u00ed<\/a>.<\/p>\n\t\t\t\t\t\t\t\t\t\t<h4 tabindex=\"0\">\u00bfQu\u00e9 debemos llevar?<\/h4>\n\t\t\t\t\t<ul>\n<li>Comida y bebida<\/li>\n<li>Toalla<\/li>\n<li>C\u00e1mara<\/li>\n<li>Gafas de sol y sombrero<\/li>\n<li>Llevar ropa c\u00f3moda (\u00a1nada de vaqueros!)<\/li>\n<li>Traje de ba\u00f1o y crema solar (ecorresponsable).<\/li>\n<li>Dinero extra<\/li>\n<\/ul>\n\t\t\t\t\t\t\t\t\t\t<h4 tabindex=\"0\">\u00bfEs segura la navegaci\u00f3n para los beb\u00e9s?<\/h4>\n\t\t\t\t\t<p>Navegar en barco por la bah\u00eda es totalmente seguro para los m\u00e1s peque\u00f1os. Es una actividad apta para ni\u00f1os en Miami. Disfrutan del paseo, de la velocidad e incluso de los saltos al agua para los ni\u00f1os m\u00e1s grandes.<\/p>\n<p>Por supuesto, proporcionamos chalecos salvavidas para beb\u00e9s y ni\u00f1os peque\u00f1os. Los chalecos salvavidas no son obligatorios para los ni\u00f1os mayores de 6 a\u00f1os, pero aun as\u00ed los llevaremos a bordo.<\/p>\n<p>Make sure to let us know how many children will attend if it&#8217;s more than 2 so we can plan ahead.<\/p>\n\t\t\t\t\t\t\t\t\t\t<h4 tabindex=\"0\">\u00bf4 horas es demasiado tiempo?<\/h4>\n\t\t\t\t\t<p>El tiempo pasa r\u00e1pido en un barco, as\u00ed que 4 horas pasar\u00e1n como un abrir y cerrar de ojos. Hay tantas cosas que ver y explorar desde un barco en Miami que 4 horas no son suficientes. Nuestro servicio m\u00e1s vendido es el de 3 horas pero normalmente la gente alarga su viaje a 4 horas.<\/p>\n<h2>\n\t\tContactar con Aquarius\n\t<\/h2>\n\t<p><strong>LOVE OUR BOATS<\/strong>, <strong>LOVE OUR PRICES<\/strong> &#8211; <strong><a href=\"https:\/\/aquariusboattours.com\/es\/\" data-internallinksmanager029f6b8e52c=\"5\" title=\"Alquiler de barcos en Miami\">MIAMI BOAT RENTAL<\/a><\/strong><\/p>\n<h2>\n\t\tAquarius&#8217; Boat Rental Miami Fleet\n\t<\/h2>\n\t<p>Experimente la conducci\u00f3n en <strong>los mejores barcos en Miami<\/strong>, nuestros barcos privados para familias con <strong>alquiler de barcos<\/strong> from South Florida&#8217;s best <strong>alquiler de barcos<\/strong>.<\/p>\n\t\t\t\t<a href=\"https:\/\/aquariusboattours.com\/es\/miami-luxury-boat-rental\/\" target=\"_blank\" rel=\"noopener\" itemprop=\"url\">\n\t\t\t\t<img decoding=\"async\" src=\"https:\/\/aquariusboattours.com\/wp-content\/uploads\/2023\/02\/boat-list-2023-1.png\" alt=\"boat-list-2023-1\" itemprop=\"image\" height=\"1500\" width=\"2000\" title=\"boat-list-2023-1\" onerror=\"this.style.display='none'\"  \/>\n\t\t\t\t<\/a>\n\t\t\t<a href=\"https:\/\/aquariusboattours.com\/es\/boat-rentals-and-boat-parties-miami\/gallery-miami-boat-rental\/luxury-boat-rental-pictures-miami\/\" target=\"_self\" rel=\"noopener\">\n\t\t\t\t\t\t\tCheck pictures\n\t\t\t\t\t<\/a>\n\t\t\t<a href=\"https:\/\/fareharbor.com\/embeds\/book\/aquariusboatrental\/items\/207798\/?full-items=yes&#038;flow=341253\" target=\"_blank\" rel=\"noopener nofollow\">\n\t\t\t\t\t\t\tBook Boat\n\t\t\t\t\t<\/a>\n\t\t\t\t<a href=\"https:\/\/aquariusboattours.com\/es\/miami-boat-charters-for-large-groups\/\" target=\"_blank\" rel=\"noopener\" itemprop=\"url\">\n\t\t\t\t<img decoding=\"async\" src=\"https:\/\/aquariusboattours.com\/wp-content\/uploads\/2023\/02\/6.jpg\" alt=\"Searay For Rent in Miami\" itemprop=\"image\" height=\"1500\" width=\"2000\" title=\"SEARAY FOR RENT MIAMI\" onerror=\"this.style.display='none'\"  \/>\n\t\t\t\t<\/a>\n\t\t\t<a href=\"https:\/\/aquariusboattours.com\/es\/boat-rentals-and-boat-parties-miami\/gallery-miami-boat-rental\/giant-boat-tour-pictures-miami\/\" target=\"_self\" rel=\"noopener\">\n\t\t\t\t\t\t\tCheck pictures\n\t\t\t\t\t<\/a>\n\t\t\t<a href=\"https:\/\/fareharbor.com\/embeds\/book\/aquariusboatrental\/?full-items=yes&#038;flow=1032350\" target=\"_blank\" rel=\"noopener nofollow\">\n\t\t\t\t\t\t\tBook Boat\n\t\t\t\t\t<\/a>\n\t\t\t\t<a href=\"https:\/\/aquariusboattours.com\/es\/luxury-boat-rental-miami-large-boat\/\" target=\"_self\" itemprop=\"url\" rel=\"noopener\">\n\t\t\t\t<img decoding=\"async\" src=\"https:\/\/aquariusboattours.com\/wp-content\/uploads\/2023\/02\/Dynamic-Sport-Boat-to-Rent-in-Miami.png\" alt=\"Dynamic Sport Boat to Rent in Miami\" itemprop=\"image\" height=\"1500\" width=\"2000\" title=\"Speed Sport Boat to Rent in Miami\" onerror=\"this.style.display='none'\"  \/>\n\t\t\t\t<\/a>\n\t\t\t<a href=\"https:\/\/aquariusboattours.com\/es\/boat-rentals-and-boat-parties-miami\/gallery-miami-boat-rental\/\" target=\"_self\" rel=\"noopener\">\n\t\t\t\t\t\t\tCheck pictures\n\t\t\t\t\t<\/a>\n\t\t\t<a href=\"https:\/\/fareharbor.com\/embeds\/book\/aquariusboatrental\/items\/392398\/?full-items=yes&#038;flow=341253\" target=\"_blank\" rel=\"noopener nofollow\">\n\t\t\t\t\t\t\tBook Boat\n\t\t\t\t\t<\/a>\n\t\t\t\t<a href=\"https:\/\/aquariusboattours.com\/es\/luxury-boat-rental-miami-large-boat\/\" target=\"_self\" itemprop=\"url\" rel=\"noopener\">\n\t\t\t\t<img decoding=\"async\" src=\"https:\/\/aquariusboattours.com\/wp-content\/uploads\/2023\/02\/Axopar-available-for-rent-MIami.png\" alt=\"Mega boat for rental miami\" itemprop=\"image\" height=\"1500\" width=\"2000\" title=\"Axopar available for rent MIami\" onerror=\"this.style.display='none'\"  \/>\n\t\t\t\t<\/a>\n\t\t\t<a href=\"https:\/\/aquariusboattours.com\/es\/boat-charters-miami\/miami-rent-a-mega-boat\/\" target=\"_self\" rel=\"noopener\">\n\t\t\t\t\t\t\tCheck pictures\n\t\t\t\t\t<\/a>\n\t\t\t<a href=\"https:\/\/fareharbor.com\/embeds\/book\/aquariusboatrental\/items\/511200\/?full-items=yes&#038;flow=341253\" target=\"_blank\" rel=\"noopener nofollow\">\n\t\t\t\t\t\t\tBook Boat\n\t\t\t\t\t<\/a>","protected":false},"excerpt":{"rendered":"<p>WHAT TO DO ON A BOAT IN MIAMI WEDDING PROPOSAL IN MIAMI Pop the question on a boat! Plan a Wedding Proposal in Miami with a Splash! When you are going to pop the big question, it should be memorable and special. Call Aquarius Boat Rental and Tours today to help plan the perfect wedding&hellip;<\/p>","protected":false},"author":2,"featured_media":1804,"parent":710,"menu_order":13,"comment_status":"closed","ping_status":"closed","template":"","meta":{"footnotes":""},"class_list":["post-736","page","type-page","status-publish","has-post-thumbnail","hentry"],"_links":{"self":[{"href":"https:\/\/aquariusboattours.com\/es\/wp-json\/wp\/v2\/pages\/736","targetHints":{"allow":["GET"]}}],"collection":[{"href":"https:\/\/aquariusboattours.com\/es\/wp-json\/wp\/v2\/pages"}],"about":[{"href":"https:\/\/aquariusboattours.com\/es\/wp-json\/wp\/v2\/types\/page"}],"author":[{"embeddable":true,"href":"https:\/\/aquariusboattours.com\/es\/wp-json\/wp\/v2\/users\/2"}],"replies":[{"embeddable":true,"href":"https:\/\/aquariusboattours.com\/es\/wp-json\/wp\/v2\/comments?post=736"}],"version-history":[{"count":11,"href":"https:\/\/aquariusboattours.com\/es\/wp-json\/wp\/v2\/pages\/736\/revisions"}],"predecessor-version":[{"id":25059,"href":"https:\/\/aquariusboattours.com\/es\/wp-json\/wp\/v2\/pages\/736\/revisions\/25059"}],"up":[{"embeddable":true,"href":"https:\/\/aquariusboattours.com\/es\/wp-json\/wp\/v2\/pages\/710"}],"wp:featuredmedia":[{"embeddable":true,"href":"https:\/\/aquariusboattours.com\/es\/wp-json\/wp\/v2\/media\/1804"}],"wp:attachment":[{"href":"https:\/\/aquariusboattours.com\/es\/wp-json\/wp\/v2\/media?parent=736"}],"curies":[{"name":"wp","href":"https:\/\/api.w.org\/{rel}","templated":true}]}}