{"id":740,"date":"2023-02-08T14:49:43","date_gmt":"2023-02-08T19:49:43","guid":{"rendered":"https:\/\/live.aquariusboattours.com\/?page_id=740"},"modified":"2026-01-25T13:50:26","modified_gmt":"2026-01-25T18:50:26","slug":"bachelorette-parties","status":"publish","type":"page","link":"https:\/\/aquariusboattours.com\/es\/boat-rentals-and-boat-parties-miami\/what-to-do-on-a-boat\/bachelorette-parties\/","title":{"rendered":"Despedidas de soltera"},"content":{"rendered":"<h2>\n\t\t\tWHAT TO DO ON A BOAT IN MIAMI\t<\/h2>\n<h1>\n\t\t<a href=\"https:\/\/aquariusboattours.com\/es\/miami-boat-charters-for-large-groups\/\" title=\"BACHELORETTE PARTY\"  target=\"_blank\"  rel=\"noopener\">\n\t\t\tBACHELORETTE PARTY\t\t<\/a>\n\t<\/h1>\n<h3>\n\t\t<a href=\"https:\/\/aquariusboattours.com\/es\/prices-all-included-miami-boat-rental\/\" title=\"Celebrate the bride on a boat in Miami!\"  target=\"_blank\"  rel=\"noopener\">\n\t\t\tCelebrate the bride on a boat in Miami!\t\t<\/a>\n\t<\/h3>\n<h3>\n\t\t<a href=\"https:\/\/aquariusboattours.com\/es\/prices-all-included-miami-boat-rental\/\" title=\"1 to 10 people\"  target=\"_self\">\n\t\t\t1 to 10 people\t\t<\/a>\n\t<\/h3>\n\t<p>Miami Boat Experience is a great choice, especially if it&#8217;s a family trip with your children. To help you do just that, we&#8217;ve compiled a list of the best things to do in Miami on a boat with kids. Let the exploring begin.<\/p>\n<h3>\n\t\t<a href=\"https:\/\/aquariusboattours.com\/es\/miami-boat-charters-for-large-groups\/\" title=\"Split the payment\"  target=\"_self\">\n\t\t\tSplit the payment\t\t<\/a>\n\t<\/h3>\n\t<p>Acuario <a href=\"https:\/\/aquariusboattours.com\/es\/\" data-internallinksmanager029f6b8e52c=\"126\" title=\"alquiler de barcos\">Alquiler de barcos<\/a> gives you the opportunity to split the payment for your bachelorette party. Tired to run after the other girls for payment? Aquarius makes it easier with our splittable invoices. Don&#8217;t hesitate to submit a special request.<\/p>\n<h3>\n\t\t<a href=\"https:\/\/aquariusboattours.com\/es\/giant-boat-tour-pictures-miami\/\" title=\"Sin gastos ocultos\"  target=\"_blank\"  rel=\"noopener\">\n\t\t\tSin gastos ocultos\t\t<\/a>\n\t<\/h3>\n\t<p>Cansado de llamar <a href=\"https:\/\/aquariusboattours.com\/es\/\" data-internallinksmanager029f6b8e52c=\"209\" title=\"empresas de alquiler de embarcaciones\">empresas de alquiler de embarcaciones<\/a> and hearing about their hidden fees? So are we! Through our values and commitment, we want full pricing transparency for our clients.<\/p>\n<h3>\n\t\t<a href=\"https:\/\/aquariusboattours.com\/es\/prices-all-included-miami-boat-rental\/\" title=\"Lifetime memories\"  target=\"_blank\"  rel=\"noopener\">\n\t\t\tLifetime memories\t\t<\/a>\n\t<\/h3>\n\t<p>Get ready to embark on one of the best <a href=\"https:\/\/aquariusboattours.com\/es\/boat-rentals-and-boat-parties-miami\/what-to-do-on-a-boat\/miami-boat-parties\/\" data-internallinksmanager029f6b8e52c=\"380\" title=\"fiesta en barco\">fiesta en barco<\/a> water experiences you can have in Miami! With <a href=\"https:\/\/aquariusboattours.com\/es\/\" data-internallinksmanager029f6b8e52c=\"89\" title=\"Alquiler de barcos y excursiones Aquarius\">Alquiler de barcos y excursiones Aquarius<\/a>, s\u00fabase a su privado perfecto <a href=\"https:\/\/aquariusboattours.com\/es\/\" data-internallinksmanager029f6b8e52c=\"83\" title=\"excursi\u00f3n en barco\">excursi\u00f3n en barco<\/a>, cruising on Miami&#8217;s famous <a href=\"https:\/\/goo.gl\/maps\/EyfAAFsbGHQNnAXh8\" data-internallinksmanager029f6b8e52c=\"102\" title=\"Bah\u00eda de Biscayne Florida\" rel=\"nofollow noopener\" target=\"_blank\">Bah\u00eda de Vizcaya<\/a>.<\/p>\n<h2>\n\t\t\tNAVEGAR CON AQUARIUS\t<\/h2>\n<h2>\n\t\t<a href=\"https:\/\/aquariusboattours.com\/es\/luxury-boat-rental-pictures-miami\/\" title=\"Why organize your bachelorette with Aquarius\"  target=\"_blank\"  rel=\"noopener\">\n\t\t\tWhy organize your bachelorette with Aquarius\t\t<\/a>\n\t<\/h2>\n\t<p>Are you on the lookout for out-of-the-box <a href=\"https:\/\/www.brides.com\/story\/plan-your-own-bachelorette-party-tips\" data-component=\"link\" data-source=\"inlineLink\" data-type=\"internalLink\" data-ordinal=\"1\" rel=\"nofollow noopener\" target=\"_blank\">despedida de soltera<\/a> inspiration? Aquarius&#8217;s got a few ideas you might not have thought of.<\/p>\n<p>Sure, clubbing in Las Vegas or tipsy traipsing through New Orleans are great, but they&#8217;ve been done. And you don&#8217;t want to throw a boring bachelorette party; you want to throw an <a href=\"https:\/\/www.instagram.com\/aquariusboatrentalmiami\/\" rel=\"nofollow noopener\" target=\"_blank\">Instagram<\/a>-worthy one, a really fun party that the bride will remember. Want to be the favorite person of the bridal party? Organize a fun-filled boat day that strays from the ordinary.<\/p>\n<h2>\n\t\t<a href=\"https:\/\/aquariusboattours.com\/es\/luxury-boat-rental-pictures-miami\/\" title=\"Bachelorette in Miami specials:\" target=\"_blank\" rel=\"noopener\">\n\t\t\tBachelorette in Miami specials:\t\t<\/a>\n\t<\/h2>\n\t\t\t\t\t\t\t\t\t\t<h4 tabindex=\"0\">3 horas de alquiler de barco<\/h4>\n\t\t\t\t\t<p>3 horas de paseo en barco es nuestro mejor vendedor en t\u00e9rminos de duraci\u00f3n porque usted tiene tiempo suficiente para explorar los mejores lugares de inter\u00e9s tur\u00edstico en Miami y se puede anclar, nadar, relajarse y fiesta. A menudo nuestros clientes solicitan una extensi\u00f3n, pero 3 horas es sin duda el momento perfecto para empezar.<\/p>\n\t\t\t\t\t\t\t\t\t\t<h4 tabindex=\"0\">Los barcos gigantes<\/h4>\n\t\t\t\t\t<p>Los barcos gigantes son el compromiso perfecto entre comodidad, espacio y precios razonables. Son sin duda nuestros superventas, y por eso poseemos dos de ellos.<\/p>\n\t\t\t\t\t\t\t\t\t\t<h4 tabindex=\"0\">De isla en isla<\/h4>\n\t\t\t\t\t<p>Imagine exploring Miami&#8217;s virgin islands on the bay: crystal clear water, raccoon, manatees, and tropical jungle. Getting this experience in one of the biggest cities in the United States is surreal, but at Aquarius Boat Rental and Tours, we make it happen!<\/p>\n\t\t\t\t\t\t\t\t\t\t<h4 tabindex=\"0\">Visita privada a la casa de un famoso<\/h4>\n\t\t\t\t\t<p>Yes, our guests enjoy having a peak at the rich and famous houses. Renowned worldwide, Miami&#8217;s bay is a concentration of luxury waterfront mansions and celebrity fortresses that you can admire only from a boat. Our captains are trained to give you the best private <a href=\"https:\/\/aquariusboattours.com\/es\/boat-rentals-and-boat-parties-miami\/what-to-do-on-a-boat\/celebrity-home-tour\/\" data-internallinksmanager029f6b8e52c=\"19\" title=\"tour de casas de famosos\">tour de casas de famosos<\/a> \u00a1que jam\u00e1s conseguir\u00e1s!<\/p>\n\t\t\t<button type=\"button\">\n\t\t\t\t\t\t\tBook Your Miami Best Seller boat ride\n\t\t\t\t\t<\/button>\n\t\t\t<a href=\"https:\/\/fareharbor.com\/embeds\/book\/aquariusboatrental\/?full-items=yes\" target=\"_blank\" onclick=\"FH.open({&#039;shortname&#039;:&#039;aquariusboatrental&#039;,&#039;view&#039;:&#039;items&#039;,&#039;fallback&#039;:&#039;simple&#039;,&#039;fullItems&#039;:&#039;yes&#039;}); return false;\" rel=\"nofollow noopener\">Reserve ahora en l\u00ednea<\/a>\t\t\n<h4>\n\t\t\tHorario de apertura:\t<\/h4>\n\t\t\t\t Monday\t\t\t\t\n\t\t\t\t 8:00 AM &#8211; 8:00 PM\t\t\t\t\n\t\t\t\t Tuesday\t\t\t\t\n\t\t\t\t 8:00 AM &#8211; 8:00 PM\t\t\t\t\n\t\t\t\t Wednesday\t\t\t\t\n\t\t\t\t 8:00 AM &#8211; 8:00 PM\t\t\t\t\n\t\t\t\t Thursday\t\t\t\t\n\t\t\t\t 8:00 AM &#8211; 8:00 PM\t\t\t\t\n\t\t\t\t Friday\t\t\t\t\n\t\t\t\t 8:00 AM &#8211; 8:00 PM\t\t\t\t\n\t\t\t\t Saturday\t\t\t\t\n\t\t\t\t 8:00 AM &#8211; 8:00 PM\t\t\t\t\n\t\t\t\t Sunday\t\t\t\t\n\t\t\t\t 8:00 AM &#8211; 8:00 PM\t\t\t\t\n\t\t\t<button type=\"button\">\n\t\t\t\t\t\t\tSolicitud de fraccionamiento de pago\n\t\t\t\t\t<\/button>\n\t\t\t<a href=\"https:\/\/fareharbor.com\/embeds\/book\/aquariusboatrental\/?full-items=yes\" target=\"_blank\" onclick=\"FH.open({&#039;shortname&#039;:&#039;aquariusboatrental&#039;,&#039;view&#039;:&#039;items&#039;,&#039;fallback&#039;:&#039;simple&#039;,&#039;fullItems&#039;:&#039;yes&#039;}); return false;\" rel=\"nofollow noopener\">Reserve ahora en l\u00ednea<\/a>\t\t\n<h2>\n\t\t\tDISPONIBILIDAD EN DIRECTO\t<\/h2>\n<h2>\n\t\t\tCalendario:\t<\/h2>\n\t<script src=\"https:\/\/fareharbor.com\/embeds\/script\/calendar\/aquariusboatrental\/?fallback=simple\"><\/script>\n<h2>\n\t\t\tLos precios:\t<\/h2>\n<figure id=\"Pricing-for-Miami-Boat-Rental\" itemscope itemtype=\"https:\/\/schema.org\/ImageObject\">\n\t\t\t\t<a href=\"https:\/\/aquariusboattours.com\/wp-content\/uploads\/2025\/02\/AQUARIUSS-FLEET.jpg\" target=\"_self\" itemprop=\"url\">\n\t\t\t\t<img decoding=\"async\" src=\"https:\/\/aquariusboattours.com\/wp-content\/uploads\/2025\/02\/AQUARIUSS-FLEET.jpg\" alt=\"AQUARIUS'S FLEET\" height=\"797\" width=\"1500\" title=\"AQUARIUS'S FLEET\" onerror=\"this.style.display='none'\" loading=\"lazy\" \/>\n\t\t\t\t<\/a>\n\t<\/figure>\n<h2>\n\t\t\tSalida desde:\t<\/h2>\n\t<iframe src=\"https:\/\/www.google.com\/maps\/embed\/v1\/place?q=Aquarius+Boat+Rental+and+Tours%0A&#038;key=AIzaSyD09zQ9PNDNNy9TadMuzRV_UsPUoWKntt8\" aria-hidden=\"true\"><\/iframe>\n<h2>\n\t\t\tEL MEJOR ALQUILER DE BARCOS EN MIAMI\t<\/h2>\n<h2>\n\t\t<a href=\"https:\/\/aquariusboattours.com\/es\/giant-boat-tour-pictures-miami\/\" title=\"Start planning your awesome Bachelorette party\" target=\"_blank\" rel=\"noopener\">\n\t\t\tStart planning your awesome Bachelorette party\t\t<\/a>\n\t<\/h2>\n\t<p>We accept last-minute bookings, we only need a 2-hour notice window, sometimes less. But if you want to guarantee your preferred time, booking ahead is always recommended.<\/p>\n\t\t\t<button type=\"button\">\n\t\t\t\t\t\t\tAcceda a nuestro calendario de disponibilidad en directo\n\t\t\t\t\t<\/button>\n\t\t\t<a href=\"https:\/\/fareharbor.com\/embeds\/book\/aquariusboatrental\/?full-items=yes\" target=\"_blank\" onclick=\"FH.open({&#039;shortname&#039;:&#039;aquariusboatrental&#039;,&#039;view&#039;:&#039;items&#039;,&#039;fallback&#039;:&#039;simple&#039;,&#039;fullItems&#039;:&#039;yes&#039;}); return false;\" rel=\"nofollow noopener\">Reserve ahora en l\u00ednea<\/a>\t\t\n<h4>\n\t\t<a href=\"https:\/\/aquariusboattours.com\/es\/prices-all-included-miami-boat-rental\/\" title=\"Let&#039;s have fun\" target=\"_blank\" rel=\"noopener\">\n\t\t\tLet&#8217;s have fun\t\t<\/a>\n\t<\/h4>\n\t<p>We&#8217;ve got tons of great inspo to help you throw an unforgettable bash that <em>everyone <\/em>will be talking about. Discover Miami&#8217;s waterfront in luxury with Aquarius. o many parties are limited to crowded bars or lounges, so why not give yourself a chance to have fun on the open sea? If you are living or planning to come to Miami, you can <a href=\"https:\/\/aquariusboattours.com\/es\/prices-all-included-miami-boat-rental\/\" data-internallinksmanager029f6b8e52c=\"117\" title=\"alquilar un barco\">alquilar un barco<\/a> from Aquarius for a day and call it &#8220;The Last Sail Before the Veil.&#8221; Bring food, drinks, music, and your swimsuits, and make a party of it! You&#8217;ll get out on the water, soak in some sun, and do something less traditional than a night of clubbing. This highly-rated boat ride is fully customizable and can include an anchor and swim stop at white sand islands. Aquarius offers guests unbeatable views of the dramatic downtown Miami skyline. Departing from <a href=\"https:\/\/www.57ocean.com\/neighborhood\/history-of-millionaires-row\/\" data-internallinksmanager029f6b8e52c=\"120\" title=\"Millionaire&#039;s Row en Miami Beach\" rel=\"nofollow noopener\" target=\"_blank\">Millionaire&#8217;s Row in Miami Beach<\/a>, Todos los d\u00edas, s\u00f3lo con cita previa.<\/p>\n\t\t\t\t\t\t\t<button aria-label=\"previous\" type=\"button\">\n<\/button>\n\t\t\t\t<button aria-label=\"next\" type=\"button\">\n<\/button>\n\t\t<ul>\n\t\t\t\t<li>\n\t\t\t<img decoding=\"async\" loading=\"false\" src=\"https:\/\/aquariusboattours.com\/wp-content\/uploads\/2023\/02\/best-sellers-2023-21.jpg\" alt=\"Feel Like a Movie Star on Miami Celebrity Home Tours\" title=\"\">\t\t\t\n\t\t\t\t<h2>Isla de las Estrellas<\/h2><p>Miami Beach, FL<\/p>\n\t\t<\/li>\n\t\t\t<li>\n\t\t\t<img decoding=\"async\" loading=\"false\" src=\"https:\/\/aquariusboattours.com\/wp-content\/uploads\/2023\/02\/best-sellers-2023-23.jpg\" alt=\"Relax and Pamper Yourself with Friends on a Private Miami BYOB boat tour!\" title=\"\">\t\t\t\n\t\t\t\t<h2>Isla Monumento<\/h2><p>Miami Beach, FL<\/p>\n\t\t<\/li>\n\t\t\t<li>\n\t\t\t<img decoding=\"async\" loading=\"false\" src=\"https:\/\/aquariusboattours.com\/wp-content\/uploads\/2023\/02\/best-sellers-2023-17-scaled.jpg\" alt=\"Custom Miami Boat Tours - Tour Islands and Celebrity Homes\" title=\"\">\t\t\t\n\t\t\t\t<h2>Banco de arena Haulover<\/h2><p>Bal Harbour, FL<\/p>\n\t\t<\/li>\n\t\t\t<li>\n\t\t\t<img decoding=\"async\" loading=\"false\" src=\"https:\/\/aquariusboattours.com\/wp-content\/uploads\/2023\/02\/best-sellers-2023-25.jpg\" alt=\"Experience a Top-Rated Celebrity Home Tours on Amazing Miami Boats\" title=\"\">\t\t\t\n\t\t\t\t<h2>Fila de millonarios<\/h2><p>Miami Beach, FL<\/p>\n\t\t<\/li>\n\t\t<\/ul>\n\t\t\t<button type=\"button\">\n\t\t\t\t\t\t\tBook Aquarius&#8217; Bachelorette Party\n\t\t\t\t\t<\/button>\n\t\t\t<a href=\"https:\/\/fareharbor.com\/embeds\/book\/aquariusboatrental\/?full-items=yes\" target=\"_blank\" onclick=\"FH.open({&#039;shortname&#039;:&#039;aquariusboatrental&#039;,&#039;view&#039;:&#039;items&#039;,&#039;fallback&#039;:&#039;simple&#039;,&#039;fullItems&#039;:&#039;yes&#039;}); return false;\" rel=\"nofollow noopener\">Reserve ahora en l\u00ednea<\/a>\t\t\n<h2>\n\t\t\tUN SERVICIO DE ATENCI\u00d3N AL CLIENTE DE PRIMERA\t<\/h2>\n<h2>\n\t\t\tEstamos a su disposici\u00f3n\t<\/h2>\n\t<p>Explore la experiencia de Aquarius Boat Rental y planifique un paseo en barco inolvidable en Miami.<\/p>\n<h2>\n\t\t\tPreguntas m\u00e1s frecuentes\t<\/h2>\n\t\t\t\t\t\t\t\t\t\t<h4 tabindex=\"0\">What&#8217;s the suggested itinerary?<\/h4>\n\t\t\t\t\t<p>There is no set route you decide where to go, our captains&#8217; favorites are:<\/p>\n<p>&#8211; a trip north to the sandbar, millionaire row, Indian creek Village (usually on 4-hour+ trips)<\/p>\n<p>&#8211; or a trip south: <a href=\"https:\/\/g.co\/kgs\/XYvx5V\" data-internallinksmanager029f6b8e52c=\"112\" title=\"Isla de las Estrellas\" rel=\"nofollow noopener\" target=\"_blank\">star island<\/a>, downtown Miami, and the river, the <a href=\"https:\/\/www.miamidade.gov\/portmiami\/\" data-internallinksmanager029f6b8e52c=\"132\" title=\"Puerto de Miami\" rel=\"nofollow noopener\" target=\"_blank\">puerto de Miami<\/a>, <a href=\"https:\/\/www.fisherislandclub.com\/history\" data-internallinksmanager029f6b8e52c=\"133\" title=\"Isla Fisher\" rel=\"nofollow noopener\" target=\"_blank\">isla de pescadores<\/a> \ud83d\ude42 perfecto para 2\/3 horas.<\/p>\n<p>Por supuesto, puedes parar a nadar y disfrutar de la estera en bonitas islas de la bah\u00eda. Si quieres hacer turismo o simplemente poner tu propia m\u00fasica, relajarte o salir de fiesta, depende totalmente de ti \ud83e\udd70.<\/p>\n\t\t\t\t\t\t\t\t\t\t<h4 tabindex=\"0\">What&#8217;s included with my boat rental booking?<\/h4>\n\t\t\t\t\t<ul>\n<li>Incluimos una colchoneta flotante gigante e hinchables gratis<\/li>\n<li>El barco viene con una nevera<\/li>\n<li>Altavoces Bluetooth<\/li>\n<li>Todos los equipos de seguridad<\/li>\n<li>Nuestra amabilidad y sonrisas.<\/li>\n<li>Gasolina, tasa de capit\u00e1n, y los impuestos est\u00e1n incluidos en el precio que se ve en la primera p\u00e1gina.<\/li>\n<\/ul>\n<p>Si desea reservar su\u00a0<strong><a title=\"Alquiler de barcos en Miami\" href=\"https:\/\/aquariusboattours.com\/es\/\">Alquiler de barcos en Miami<\/a><\/strong>\u00a0en l\u00ednea,\u00a0<a title=\"Reserve una excursi\u00f3n en barco privado de alquiler con capit\u00e1n\" href=\"https:\/\/aquariusboattours.com\/es\/reserve-your-boat-tour-check-pricing\/\">pulse aqu\u00ed<\/a>.<\/p>\n\t\t\t\t\t\t\t\t\t\t<h4 tabindex=\"0\">\u00bfQu\u00e9 debemos llevar?<\/h4>\n\t\t\t\t\t<ul>\n<li>Comida y bebida<\/li>\n<li>Toalla<\/li>\n<li>C\u00e1mara<\/li>\n<li>Gafas de sol y sombrero<\/li>\n<li>Llevar ropa c\u00f3moda (\u00a1nada de vaqueros!)<\/li>\n<li>Traje de ba\u00f1o y crema solar (ecorresponsable).<\/li>\n<li>Dinero extra<\/li>\n<\/ul>\n\t\t\t\t\t\t\t\t\t\t<h4 tabindex=\"0\">Is boating safe?<\/h4>\n\t\t\t\t\t<p>Boating in the bay is totally safe for everyone! We make it even safer because we include a captain.<\/p>\n\t\t\t\t\t\t\t\t\t\t<h4 tabindex=\"0\">\u00bf4 horas es demasiado tiempo?<\/h4>\n\t\t\t\t\t<p>El tiempo pasa r\u00e1pido en un barco, as\u00ed que 4 horas pasar\u00e1n como un abrir y cerrar de ojos. Hay tantas cosas que ver y explorar desde un barco en Miami que 4 horas no son suficientes. Nuestro servicio m\u00e1s vendido es el de 3 horas pero normalmente la gente alarga su viaje a 4 horas.<\/p>\n<h2>\n\t\t<a href=\"https:\/\/aquariusboattours.com\/es\/luxury-boat-rental-pictures-miami\/\" title=\"Contact Aquarius or request to split payment\" target=\"_self\">\n\t\t\tContact Aquarius or request to split payment\t\t<\/a>\n\t<\/h2>\n<h3>\n\t\t\tLOVE OUR BOATS, LOVE OUR PRICES &#8211; MIAMI BOAT RENTAL\t<\/h3>\n<h2>\n\t\t\tAquarius&#8217; Boat Rental Miami Fleet\t<\/h2>\n\t<p>Experimente la conducci\u00f3n en <strong>los mejores barcos en Miami<\/strong>, nuestros barcos privados para familias con <strong>alquiler de barcos<\/strong> from South Florida&#8217;s best <strong>alquiler de barcos<\/strong>.<\/p>\n\t\t\t<a href=\"https:\/\/fareharbor.com\/embeds\/book\/aquariusboatrental\/items\/544760\/?full-items=yes&#038;flow=341253\" target=\"_self\" rel=\"nofollow noopener\">\n\t\t\t\t\t\t\tReserve un barco ahora\n\t\t\t\t\t<\/a>","protected":false},"excerpt":{"rendered":"<p>WHAT TO DO ON A BOAT IN MIAMI BACHELORETTE PARTY Celebrate the bride on a boat in Miami! 1 to 10 people Miami Boat Experience is a great choice, especially if it&#8217;s a family trip with your children. To help you do just that, we&#8217;ve compiled a list of the best things to do in&hellip;<\/p>","protected":false},"author":2,"featured_media":1747,"parent":710,"menu_order":15,"comment_status":"closed","ping_status":"closed","template":"","meta":{"footnotes":""},"class_list":["post-740","page","type-page","status-publish","has-post-thumbnail","hentry"],"_links":{"self":[{"href":"https:\/\/aquariusboattours.com\/es\/wp-json\/wp\/v2\/pages\/740","targetHints":{"allow":["GET"]}}],"collection":[{"href":"https:\/\/aquariusboattours.com\/es\/wp-json\/wp\/v2\/pages"}],"about":[{"href":"https:\/\/aquariusboattours.com\/es\/wp-json\/wp\/v2\/types\/page"}],"author":[{"embeddable":true,"href":"https:\/\/aquariusboattours.com\/es\/wp-json\/wp\/v2\/users\/2"}],"replies":[{"embeddable":true,"href":"https:\/\/aquariusboattours.com\/es\/wp-json\/wp\/v2\/comments?post=740"}],"version-history":[{"count":8,"href":"https:\/\/aquariusboattours.com\/es\/wp-json\/wp\/v2\/pages\/740\/revisions"}],"predecessor-version":[{"id":26742,"href":"https:\/\/aquariusboattours.com\/es\/wp-json\/wp\/v2\/pages\/740\/revisions\/26742"}],"up":[{"embeddable":true,"href":"https:\/\/aquariusboattours.com\/es\/wp-json\/wp\/v2\/pages\/710"}],"wp:featuredmedia":[{"embeddable":true,"href":"https:\/\/aquariusboattours.com\/es\/wp-json\/wp\/v2\/media\/1747"}],"wp:attachment":[{"href":"https:\/\/aquariusboattours.com\/es\/wp-json\/wp\/v2\/media?parent=740"}],"curies":[{"name":"wp","href":"https:\/\/api.w.org\/{rel}","templated":true}]}}