{"id":748,"date":"2023-02-08T14:50:48","date_gmt":"2023-02-08T19:50:48","guid":{"rendered":"https:\/\/live.aquariusboattours.com\/?page_id=748"},"modified":"2024-04-13T17:54:48","modified_gmt":"2024-04-13T21:54:48","slug":"best-practices-for-boat-renters","status":"publish","type":"page","link":"https:\/\/aquariusboattours.com\/es\/boat-rentals-and-boat-parties-miami\/prepare-for-your-boat-rental\/best-practices-for-boat-renters\/","title":{"rendered":"Buenas pr\u00e1cticas para los arrendatarios de embarcaciones"},"content":{"rendered":"<h2>\n\t\t<a href=\"https:\/\/aquariusboattours.com\/es\/luxury-boat-rental-pictures-miami\/\" title=\"PREPARE FOR YOUR BOAT RENTAL\" target=\"_blank\" rel=\"noopener\">\n\t\tPREPARE FOR YOUR BOAT RENTAL\n\t\t<\/a>\n\t<\/h2>\n<h1>\n\t\t<a href=\"https:\/\/aquariusboattours.com\/es\/luxury-giant-boat-pictures-miami\/\" title=\"BEST PRACTICES FOR BOAT RENTERS\" target=\"_blank\" rel=\"noopener\">\n\t\tBEST PRACTICES FOR BOAT RENTERS\n\t\t<\/a>\n\t<\/h1>\n<h3>\n\t\t<a href=\"https:\/\/aquariusboattours.com\/es\/prices-all-included-miami-boat-rental\/\" title=\"Become a seasoned sailor with Aquarius!\" target=\"_blank\" rel=\"noopener\">\n\t\tBecome a seasoned sailor with Aquarius!\n\t\t<\/a>\n\t<\/h3>\n<h2>\n\t\t<a href=\"https:\/\/aquariusboattours.com\/es\/giant-boat-tour-pictures-miami\/\" title=\"GET READY FOR YOUR BOAT RENTAL\" target=\"_blank\" rel=\"noopener\">\n\t\tGET READY FOR YOUR BOAT RENTAL\n\t\t<\/a>\n\t<\/h2>\n<h2>\n\t\t<a href=\"https:\/\/aquariusboattours.com\/es\/luxury-boat-rental-pictures-miami\/\" title=\"First-Time Boating Tips for New Boaters\" target=\"_blank\" rel=\"noopener\">\n\t\tFirst-Time Boating Tips for New Boaters\n\t\t<\/a>\n\t<\/h2>\n\t<p>If you just rented a boat from Aquarius, considering renting one, or tagging along on a friend&#8217;s boat, we have some good news for you: on top of being the best fun you will ever have, <a href=\"https:\/\/aquariusboattours.com\/es\/5-health-benefits-of-boating\/\" data-gtm-tracking=\"Navigation - research has proven that boating is good for your health and mind - Inline\">research has proven that boating is good for your health and mind<\/a>. But just like any new experience, someone who&#8217;s not an experienced boater may have a bit of anxiety over casting off the lines for the first time. Never fear, dear new-to-boating boater-Aquarius is here to help!<\/p>\n<p>Here are some tips that will help ensure your first time out on a boat is a fun, safe, and memorable experience.<\/p>\n<p>First and foremost, we can&#8217;t repeat this enough: <strong>play it safe<\/strong>! Although boating is an incredibly low-risk activity, like anything, the fun stops right away if someone gets hurt. Watch some videos or visit our Boating Safety Page to know all the equipment you will have included with your <a href=\"https:\/\/aquariusboattours.com\/es\/\" data-internallinksmanager029f6b8e52c=\"126\" title=\"alquiler de barcos\">alquiler de barcos<\/a> and how to use them. Don&#8217;t do any crazy drinking or stunts while the boat is underway and everything will be fine. Also,<strong> if you are a non-swimmer, we strongly recommend that you inform your captain<\/strong> so he can point out the areas where it is safe for you to be in the water. The sandbars for instance have a very strong current and are not recommended if you don&#8217;t know how to swim. Instead, we will bring you to a cove or an island.<\/p>\n<p>With the safety stuff out of the way, prepare yourself to have some serious fun. Find out which sorts of activities are likely to be loved by the entire family or your friends. Aquarius offers tubing, <a href=\"https:\/\/aquariusboattours.com\/es\/boat-rentals-and-boat-parties-miami\/what-to-do-on-a-boat\/boating-lesson-miami\/\" data-internallinksmanager029f6b8e52c=\"207\" title=\"clases de navegaci\u00f3n\">clases de navegaci\u00f3n<\/a>, island hopping, or dock-and-dine at restaurants.<\/p>\n<p>The weather plays also a big role in your experience. Check out our Weather Policy and Rain Guarantee pages for more info.<\/p>\n<p><strong>Plan some extra time both before and after the trip<\/strong>. Finding parking can take time and you want to start your experience fully relaxed.<\/p>\n<p>When you&#8217;ve checked your itinerary and figured out how to find us, <strong>make a list of any boating supplies you may need<\/strong> to be fully prepared for all the grin-generating wave-hops, laughter-inducing tube-towing, and\/or smile-causing fish-catching that&#8217;s about to come.<\/p>\n<p>By the way, did we mention that <strong>it&#8217;s best to overpack on a boat<\/strong>?<\/p>\n<p>This may sound a bit simplistic, but the truth of the matter is that after hosting over 5000 clients, we have noticed that most new boaters tend to &#8220;under-pack&#8221;. They don&#8217;t bring enough water, food or\/and drinks on the boat. Remember that when you are on the boat, it&#8217;s harder to go and get these things. Although we can bring you to convenience stores on the water, it&#8217;s much more enjoyable for you if you have purchased everything you need at hand.<\/p>\n<p>Don&#8217;t forget sunscreen, towels, and bathing suits if you plan to go in the water. <strong>Always barefoot onboard<\/strong>! Don&#8217;t forget to remove your shoes before boarding. Shoes rip the seats and the boat is a clean area, the shoes bring dirt from outside.<\/p>\n<p>Most important tip before you go! Have fun, and don&#8217;t forget to wave as you pass your fellow lovers of boats. Whether you know it or not, you&#8217;ve just joined a new family-the family of boaters. We all share one thing in common, and that&#8217;s our passion for boats and boating. So when we see another boat out on the water-any boat -we wave to each other. It&#8217;s part of<strong> boating etiquette<\/strong>, part of the lifestyle, and part of why we all have such a great time out on the water. Get ready to enjoy it, for yourself!<\/p>\n<h2>\n\t\t<a href=\"https:\/\/aquariusboattours.com\/es\/luxury-boat-rental-pictures-miami\/\" title=\"Boating tips summarized\" target=\"_blank\" rel=\"noopener\">\n\t\tBoating tips summarized\n\t\t<\/a>\n\t<\/h2>\n\t\t\t\t\t\t\t\t\t\t<h4 tabindex=\"0\">Play it Safe<\/h4>\n\t\t\t\t\t<p>Although boating is an incredibly low-risk activity, like anything, the fun stops right away if someone gets hurt. Watch some videos or visit our Boating Safety Page to know all the equipment you will have included with your boat rental and how to use them. Don&#8217;t do any crazy drinking or stunts while the boat is underway and everything will be fine. Also,<strong> if you are a non-swimmer, we strongly recommend that you inform your captain<\/strong> so he can point out the areas where it is safe for you to be in the water. The sandbars for instance have a very strong current and are not recommended if you don&#8217;t know how to swim. Instead, we will bring you to a cove or an island.<\/p>\n\t\t\t\t\t\t\t\t\t\t<h4 tabindex=\"0\">Overpack for your boat ride<\/h4>\n\t\t\t\t\t<p>When you&#8217;ve checked your itinerary and figured out how to find us, <strong>make a list of any boating supplies you may need<\/strong> to be fully prepared for all the grin-generating wave-hops, laughter-inducing tube-towing, and\/or smile-causing fish-catching that&#8217;s about to come.<\/p>\n<p>By the way, did we mention that <strong>it&#8217;s best to overpack on a boat<\/strong>?<\/p>\n<p>This may sound a bit simplistic, but the truth of the matter is that after hosting over 5000 clients, we have noticed that most new boaters tend to &#8220;under-pack&#8221;. They don&#8217;t bring enough water, food or\/and drinks on the boat. Remember that when you are on the boat, it&#8217;s harder to go and get these things. Although we can bring you to convenience stores on the water, it&#8217;s much more enjoyable for you if you have purchased everything you need at hand.<\/p>\n<p>Don&#8217;t forget sunscreen, towels, and bathing suits if you plan to go in the water. <strong>Always barefoot onboard<\/strong>! Don&#8217;t forget to remove your shoes before boarding. Shoes rip the seats and the boat is a clean area, the shoes bring dirt from outside.<\/p>\n\t\t\t\t\t\t\t\t\t\t<h4 tabindex=\"0\">Inform the captain if you don&#8217;t know how to swim<\/h4>\n\t\t\t\t\t<p><strong>we strongly recommend that you inform your captain<\/strong> so he can point out the areas where it is safe for you to be in the water. The sandbars for instance have a very strong current and are not recommended if you don&#8217;t know how to swim. Instead, we will bring you to a cove or an island.<\/p>\n\t\t\t\t\t\t\t\t\t\t<h4 tabindex=\"0\">Be aware of the weather policy<\/h4>\n\t\t\t\t\t<p>The weather plays also a big role in your experience. Check out our Weather Policy and Rain Guarantee pages for more info.<\/p>\n\t\t\t<a href=\"#\" role=\"button\">\n\t\t\t\t\t\t\tBook Your Miami boat rental\n\t\t\t\t\t<\/a>\n\t\t<a href=\"https:\/\/fareharbor.com\/embeds\/book\/aquariusboatrental\/?full-items=yes\" target=\"_blank\" onclick=\"FH.open({&#039;shortname&#039;:&#039;aquariusboatrental&#039;,&#039;view&#039;:&#039;items&#039;,&#039;fallback&#039;:&#039;simple&#039;,&#039;fullItems&#039;:&#039;yes&#039;}); return false;\" rel=\"nofollow noopener\">Reserve ahora en l\u00ednea<\/a>\t\n<h2>\n\t\tDISPONIBILIDAD EN DIRECTO\n\t<\/h2>\n<h2>\n\t\tCalendario:\n\t<\/h2>\n\t<script src=\"https:\/\/fareharbor.com\/embeds\/script\/calendar\/aquariusboatrental\/?fallback=simple\"><\/script>\n<h2>\n\t\tLos precios:\n\t<\/h2>\n\t\t\t\t<a href=\"https:\/\/aquariusboattours.com\/wp-content\/uploads\/2024\/04\/Miami-Boat-Rental-Prices.jpg\" target=\"_self\" itemprop=\"url\" rel=\"noopener\">\n\t\t\t\t<img decoding=\"async\" src=\"https:\/\/aquariusboattours.com\/wp-content\/uploads\/2024\/04\/Miami-Boat-Rental-Prices.jpg\" alt=\"prices all included for boat rental in the heart of Miami Beach\" itemprop=\"image\" height=\"1428\" width=\"2000\" title=\"Precios de alquiler de barcos en Miami\" onerror=\"this.style.display='none'\"  \/>\n\t\t\t\t<\/a>\n<h2>\n\t\tSalida desde:\n\t<\/h2>\n\t<iframe src=\"https:\/\/www.google.com\/maps\/embed\/v1\/place?q=Aquarius+boat+rental+and+tours&#038;key=AIzaSyD09zQ9PNDNNy9TadMuzRV_UsPUoWKntt8\" aria-hidden=\"true\"><\/iframe>\n<h4>\n\t\tHorario de apertura:\n\t<\/h4>\n\t\t\t\t Monday\t\t\t\t\n\t\t\t\t 8:00 AM &#8211; 8:00 PM\t\t\t\t\n\t\t\t\t Tuesday\t\t\t\t\n\t\t\t\t 8:00 AM &#8211; 8:00 PM\t\t\t\t\n\t\t\t\t Wednesday\t\t\t\t\n\t\t\t\t 8:00 AM &#8211; 8:00 PM\t\t\t\t\n\t\t\t\t Thursday\t\t\t\t\n\t\t\t\t 8:00 AM &#8211; 8:00 PM\t\t\t\t\n\t\t\t\t Friday\t\t\t\t\n\t\t\t\t 8:00 AM &#8211; 8:00 PM\t\t\t\t\n\t\t\t\t Saturday\t\t\t\t\n\t\t\t\t 8:00 AM &#8211; 8:00 PM\t\t\t\t\n\t\t\t\t Sunday\t\t\t\t\n\t\t\t\t 8:00 AM &#8211; 8:00 PM\t\t\t\t\n<h2>\n\t\tUN SERVICIO DE ATENCI\u00d3N AL CLIENTE DE PRIMERA\n\t<\/h2>\n<h2>\n\t\tEstamos a su disposici\u00f3n\n\t<\/h2>\n\t<p>Explore la experiencia de Aquarius Boat Rental y planifique un paseo en barco inolvidable en Miami.<\/p>\n<h2>\n\t\tPreguntas m\u00e1s frecuentes\n\t<\/h2>\n\t\t\t\t\t\t\t\t\t\t<h4 tabindex=\"0\">What&#8217;s the suggested itinerary?<\/h4>\n\t\t\t\t\t<p>There is no set route you decide where to go, our captains&#8217; favorites are:<\/p>\n<p>&#8211; a trip north to the sandbar, millionaire row, Indian creek Village (usually on 4-hour+ trips)<\/p>\n<p>&#8211; or a trip south: <a href=\"https:\/\/g.co\/kgs\/XYvx5V\" data-internallinksmanager029f6b8e52c=\"112\" title=\"Isla de las Estrellas\" rel=\"nofollow noopener\" target=\"_blank\">star island<\/a>, downtown Miami, and the river, the <a href=\"https:\/\/www.miamidade.gov\/portmiami\/\" data-internallinksmanager029f6b8e52c=\"132\" title=\"Puerto de Miami\" rel=\"nofollow noopener\" target=\"_blank\">puerto de Miami<\/a>, <a href=\"https:\/\/www.fisherislandclub.com\/history\" data-internallinksmanager029f6b8e52c=\"133\" title=\"Isla Fisher\" rel=\"nofollow noopener\" target=\"_blank\">isla de pescadores<\/a> \ud83d\ude42 perfecto para 2\/3 horas.<\/p>\n<p>Por supuesto, puedes parar a nadar y disfrutar de la estera en bonitas islas de la bah\u00eda. Si quieres hacer turismo o simplemente poner tu propia m\u00fasica, relajarte o salir de fiesta, depende totalmente de ti \ud83e\udd70.<\/p>\n\t\t\t\t\t\t\t\t\t\t<h4 tabindex=\"0\">What&#8217;s included with my boat rental booking?<\/h4>\n\t\t\t\t\t<ul>\n<li>Incluimos una colchoneta flotante gigante e hinchables gratis<\/li>\n<li>El barco viene con una nevera<\/li>\n<li>Altavoces Bluetooth<\/li>\n<li>Todos los equipos de seguridad<\/li>\n<li>Nuestra amabilidad y sonrisas.<\/li>\n<li>Gasolina, tasa de capit\u00e1n, y los impuestos est\u00e1n incluidos en el precio que se ve en la primera p\u00e1gina.<\/li>\n<\/ul>\n<p>Si desea reservar su\u00a0<strong><a title=\"Alquiler de barcos en Miami\" href=\"https:\/\/aquariusboattours.com\/es\/\">Alquiler de barcos en Miami<\/a><\/strong>\u00a0en l\u00ednea,\u00a0<a title=\"Reserve una excursi\u00f3n en barco privado de alquiler con capit\u00e1n\" href=\"https:\/\/aquariusboattours.com\/es\/reserve-your-boat-tour-check-pricing\/\">pulse aqu\u00ed<\/a>.<\/p>\n\t\t\t\t\t\t\t\t\t\t<h4 tabindex=\"0\">\u00bfQu\u00e9 debemos llevar?<\/h4>\n\t\t\t\t\t<ul>\n<li>Comida y bebida<\/li>\n<li>Toalla<\/li>\n<li>C\u00e1mara<\/li>\n<li>Gafas de sol y sombrero<\/li>\n<li>Llevar ropa c\u00f3moda (\u00a1nada de vaqueros!)<\/li>\n<li>Traje de ba\u00f1o y crema solar (ecorresponsable).<\/li>\n<li>Dinero extra<\/li>\n<\/ul>\n\t\t\t\t\t\t\t\t\t\t<h4 tabindex=\"0\">\u00bfEs segura la navegaci\u00f3n para los beb\u00e9s?<\/h4>\n\t\t\t\t\t<p>Navegar en barco por la bah\u00eda es totalmente seguro para los m\u00e1s peque\u00f1os. Es una actividad apta para ni\u00f1os en Miami. Disfrutan del paseo, de la velocidad e incluso de los saltos al agua para los ni\u00f1os m\u00e1s grandes.<\/p>\n<p>Por supuesto, proporcionamos chalecos salvavidas para beb\u00e9s y ni\u00f1os peque\u00f1os. Los chalecos salvavidas no son obligatorios para los ni\u00f1os mayores de 6 a\u00f1os, pero aun as\u00ed los llevaremos a bordo.<\/p>\n<p>Make sure to let us know how many children will attend if it&#8217;s more than 2 so we can plan ahead.<\/p>\n\t\t\t\t\t\t\t\t\t\t<h4 tabindex=\"0\">\u00bf4 horas es demasiado tiempo?<\/h4>\n\t\t\t\t\t<p>El tiempo pasa r\u00e1pido en un barco, as\u00ed que 4 horas pasar\u00e1n como un abrir y cerrar de ojos. Hay tantas cosas que ver y explorar desde un barco en Miami que 4 horas no son suficientes. Nuestro servicio m\u00e1s vendido es el de 3 horas pero normalmente la gente alarga su viaje a 4 horas.<\/p>\n<h2>\n\t\tContactar con Aquarius\n\t<\/h2>\n\t<p><strong>LOVE OUR BOATS<\/strong>, <strong>LOVE OUR PRICES<\/strong> &#8211; <strong><a href=\"https:\/\/aquariusboattours.com\/es\/\" data-internallinksmanager029f6b8e52c=\"5\" title=\"Alquiler de barcos en Miami\">MIAMI BOAT RENTAL<\/a><\/strong><\/p>\n<h2>\n\t\tAquarius&#8217; Boat Rental Miami Fleet\n\t<\/h2>\n\t<p>Experimente la conducci\u00f3n en <strong>los mejores barcos en Miami<\/strong>, nuestros barcos privados para familias con <strong>alquiler de barcos<\/strong> from South Florida&#8217;s best <strong>alquiler de barcos<\/strong>.<\/p>\n\t\t\t\t<a href=\"https:\/\/aquariusboattours.com\/es\/miami-luxury-boat-rental\/\" target=\"_blank\" rel=\"noopener\" itemprop=\"url\">\n\t\t\t\t<img decoding=\"async\" src=\"https:\/\/aquariusboattours.com\/wp-content\/uploads\/2023\/02\/boat-list-2023-1.png\" alt=\"boat-list-2023-1\" itemprop=\"image\" height=\"1500\" width=\"2000\" title=\"boat-list-2023-1\" onerror=\"this.style.display='none'\"  \/>\n\t\t\t\t<\/a>\n\t\t\t<a href=\"https:\/\/aquariusboattours.com\/es\/boat-rentals-and-boat-parties-miami\/gallery-miami-boat-rental\/luxury-boat-rental-pictures-miami\/\" target=\"_self\" rel=\"noopener\">\n\t\t\t\t\t\t\tCheck pictures\n\t\t\t\t\t<\/a>\n\t\t\t<a href=\"https:\/\/fareharbor.com\/embeds\/book\/aquariusboatrental\/items\/207798\/?full-items=yes&#038;flow=341253\" target=\"_blank\" rel=\"noopener nofollow\">\n\t\t\t\t\t\t\tBook Boat\n\t\t\t\t\t<\/a>\n\t\t\t\t<a href=\"https:\/\/aquariusboattours.com\/es\/miami-boat-charters-for-large-groups\/\" target=\"_blank\" rel=\"noopener\" itemprop=\"url\">\n\t\t\t\t<img decoding=\"async\" src=\"https:\/\/aquariusboattours.com\/wp-content\/uploads\/2023\/02\/6.jpg\" alt=\"Searay For Rent in Miami\" itemprop=\"image\" height=\"1500\" width=\"2000\" title=\"SEARAY FOR RENT MIAMI\" onerror=\"this.style.display='none'\"  \/>\n\t\t\t\t<\/a>\n\t\t\t<a href=\"https:\/\/aquariusboattours.com\/es\/boat-rentals-and-boat-parties-miami\/gallery-miami-boat-rental\/giant-boat-tour-pictures-miami\/\" target=\"_self\" rel=\"noopener\">\n\t\t\t\t\t\t\tCheck pictures\n\t\t\t\t\t<\/a>\n\t\t\t<a href=\"https:\/\/fareharbor.com\/embeds\/book\/aquariusboatrental\/?full-items=yes&#038;flow=1032350\" target=\"_blank\" rel=\"noopener nofollow\">\n\t\t\t\t\t\t\tBook Boat\n\t\t\t\t\t<\/a>\n\t\t\t\t<a href=\"https:\/\/aquariusboattours.com\/es\/luxury-boat-rental-miami-large-boat\/\" target=\"_self\" itemprop=\"url\" rel=\"noopener\">\n\t\t\t\t<img decoding=\"async\" src=\"https:\/\/aquariusboattours.com\/wp-content\/uploads\/2023\/02\/Dynamic-Sport-Boat-to-Rent-in-Miami.png\" alt=\"Dynamic Sport Boat to Rent in Miami\" itemprop=\"image\" height=\"1500\" width=\"2000\" title=\"Speed Sport Boat to Rent in Miami\" onerror=\"this.style.display='none'\"  \/>\n\t\t\t\t<\/a>\n\t\t\t<a href=\"https:\/\/aquariusboattours.com\/es\/boat-rentals-and-boat-parties-miami\/gallery-miami-boat-rental\/\" target=\"_self\" rel=\"noopener\">\n\t\t\t\t\t\t\tCheck pictures\n\t\t\t\t\t<\/a>\n\t\t\t<a href=\"https:\/\/fareharbor.com\/embeds\/book\/aquariusboatrental\/items\/392398\/?full-items=yes&#038;flow=341253\" target=\"_blank\" rel=\"noopener nofollow\">\n\t\t\t\t\t\t\tBook Boat\n\t\t\t\t\t<\/a>\n\t\t\t\t<a href=\"https:\/\/aquariusboattours.com\/es\/luxury-boat-rental-miami-large-boat\/\" target=\"_self\" itemprop=\"url\" rel=\"noopener\">\n\t\t\t\t<img decoding=\"async\" src=\"https:\/\/aquariusboattours.com\/wp-content\/uploads\/2023\/02\/Axopar-available-for-rent-MIami.png\" alt=\"Mega boat for rental miami\" itemprop=\"image\" height=\"1500\" width=\"2000\" title=\"Axopar available for rent MIami\" onerror=\"this.style.display='none'\"  \/>\n\t\t\t\t<\/a>\n\t\t\t<a href=\"https:\/\/aquariusboattours.com\/es\/boat-charters-miami\/miami-rent-a-mega-boat\/\" target=\"_self\" rel=\"noopener\">\n\t\t\t\t\t\t\tCheck pictures\n\t\t\t\t\t<\/a>\n\t\t\t<a href=\"https:\/\/fareharbor.com\/embeds\/book\/aquariusboatrental\/items\/511200\/?full-items=yes&#038;flow=341253\" target=\"_blank\" rel=\"noopener nofollow\">\n\t\t\t\t\t\t\tBook Boat\n\t\t\t\t\t<\/a>","protected":false},"excerpt":{"rendered":"<p>PREPARE FOR YOUR BOAT RENTAL BEST PRACTICES FOR BOAT RENTERS Become a seasoned sailor with Aquarius! GET READY FOR YOUR BOAT RENTAL First-Time Boating Tips for New Boaters If you just rented a boat from Aquarius, considering renting one, or tagging along on a friend&#8217;s boat, we have some good news for you: on top&hellip;<\/p>","protected":false},"author":2,"featured_media":1743,"parent":744,"menu_order":2,"comment_status":"closed","ping_status":"closed","template":"","meta":{"footnotes":""},"class_list":["post-748","page","type-page","status-publish","has-post-thumbnail","hentry"],"_links":{"self":[{"href":"https:\/\/aquariusboattours.com\/es\/wp-json\/wp\/v2\/pages\/748","targetHints":{"allow":["GET"]}}],"collection":[{"href":"https:\/\/aquariusboattours.com\/es\/wp-json\/wp\/v2\/pages"}],"about":[{"href":"https:\/\/aquariusboattours.com\/es\/wp-json\/wp\/v2\/types\/page"}],"author":[{"embeddable":true,"href":"https:\/\/aquariusboattours.com\/es\/wp-json\/wp\/v2\/users\/2"}],"replies":[{"embeddable":true,"href":"https:\/\/aquariusboattours.com\/es\/wp-json\/wp\/v2\/comments?post=748"}],"version-history":[{"count":7,"href":"https:\/\/aquariusboattours.com\/es\/wp-json\/wp\/v2\/pages\/748\/revisions"}],"predecessor-version":[{"id":25108,"href":"https:\/\/aquariusboattours.com\/es\/wp-json\/wp\/v2\/pages\/748\/revisions\/25108"}],"up":[{"embeddable":true,"href":"https:\/\/aquariusboattours.com\/es\/wp-json\/wp\/v2\/pages\/744"}],"wp:featuredmedia":[{"embeddable":true,"href":"https:\/\/aquariusboattours.com\/es\/wp-json\/wp\/v2\/media\/1743"}],"wp:attachment":[{"href":"https:\/\/aquariusboattours.com\/es\/wp-json\/wp\/v2\/media?parent=748"}],"curies":[{"name":"wp","href":"https:\/\/api.w.org\/{rel}","templated":true}]}}