{"id":770,"date":"2023-02-08T14:58:15","date_gmt":"2023-02-08T19:58:15","guid":{"rendered":"https:\/\/live.aquariusboattours.com\/?page_id=770"},"modified":"2024-04-13T18:10:06","modified_gmt":"2024-04-13T22:10:06","slug":"travel-agencies-and-concierges","status":"publish","type":"page","link":"https:\/\/aquariusboattours.com\/es\/boat-rentals-and-boat-parties-miami\/special-requests\/travel-agencies-and-concierges\/","title":{"rendered":"Agencias de viajes y conserjes"},"content":{"rendered":"<h2>\n\t\t<a href=\"https:\/\/aquariusboattours.com\/es\/luxury-boat-rental-pictures-miami\/\" title=\"SPECIAL REQUESTS\" target=\"_blank\" rel=\"noopener\">\n\t\tSPECIAL REQUESTS\n\t\t<\/a>\n\t<\/h2>\n<h1>\n\t\t<a href=\"https:\/\/aquariusboattours.com\/es\/boat-charters-miami\/miami-rent-a-yacht\/\" title=\"CONCIERGES AND TRAVEL AGENCIES\" target=\"_blank\" rel=\"noopener\">\n\t\tCONCIERGES AND TRAVEL AGENCIES\n\t\t<\/a>\n\t<\/h1>\n<h3>\n\t\t<a href=\"https:\/\/aquariusboattours.com\/es\/prices-all-included-miami-boat-rental\/\" title=\"Customized Experiences for Every Client - Explore the Best of Miami&#039;s Waters with Aquarius Boat Tours\" target=\"_blank\" rel=\"noopener\">\n\t\tCustomized Experiences for Every Client &#8211; Explore the Best of Miami&#8217;s Waters with Aquarius Boat Tours\n\t\t<\/a>\n\t<\/h3>\n<h2>\n\t\t<a href=\"https:\/\/aquariusboattours.com\/es\/giant-boat-tour-pictures-miami\/\" title=\"INQUIRE ABOUT OUR REFERRAL PROGRAM\" target=\"_blank\" rel=\"noopener\">\n\t\tINQUIRE ABOUT OUR REFERRAL PROGRAM\n\t\t<\/a>\n\t<\/h2>\n<h2>\n\t\t<a href=\"https:\/\/aquariusboattours.com\/es\/luxury-boat-rental-pictures-miami\/\" title=\"Unleash the Ultimate Miami Adventure with Aquarius Boat Tours: Perfect for Travel Agencies and Concierges\" target=\"_blank\" rel=\"noopener\">\n\t\tUnleash the Ultimate Miami Adventure with Aquarius Boat Tours: Perfect for Travel Agencies and Concierges\n\t\t<\/a>\n\t<\/h2>\n\t<p>Discover the Ultimate Miami Adventure with Aquarius <a href=\"https:\/\/aquariusboattours.com\/es\/\" data-internallinksmanager029f6b8e52c=\"82\" title=\"excursiones en barco\">Paseos en barco<\/a> &#8211; Perfect for Concierges and Travel Agencies<\/p>\n<p>Aquarius Boat Tours is the ultimate choice for travelers seeking a unique and unforgettable Miami adventure. Our experienced captains will take you on a journey through the stunning turquoise waters of Miami&#8217;s rivers, Intracoastal Waterway, and <a href=\"https:\/\/goo.gl\/maps\/EyfAAFsbGHQNnAXh8\" data-internallinksmanager029f6b8e52c=\"102\" title=\"Bah\u00eda de Biscayne Florida\" rel=\"nofollow noopener\" target=\"_blank\">Bah\u00eda de Vizcaya<\/a>, allowing you to explore hidden gems and relax on pristine beaches while taking in breathtaking views of the Miami skyline.<\/p>\n<p>Our tours are ideal for travelers who crave personalized experiences, as our range of boats is equipped with state-of-the-art sound systems and comes with a variety of toys to enhance your on-the-water adventure. From relaxing on the mat and snorkeling to fishing and swimming, our range of activities ensures that there&#8217;s something for everyone to enjoy.<\/p>\n<p>Concierges and travel agencies can rely on Aquarius Boat Tours for customized experiences that cater to the specific needs of their clients. Whether it&#8217;s a corporate event, team-building activity, or private party, we&#8217;ll work with you to create a tailored experience that your clients will never forget.<\/p>\n<p>At Aquarius Boat Tours, we pride ourselves on providing exceptional service and ensuring that every guest has an unforgettable experience. Whether you&#8217;re planning a romantic outing, a family vacation, or a celebration with friends, our team will work tirelessly to ensure that every aspect of your tour is perfect.<\/p>\n<p>So why wait? Book your Aquarius <a href=\"https:\/\/aquariusboattours.com\/es\/\" data-internallinksmanager029f6b8e52c=\"83\" title=\"excursi\u00f3n en barco\">Excursi\u00f3n en barco<\/a> today and experience the ultimate Miami adventure that your clients will be talking about for years to come.<\/p>\n<h2>\n\t\t<a href=\"https:\/\/aquariusboattours.com\/es\/luxury-boat-rental-pictures-miami\/\" title=\"Get more info about our referral program\" target=\"_blank\" rel=\"noopener\">\n\t\tGet more info about our referral program\n\t\t<\/a>\n\t<\/h2>\n\t\t\t<a href=\"#\" role=\"button\">\n\t\t\t\t\t\t\tBook A Boat !\n\t\t\t\t\t<\/a>\n\t\t<a href=\"https:\/\/fareharbor.com\/embeds\/book\/aquariusboatrental\/?full-items=yes\" target=\"_blank\" onclick=\"FH.open({&#039;shortname&#039;:&#039;aquariusboatrental&#039;,&#039;view&#039;:&#039;items&#039;,&#039;fallback&#039;:&#039;simple&#039;,&#039;fullItems&#039;:&#039;yes&#039;}); return false;\" rel=\"nofollow noopener\">Reserve ahora en l\u00ednea<\/a>\t\n<h2>\n\t\tDISPONIBILIDAD EN DIRECTO\n\t<\/h2>\n<h2>\n\t\tCalendario:\n\t<\/h2>\n\t<script src=\"https:\/\/fareharbor.com\/embeds\/script\/calendar\/aquariusboatrental\/?fallback=simple\"><\/script>\n<h2>\n\t\tLos precios:\n\t<\/h2>\n\t\t\t\t<a href=\"https:\/\/aquariusboattours.com\/wp-content\/uploads\/2024\/04\/Miami-Boat-Rental-Prices.jpg\" target=\"_self\" itemprop=\"url\" rel=\"noopener\">\n\t\t\t\t<img decoding=\"async\" src=\"https:\/\/aquariusboattours.com\/wp-content\/uploads\/2024\/04\/Miami-Boat-Rental-Prices.jpg\" alt=\"prices all included for boat rental in the heart of Miami Beach\" itemprop=\"image\" height=\"1428\" width=\"2000\" title=\"Precios de alquiler de barcos en Miami\" onerror=\"this.style.display='none'\"  \/>\n\t\t\t\t<\/a>\n<h2>\n\t\tSalida desde:\n\t<\/h2>\n\t<iframe src=\"https:\/\/www.google.com\/maps\/embed\/v1\/place?q=Aquarius+boat+rental+and+tours&#038;key=AIzaSyD09zQ9PNDNNy9TadMuzRV_UsPUoWKntt8\" aria-hidden=\"true\"><\/iframe>\n<h4>\n\t\tHorario de apertura:\n\t<\/h4>\n\t\t\t\t Monday\t\t\t\t\n\t\t\t\t 8:00 AM &#8211; 8:00 PM\t\t\t\t\n\t\t\t\t Tuesday\t\t\t\t\n\t\t\t\t 8:00 AM &#8211; 8:00 PM\t\t\t\t\n\t\t\t\t Wednesday\t\t\t\t\n\t\t\t\t 8:00 AM &#8211; 8:00 PM\t\t\t\t\n\t\t\t\t Thursday\t\t\t\t\n\t\t\t\t 8:00 AM &#8211; 8:00 PM\t\t\t\t\n\t\t\t\t Friday\t\t\t\t\n\t\t\t\t 8:00 AM &#8211; 8:00 PM\t\t\t\t\n\t\t\t\t Saturday\t\t\t\t\n\t\t\t\t 8:00 AM &#8211; 8:00 PM\t\t\t\t\n\t\t\t\t Sunday\t\t\t\t\n\t\t\t\t 8:00 AM &#8211; 8:00 PM\t\t\t\t\n<h2>\n\t\tUN SERVICIO DE ATENCI\u00d3N AL CLIENTE DE PRIMERA\n\t<\/h2>\n<h2>\n\t\tWe are here for you and for your guests\n\t<\/h2>\n\t<p>Explore the Aquarius <a href=\"https:\/\/aquariusboattours.com\/es\/\" data-internallinksmanager029f6b8e52c=\"126\" title=\"alquiler de barcos\">Alquiler de barcos<\/a> y planifique un inolvidable paseo en barco por Miami.<\/p>\n<h2>\n\t\tPreguntas m\u00e1s frecuentes\n\t<\/h2>\n\t\t\t\t\t\t\t\t\t\t<h4 tabindex=\"0\">What&#8217;s the suggested itinerary?<\/h4>\n\t\t\t\t\t<p>There is no set route you decide where to go, our captains&#8217; favorites are:<\/p>\n<p>&#8211; a trip north to the sandbar, millionaire row, Indian creek Village (usually on 4-hour+ trips)<\/p>\n<p>&#8211; or a trip south: <a href=\"https:\/\/g.co\/kgs\/XYvx5V\" data-internallinksmanager029f6b8e52c=\"112\" title=\"Isla de las Estrellas\" rel=\"nofollow noopener\" target=\"_blank\">star island<\/a>, downtown Miami, and the river, the <a href=\"https:\/\/www.miamidade.gov\/portmiami\/\" data-internallinksmanager029f6b8e52c=\"132\" title=\"Puerto de Miami\" rel=\"nofollow noopener\" target=\"_blank\">puerto de Miami<\/a>, <a href=\"https:\/\/www.fisherislandclub.com\/history\" data-internallinksmanager029f6b8e52c=\"133\" title=\"Isla Fisher\" rel=\"nofollow noopener\" target=\"_blank\">isla de pescadores<\/a> \ud83d\ude42 perfecto para 2\/3 horas.<\/p>\n<p>Por supuesto, puedes parar a nadar y disfrutar de la estera en bonitas islas de la bah\u00eda. Si quieres hacer turismo o simplemente poner tu propia m\u00fasica, relajarte o salir de fiesta, depende totalmente de ti \ud83e\udd70.<\/p>\n\t\t\t\t\t\t\t\t\t\t<h4 tabindex=\"0\">What&#8217;s included with my boat rental booking?<\/h4>\n\t\t\t\t\t<ul>\n<li>Incluimos una colchoneta flotante gigante e hinchables gratis<\/li>\n<li>El barco viene con una nevera<\/li>\n<li>Altavoces Bluetooth<\/li>\n<li>Todos los equipos de seguridad<\/li>\n<li>Nuestra amabilidad y sonrisas.<\/li>\n<li>Gasolina, tasa de capit\u00e1n, y los impuestos est\u00e1n incluidos en el precio que se ve en la primera p\u00e1gina.<\/li>\n<\/ul>\n<p>Si desea reservar su\u00a0<strong><a title=\"Alquiler de barcos en Miami\" href=\"https:\/\/aquariusboattours.com\/es\/\">Alquiler de barcos en Miami<\/a><\/strong>\u00a0en l\u00ednea,\u00a0<a title=\"Reserve una excursi\u00f3n en barco privado de alquiler con capit\u00e1n\" href=\"https:\/\/aquariusboattours.com\/es\/reserve-your-boat-tour-check-pricing\/\">pulse aqu\u00ed<\/a>.<\/p>\n\t\t\t\t\t\t\t\t\t\t<h4 tabindex=\"0\">\u00bfQu\u00e9 debemos llevar?<\/h4>\n\t\t\t\t\t<ul>\n<li>Comida y bebida<\/li>\n<li>Toalla<\/li>\n<li>C\u00e1mara<\/li>\n<li>Gafas de sol y sombrero<\/li>\n<li>Llevar ropa c\u00f3moda (\u00a1nada de vaqueros!)<\/li>\n<li>Traje de ba\u00f1o y crema solar (ecorresponsable).<\/li>\n<li>Dinero extra<\/li>\n<\/ul>\n\t\t\t\t\t\t\t\t\t\t<h4 tabindex=\"0\">\u00bfEs segura la navegaci\u00f3n para los beb\u00e9s?<\/h4>\n\t\t\t\t\t<p>Navegar en barco por la bah\u00eda es totalmente seguro para los m\u00e1s peque\u00f1os. Es una actividad apta para ni\u00f1os en Miami. Disfrutan del paseo, de la velocidad e incluso de los saltos al agua para los ni\u00f1os m\u00e1s grandes.<\/p>\n<p>Por supuesto, proporcionamos chalecos salvavidas para beb\u00e9s y ni\u00f1os peque\u00f1os. Los chalecos salvavidas no son obligatorios para los ni\u00f1os mayores de 6 a\u00f1os, pero aun as\u00ed los llevaremos a bordo.<\/p>\n<p>Make sure to let us know how many children will attend if it&#8217;s more than 2 so we can plan ahead.<\/p>\n\t\t\t\t\t\t\t\t\t\t<h4 tabindex=\"0\">\u00bf4 horas es demasiado tiempo?<\/h4>\n\t\t\t\t\t<p>El tiempo pasa r\u00e1pido en un barco, as\u00ed que 4 horas pasar\u00e1n como un abrir y cerrar de ojos. Hay tantas cosas que ver y explorar desde un barco en Miami que 4 horas no son suficientes. Nuestro servicio m\u00e1s vendido es el de 3 horas pero normalmente la gente alarga su viaje a 4 horas.<\/p>\n<h2>\n\t\tContactar con Aquarius\n\t<\/h2>\n\t<p><strong>LOVE OUR BOATS<\/strong>, <strong>LOVE OUR PRICES<\/strong> &#8211; <strong><a href=\"https:\/\/aquariusboattours.com\/es\/\" data-internallinksmanager029f6b8e52c=\"5\" title=\"Alquiler de barcos en Miami\">MIAMI BOAT RENTAL<\/a><\/strong><\/p>\n<h2>\n\t\tAquarius&#8217; Boat Rental Miami Fleet\n\t<\/h2>\n\t<p>Experimente la conducci\u00f3n en <strong>los mejores barcos en Miami<\/strong>, nuestros barcos privados para familias con <strong>alquiler de barcos<\/strong> from South Florida&#8217;s best <strong>alquiler de barcos<\/strong>.<\/p>\n\t\t\t\t<a href=\"https:\/\/aquariusboattours.com\/es\/miami-luxury-boat-rental\/\" target=\"_blank\" rel=\"noopener\" itemprop=\"url\">\n\t\t\t\t<img decoding=\"async\" src=\"https:\/\/aquariusboattours.com\/wp-content\/uploads\/2023\/02\/boat-list-2023-1.png\" alt=\"boat-list-2023-1\" itemprop=\"image\" height=\"1500\" width=\"2000\" title=\"boat-list-2023-1\" onerror=\"this.style.display='none'\"  \/>\n\t\t\t\t<\/a>\n\t\t\t<a href=\"https:\/\/aquariusboattours.com\/es\/boat-rentals-and-boat-parties-miami\/gallery-miami-boat-rental\/luxury-boat-rental-pictures-miami\/\" target=\"_self\" rel=\"noopener\">\n\t\t\t\t\t\t\tCheck pictures\n\t\t\t\t\t<\/a>\n\t\t\t<a href=\"https:\/\/fareharbor.com\/embeds\/book\/aquariusboatrental\/items\/207798\/?full-items=yes&#038;flow=341253\" target=\"_blank\" rel=\"noopener nofollow\">\n\t\t\t\t\t\t\tBook Boat\n\t\t\t\t\t<\/a>\n\t\t\t\t<a href=\"https:\/\/aquariusboattours.com\/es\/miami-boat-charters-for-large-groups\/\" target=\"_blank\" rel=\"noopener\" itemprop=\"url\">\n\t\t\t\t<img decoding=\"async\" src=\"https:\/\/aquariusboattours.com\/wp-content\/uploads\/2023\/02\/6.jpg\" alt=\"Searay For Rent in Miami\" itemprop=\"image\" height=\"1500\" width=\"2000\" title=\"SEARAY FOR RENT MIAMI\" onerror=\"this.style.display='none'\"  \/>\n\t\t\t\t<\/a>\n\t\t\t<a href=\"https:\/\/aquariusboattours.com\/es\/boat-rentals-and-boat-parties-miami\/gallery-miami-boat-rental\/giant-boat-tour-pictures-miami\/\" target=\"_self\" rel=\"noopener\">\n\t\t\t\t\t\t\tCheck pictures\n\t\t\t\t\t<\/a>\n\t\t\t<a href=\"https:\/\/fareharbor.com\/embeds\/book\/aquariusboatrental\/?full-items=yes&#038;flow=1032350\" target=\"_blank\" rel=\"noopener nofollow\">\n\t\t\t\t\t\t\tBook Boat\n\t\t\t\t\t<\/a>\n\t\t\t\t<a href=\"https:\/\/aquariusboattours.com\/es\/luxury-boat-rental-miami-large-boat\/\" target=\"_self\" itemprop=\"url\" rel=\"noopener\">\n\t\t\t\t<img decoding=\"async\" src=\"https:\/\/aquariusboattours.com\/wp-content\/uploads\/2023\/02\/Dynamic-Sport-Boat-to-Rent-in-Miami.png\" alt=\"Dynamic Sport Boat to Rent in Miami\" itemprop=\"image\" height=\"1500\" width=\"2000\" title=\"Speed Sport Boat to Rent in Miami\" onerror=\"this.style.display='none'\"  \/>\n\t\t\t\t<\/a>\n\t\t\t<a href=\"https:\/\/aquariusboattours.com\/es\/boat-rentals-and-boat-parties-miami\/gallery-miami-boat-rental\/\" target=\"_self\" rel=\"noopener\">\n\t\t\t\t\t\t\tCheck pictures\n\t\t\t\t\t<\/a>\n\t\t\t<a href=\"https:\/\/fareharbor.com\/embeds\/book\/aquariusboatrental\/items\/392398\/?full-items=yes&#038;flow=341253\" target=\"_blank\" rel=\"noopener nofollow\">\n\t\t\t\t\t\t\tBook Boat\n\t\t\t\t\t<\/a>\n\t\t\t\t<a href=\"https:\/\/aquariusboattours.com\/es\/luxury-boat-rental-miami-large-boat\/\" target=\"_self\" itemprop=\"url\" rel=\"noopener\">\n\t\t\t\t<img decoding=\"async\" src=\"https:\/\/aquariusboattours.com\/wp-content\/uploads\/2023\/02\/Axopar-available-for-rent-MIami.png\" alt=\"Mega boat for rental miami\" itemprop=\"image\" height=\"1500\" width=\"2000\" title=\"Axopar available for rent MIami\" onerror=\"this.style.display='none'\"  \/>\n\t\t\t\t<\/a>\n\t\t\t<a href=\"https:\/\/aquariusboattours.com\/es\/boat-charters-miami\/miami-rent-a-mega-boat\/\" target=\"_self\" rel=\"noopener\">\n\t\t\t\t\t\t\tCheck pictures\n\t\t\t\t\t<\/a>\n\t\t\t<a href=\"https:\/\/fareharbor.com\/embeds\/book\/aquariusboatrental\/items\/511200\/?full-items=yes&#038;flow=341253\" target=\"_blank\" rel=\"noopener nofollow\">\n\t\t\t\t\t\t\tBook Boat\n\t\t\t\t\t<\/a>","protected":false},"excerpt":{"rendered":"<p>SPECIAL REQUESTS CONCIERGES AND TRAVEL AGENCIES Customized Experiences for Every Client &#8211; Explore the Best of Miami&#8217;s Waters with Aquarius Boat Tours INQUIRE ABOUT OUR REFERRAL PROGRAM Unleash the Ultimate Miami Adventure with Aquarius Boat Tours: Perfect for Travel Agencies and Concierges Discover the Ultimate Miami Adventure with Aquarius Boat Tours &#8211; Perfect for Concierges&hellip;<\/p>","protected":false},"author":2,"featured_media":1710,"parent":760,"menu_order":5,"comment_status":"closed","ping_status":"closed","template":"","meta":{"footnotes":""},"class_list":["post-770","page","type-page","status-publish","has-post-thumbnail","hentry"],"_links":{"self":[{"href":"https:\/\/aquariusboattours.com\/es\/wp-json\/wp\/v2\/pages\/770","targetHints":{"allow":["GET"]}}],"collection":[{"href":"https:\/\/aquariusboattours.com\/es\/wp-json\/wp\/v2\/pages"}],"about":[{"href":"https:\/\/aquariusboattours.com\/es\/wp-json\/wp\/v2\/types\/page"}],"author":[{"embeddable":true,"href":"https:\/\/aquariusboattours.com\/es\/wp-json\/wp\/v2\/users\/2"}],"replies":[{"embeddable":true,"href":"https:\/\/aquariusboattours.com\/es\/wp-json\/wp\/v2\/comments?post=770"}],"version-history":[{"count":5,"href":"https:\/\/aquariusboattours.com\/es\/wp-json\/wp\/v2\/pages\/770\/revisions"}],"predecessor-version":[{"id":25115,"href":"https:\/\/aquariusboattours.com\/es\/wp-json\/wp\/v2\/pages\/770\/revisions\/25115"}],"up":[{"embeddable":true,"href":"https:\/\/aquariusboattours.com\/es\/wp-json\/wp\/v2\/pages\/760"}],"wp:featuredmedia":[{"embeddable":true,"href":"https:\/\/aquariusboattours.com\/es\/wp-json\/wp\/v2\/media\/1710"}],"wp:attachment":[{"href":"https:\/\/aquariusboattours.com\/es\/wp-json\/wp\/v2\/media?parent=770"}],"curies":[{"name":"wp","href":"https:\/\/api.w.org\/{rel}","templated":true}]}}