{"id":845,"date":"2023-02-08T17:10:56","date_gmt":"2023-02-08T22:10:56","guid":{"rendered":"https:\/\/live.aquariusboattours.com\/?page_id=845"},"modified":"2024-07-26T14:21:01","modified_gmt":"2024-07-26T18:21:01","slug":"pagina-principal","status":"publish","type":"page","link":"https:\/\/aquariusboattours.com\/fr\/things-to-do-miami\/pagina-principal\/","title":{"rendered":"Alquiler de Barcos en Miami"},"content":{"rendered":"<h2>\n\t\t<a href=\"https:\/\/aquariusboattours.com\/fr\/prices-all-included-miami-boat-rental\/\" title=\"Alquiler de barcos con capit\u00e1n en Miami\" target=\"_blank\" rel=\"noopener\">\n\t\tAlquiler de barcos con capit\u00e1n en Miami\n\t\t<\/a>\n\t<\/h2>\n<h1>\n\t\tAQUARIUS BOAT RENTAL\n\t<\/h1>\n<h2>\n\t\t<a href=\"https:\/\/aquariusboattours.com\/fr\/giant-boat-tour-pictures-miami\/\" title=\"Empresa l\u00edder en alquiler de embarcaciones en el sur de Florida.\" target=\"_self\" rel=\"noopener\">\n\t\tEmpresa l\u00edder en alquiler de embarcaciones en el sur de Florida.\n\t\t<\/a>\n\t<\/h2>\n\t\t\t<a href=\"#\" role=\"button\">\n\t\t\t\t\t\t\tAlquilar un barco\n\t\t\t\t\t<\/a>\n\t\t<a href=\"https:\/\/fareharbor.com\/embeds\/book\/aquariusboatrental\/?full-items=yes\" target=\"_blank\" onclick=\"FH.open({&#039;shortname&#039;:&#039;aquariusboatrental&#039;,&#039;view&#039;:&#039;items&#039;,&#039;fallback&#039;:&#039;simple&#039;,&#039;fullItems&#039;:&#039;yes&#039;}); return false;\" rel=\"nofollow noopener\">Book online now!<\/a>\t\n\t\t\t<a href=\"https:\/\/aquariusboattours.com\/fr\/boat-charters-miami\/\" target=\"_blank\" rel=\"noopener\">\n\t\t\t\t\t\t\tNuestra flota\n\t\t\t\t\t<\/a>\n<h2>\n\t\t<a href=\"https:\/\/aquariusboattours.com\/fr\/miami-boat-charters-for-large-groups\/\" title=\"SUBE A BORDO CON AQUARIUS\" target=\"_blank\" rel=\"noopener\">\n\t\tSUBE A BORDO CON AQUARIUS\n\t\t<\/a>\n\t<\/h2>\n<h2>\n\t\t<a href=\"https:\/\/aquariusboattours.com\/fr\/giant-boat-tour-pictures-miami\/\" title=\"Planificar una aventura incre\u00edble\" target=\"_blank\" rel=\"noopener\">\n\t\tPlanificar una aventura incre\u00edble\n\t\t<\/a>\n\t<\/h2>\n\t<p>Descubra la experiencia de <strong>alquiler de barcos en Miami<\/strong> con Aquarius <a href=\"https:\/\/aquariusboattours.com\/fr\/\" data-internallinksmanager029f6b8e52c=\"126\" title=\"location de bateaux\">Boat Rental<\/a> y planifique un inolvidable paseo en barco en Miami.<\/p>\n<p><strong><a href=\"https:\/\/aquariusboattours.com\/fr\/\" data-internallinksmanager029f6b8e52c=\"89\" title=\"Aquarius Boat Rental and Tours\">Aquarius Boat Rental and Tours<\/a><\/strong> es una de las empresas de alquiler de barcos mejor valoradas de Miami. Ya sea que desee hacer un <strong>recorrido en lancha r\u00e1pida<\/strong> o <strong>alquilar un barco de lujo<\/strong>, <a href=\"https:\/\/aquariusboattours.com\/fr\/\" data-internallinksmanager029f6b8e52c=\"88\" title=\"Aquarius Boat Rental &amp; Tours\">Aquarius Boat Rental &amp; Tours<\/a> tiene las opciones perfectas de alquiler barcos en Miami. Dese un capricho y celebre una fiesta privada en nuestro barco o alquile un barco para recorrer la ciudad.<\/p>\n<p>\u00a1Rel\u00e1jese y descanse! Disfrute de las mejores vistas mientras navega por casas de famosos, islas privadas y la bah\u00eda de Miami. Eche el ancla y nade en hermosos bancos de arena para disfrutar de las c\u00e1lidas aguas de Miami. Ofrecemos barcos de 6 a 9 metros para alquilar en Miami, Florida con capitanes.<\/p>\n<h2>\n\t\t<a href=\"https:\/\/aquariusboattours.com\/fr\/miami-boat-charters-for-large-groups\/\" title=\"PERSONALIZABLE\" target=\"_blank\" rel=\"noopener\">\n\t\tPERSONALIZABLE\n\t\t<\/a>\n\t<\/h2>\n<h2>\n\t\t<a href=\"https:\/\/aquariusboattours.com\/fr\/boat-tour-routes-miami\/\" title=\"Sin recorrido predefinido\" target=\"_blank\" rel=\"noopener\">\n\t\tSin recorrido predefinido\n\t\t<\/a>\n\t<\/h2>\n\t<p>Elija ad\u00f3nde quiere ir o d\u00e9jese guiar por el capit\u00e1n.<\/p>\n<h2>\n\t\tEXCEPTIONAL\n\t<\/h2>\n<h2>\n\t\t<a href=\"https:\/\/aquariusboattours.com\/fr\/giant-boat-tour-pictures-miami\/\" title=\"Paseos en barco privado con capit\u00e1n\" target=\"_blank\" rel=\"noopener\">\n\t\tPaseos en barco privado con capit\u00e1n\n\t\t<\/a>\n\t<\/h2>\n<h2>\n\t\t<a href=\"https:\/\/aquariusboattours.com\/fr\/prices-all-included-miami-boat-rental\/\" title=\"SIN COSTES OCULTOS\" target=\"_blank\" rel=\"noopener\">\n\t\tSIN COSTES OCULTOS\n\t\t<\/a>\n\t<\/h2>\n<h2>\n\t\t<a href=\"https:\/\/aquariusboattours.com\/fr\/prices-all-included-miami-boat-rental\/\" title=\"Precios transparentes\" target=\"_blank\" rel=\"noopener\">\n\t\tPrecios transparentes\n\t\t<\/a>\n\t<\/h2>\n<h2>\n\t\t<a href=\"https:\/\/aquariusboattours.com\/fr\/luxury-giant-boat-pictures-miami\/\" title=\"TRAIGA SUS BOTELLAS\" target=\"_blank\" rel=\"noopener\">\n\t\tTRAIGA SUS BOTELLAS\n\t\t<\/a>\n\t<\/h2>\n<h2>\n\t\t<a href=\"https:\/\/aquariusboattours.com\/fr\/giant-boat-tour-pictures-miami\/\" title=\"Traiga su propia comida y bebida\" target=\"_blank\" rel=\"noopener\">\n\t\tTraiga su propia comida y bebida\n\t\t<\/a>\n\t<\/h2>\n<h2>\n\t\t<a href=\"https:\/\/aquariusboattours.com\/fr\/luxury-giant-boat-pictures-miami\/\" title=\"DE 1 A 6 PERSONAS\" target=\"_blank\" rel=\"noopener\">\n\t\tDE 1 A 6 PERSONAS\n\t\t<\/a>\n\t<\/h2>\n<h2>\n\t\t<a href=\"https:\/\/aquariusboattours.com\/fr\/luxury-boat-rental-pictures-miami\/\" title=\"Miami Boat\" target=\"_blank\" rel=\"noopener\">\n\t\tMiami Boat\n\t\t<\/a>\n\t<\/h2>\n\t<p>Presupuesto reducido, descubra la comodidad de nuestros peque\u00f1os barcos.<\/p>\n<p>Precios desde 360$ por 2 horas en el fun boat y 420$ en el Miami boat.<\/p>\n\t\t\t<a href=\"https:\/\/aquariusboattours.com\/fr\/miami-luxury-boat-rental\/\" target=\"_self\" rel=\"noopener\">\n\t\t\t\t\t\t\tMiami Boat\n\t\t\t\t\t<\/a>\n<h2>\n\t\t<a href=\"https:\/\/aquariusboattours.com\/fr\/miami-boat-charters-for-large-groups\/\" title=\"DE 1 A 10 PERSONAS\" target=\"_self\" rel=\"noopener\">\n\t\tDE 1 A 10 PERSONAS\n\t\t<\/a>\n\t<\/h2>\n<h2>\n\t\t<a href=\"https:\/\/aquariusboattours.com\/fr\/prices-all-included-miami-boat-rental\/\" title=\"Giant Comfort Boats - espacio por toda la familia\" target=\"_blank\" rel=\"noopener\">\n\t\tGiant Comfort Boats &#8211; espacio por toda la familia\n\t\t<\/a>\n\t<\/h2>\n\t<p>Nuestros mejores barcos de alquiler en Miami. Si usted es 1 o 10 personas, Giant Boats puede acomodar a su grupo y proporcionar una experiencia segura y divertida en el agua.<\/p>\n<p>El precio inicial es de $360 por 1 hora en el Giant Boat. Alquile por una hora, medio dia o un dia completo, le encantaran nuestros Giant Boats.<\/p>\n\t\t\t<a href=\"https:\/\/aquariusboattours.com\/fr\/miami-boat-charters-for-large-groups\/\" target=\"_blank\" rel=\"noopener\">\n\t\t\t\t\t\t\tGiant Boats\n\t\t\t\t\t<\/a>\n\t\t\t\t<a href=\"https:\/\/aquariusboattours.com\/fr\/miami-boat-parties\/\" target=\"_blank\" rel=\"noopener\" itemprop=\"url\">\n\t\t\t\t<img decoding=\"async\" src=\"https:\/\/aquariusboattours.com\/wp-content\/plugins\/bb-plugin\/img\/pixel.png\" alt=\"\" itemprop=\"image\" onerror=\"this.style.display=&#039;none&#039;\" title=\"\">\n\t\t\t\t<\/a>\n<h2>\n\t\t<a href=\"https:\/\/aquariusboattours.com\/fr\/prices-all-included-miami-boat-rental\/\" title=\"Seleccione su fecha\" target=\"_self\" rel=\"noopener\">\n\t\tSeleccione su fecha\n\t\t<\/a>\n\t<\/h2>\n\t<p>Empieza a planear tu pr\u00f3xima experiencia en Miami con Aquarius.<\/p>\n<p>Explore y descubra una incre\u00edble gama de experiencias que hemos creado para usted. Desde un c\u00f3modo barco de 20 pies hasta un barco gigante de 30 pies, Aquarius Boat Rental tiene todo lo que busca al mejor precio. Cada barco est\u00e1 equipado con un flotador, nevera y altavoces Bluetooth.<\/p>\n<p>Totalmente personalizables, los charters de Aquarius Boat Rental and Tours prometen satisfacer todos sus deseos. Seleccione su barco favorito y empiece a crear su experiencia de alquiler utilizando nuestro calendario.<\/p>\n\t<script src=\"https:\/\/fareharbor.com\/embeds\/script\/calendar\/aquariusboatrental\/?fallback=simple\"><\/script>\n\t<iframe src=\"https:\/\/www.google.com\/maps\/embed\/v1\/place?q=Aquarius+boat+rental&#038;key=AIzaSyD09zQ9PNDNNy9TadMuzRV_UsPUoWKntt8\" aria-hidden=\"true\"><\/iframe>\n<h2>\n\t\t<a href=\"https:\/\/aquariusboattours.com\/fr\/prices-all-included-miami-boat-rental\/\" title=\"Nuestro puerto deportivo\" target=\"_blank\" rel=\"noopener\">\n\t\tNuestro puerto deportivo\n\t\t<\/a>\n\t<\/h2>\n\t<p><strong>Aquarius Boat Rental<\/strong> se encuentra en el coraz\u00f3n de <a href=\"https:\/\/www.miamibeachfl.gov\/\" data-internallinksmanager029f6b8e52c=\"128\" title=\"Miami Beach\" rel=\"nofollow noopener\" target=\"_blank\">Miami Beach<\/a>. Situado en Miami Beach&#8217;s Millionaire Row, <strong>alquila barcos<\/strong> cerca de hoteles como el Fontainebleau, Eden Roc, Edition, Hotel 1 y Faena. Nuestros muelles se encuentran en <strong>5225 Collins Avenue, Miami Beach<\/strong>. \u00a1Empiece a navegar hoy mismo alquilando uno de nuestros <strong>barcos capitaneados en Miami<\/strong>!<\/p>\n\t<i>&#9733;<\/i><i>&#9733;<\/i><i>&#9733;<\/i><i>&#9733;<\/i><i>&#9733;<\/i>\t5\/5\n\tM\u00e1s de 300 opiniones de cinco estrellas en Internet\n<h2>\n\t\t<a href=\"https:\/\/aquariusboattours.com\/fr\/prices-all-included-miami-boat-rental\/\" title=\"Los precios\" target=\"_self\" rel=\"noopener\">\n\t\tLos precios\n\t\t<\/a>\n\t<\/h2>\n\t<p>\u00bfCu\u00e1nto cuesta alquilar un barco en Miami, FL?<\/p>\n<p>El <strong>costo de alquilar un yate o un barco en Miami<\/strong> oscila entre $280 y $1,500 m\u00e1s. El costo de <strong>alquilar un barco en Miami<\/strong> var\u00eda dependiendo del tama\u00f1o del barco y la duraci\u00f3n del alquiler.<\/p>\n<p>Por supuesto, cuanto m\u00e1s largo o m\u00e1s grande sea el barco, m\u00e1s caro ser\u00e1.<\/p>\n<p>En la empresa l\u00edder en <strong>alquiler de embarcaciones del sur de Florida<\/strong>, los precios suelen oscilar entre menos de 280 $ y m\u00e1s de 1.500 $ si desea a\u00f1adir algunos complementos, como clases de navegaci\u00f3n, tubing o seguro contra la lluvia.<\/p>\n<p>La tasa de capit\u00e1n est\u00e1 incluida en el precio que aparece aqu\u00ed, pero es la \u00fanica tasa que no se paga en l\u00ednea. Se pagar\u00e1 el d\u00eda de la salida, en el muelle, directamente al capit\u00e1n. El total con todas las tasas es el que se ve en la lista de precios aqu\u00ed mismo. Aquarius es el mejor lugar para <strong>alquiler barcos en Miami<\/strong>.<\/p>\n\t\t\t\t<a href=\"https:\/\/aquariusboattours.com\/wp-content\/uploads\/2024\/07\/Aquarius-Boat-Rental-Prices-1.jpg\" target=\"_self\" itemprop=\"url\" rel=\"noopener\">\n\t\t\t\t<img decoding=\"async\" src=\"https:\/\/aquariusboattours.com\/wp-content\/uploads\/2024\/07\/Aquarius-Boat-Rental-Prices-1.jpg\" alt=\"prices all included for boat rental in the heart of Miami Beach\" itemprop=\"image\" height=\"1062\" width=\"2000\" title=\"Aquarius-Boat-Rental-Prices-1\" onerror=\"this.style.display='none'\"  \/>\n\t\t\t\t<\/a>\n\t\t\t\t\t\t\t\t\t\t<a class=\"uabb-ss-grid-button-link\" href=\"https:\/\/www.facebook.com\/sharer.php?u=https%3A%2F%2Faquariusboattours.com%2F%3Fpage_id%3D845%26fl_builder\" target=\"_blank\" onclick=\"window.open(this.href,&#039;social-share&#039;,&#039;left=20,top=20,width=500,height=500,toolbar=1,resizable=0&#039;);return false;\" rel=\"noopener\">\n\t\t\t\t\t\t\t\t\t\t<\/a>\n\t\t\t\t\t\t\t\t\t\t<a class=\"uabb-ss-grid-button-link\" href=\"https:\/\/api.whatsapp.com\/send?text=https%3A%2F%2Faquariusboattours.com%2F%3Fpage_id%3D845%26fl_builder\" target=\"_blank\" onclick=\"window.open(this.href,&#039;social-share&#039;,&#039;left=20,top=20,width=500,height=500,toolbar=1,resizable=0&#039;);return false;\" rel=\"noopener\">\n\t\t\t\t\t\t\t\t\t\t<\/a>\n\t\t\t\t\t\t\t\t\t\t<a class=\"uabb-ss-grid-button-link\" href=\"mailto:?body=https%3A%2F%2Faquariusboattours.com%2F%3Fpage_id%3D845%26fl_builder\" target=\"_blank\" onclick=\"window.open(this.href,'social-share','left=20,top=20,width=500,height=500,toolbar=1,resizable=0');return false;\" rel=\"noopener\">\n\t\t\t\t\t\t\t\t\t\t<\/a>\n<h2>\n\t\t<a href=\"https:\/\/aquariusboattours.com\/fr\/luxury-boat-rental-pictures-miami\/\" title=\"MOMENTOS \u00daNICOS = UNA VIDA \u00daNICA\" target=\"_blank\" rel=\"noopener\">\n\t\tMOMENTOS \u00daNICOS = UNA VIDA \u00daNICA\n\t\t<\/a>\n\t<\/h2>\n<h2>\n\t\t<a href=\"https:\/\/aquariusboattours.com\/fr\/giant-boat-tour-pictures-miami\/\" title=\" NAVEGAR CON LOS N\u00daMEROS 1\" target=\"_blank\" rel=\"noopener\">\n\t\t NAVEGAR CON LOS N\u00daMEROS 1\n\t\t<\/a>\n\t<\/h2>\n\t<p>Para los momentos importantes o simplemente para darse un capricho.<\/p>\n\t\t\t<a href=\"\" target=\"_self\" rel=\"noopener\">\n\t\t\t\t\t\tSubirse a bordo\n\t\t\t\t\t<\/a>\n<h2>\n\t\t<a href=\"https:\/\/aquariusboattours.com\/fr\/miami-boat-charters-for-large-groups\/\" title=\"El Mejor Alquiler de Barcos en Miami - Aquarius Boat Rentals\" target=\"_blank\" rel=\"noopener\">\n\t\tEl Mejor Alquiler de Barcos en Miami &#8211; Aquarius Boat Rentals\n\t\t<\/a>\n\t<\/h2>\n<h2>\n\t\t<a href=\"https:\/\/aquariusboattours.com\/fr\/miami-boat-charters-for-large-groups\/\" title=\"Planifique el alquiler de su barco con confianza\" target=\"_blank\" rel=\"noopener\">\n\t\tPlanifique el alquiler de su barco con confianza\n\t\t<\/a>\n\t<\/h2>\n\t<p>Descubra la experiencia de Aquarius Boat Rental y planifique una inolvidable excursi\u00f3n en barco en Miami.<\/p>\n<h2>\n\t\tAQUARIUS EXPERIENCE\n\t<\/h2>\n<h2>\n\t\t<a href=\"https:\/\/aquariusboattours.com\/fr\/miami-boat-charters-for-large-groups\/\" title=\"Organice su excursi\u00f3n en barco en Miami\" target=\"_blank\" rel=\"noopener\">\n\t\tOrganice su excursi\u00f3n en barco en Miami\n\t\t<\/a>\n\t<\/h2>\n\t<p>Seguir leyendo<\/p>\n<h2>\n\t\t<a href=\"https:\/\/aquariusboattours.com\/fr\/prices-all-included-miami-boat-rental\/\" title=\"NO CARGOS OCULTOS\" target=\"_blank\" rel=\"noopener\">\n\t\tNO CARGOS OCULTOS\n\t\t<\/a>\n\t<\/h2>\n<h2>\n\t\t<a href=\"https:\/\/aquariusboattours.com\/fr\/miami-boat-charters-for-large-groups\/\" title=\"Precios transparentes\" target=\"_blank\" rel=\"noopener\">\n\t\tPrecios transparentes\n\t\t<\/a>\n\t<\/h2>\n\t<p>Seguir leyendo<\/p>\n<h2>\n\t\tAQUARIUS EXCLUSIVE\n\t<\/h2>\n<h2>\n\t\t<a href=\"https:\/\/aquariusboattours.com\/fr\/giant-boat-tour-pictures-miami\/\" title=\"Nuestra flota\" target=\"_blank\" rel=\"noopener\">\n\t\tNuestra flota\n\t\t<\/a>\n\t<\/h2>\n\t<p>Seguir leyendo<\/p>\n<h2>\n\t\t<a href=\"https:\/\/aquariusboattours.com\/fr\/luxury-boat-rental-pictures-miami\/\" title=\"SIN RECORRIDO PREDEFINIDO\" target=\"_blank\" rel=\"noopener\">\n\t\tSIN RECORRIDO PREDEFINIDO\n\t\t<\/a>\n\t<\/h2>\n<h2>\n\t\t<a href=\"https:\/\/aquariusboattours.com\/fr\/miami-boat-charters-for-large-groups\/\" title=\"Ideas de itinerarios\" target=\"_blank\" rel=\"noopener\">\n\t\tIdeas de itinerarios\n\t\t<\/a>\n\t<\/h2>\n\t<p>Seguir leyendo<\/p>\n<h2>\n\t\tMIAMI LIFESTYLE\n\t<\/h2>\n<h2>\n\t\t<a href=\"https:\/\/aquariusboattours.com\/fr\/miami-boat-charters-for-large-groups\/\" title=\"Galer\u00eda de fotos\" target=\"_blank\" rel=\"noopener\">\n\t\tGaler\u00eda de fotos\n\t\t<\/a>\n\t<\/h2>\n\t<p>Seguir leyendo<\/p>\n<h2>\n\t\t<a href=\"https:\/\/aquariusboattours.com\/fr\/prices-all-included-miami-boat-rental\/\" title=\"La opini\u00f3n de nuestros clientes\" target=\"_self\" rel=\"noopener\">\n\t\tLa opini\u00f3n de nuestros clientes\n\t\t<\/a>\n\t<\/h2>\n<h2>\n\t\t<a href=\"https:\/\/aquariusboattours.com\/fr\/giant-boat-tour-pictures-miami\/\" title=\"ALQUILER DE BARCOS EN MIAMI\" target=\"_blank\" rel=\"noopener\">\n\t\tALQUILER DE BARCOS EN MIAMI\n\t\t<\/a>\n\t<\/h2>\n<h2>\n\t\t<a href=\"https:\/\/aquariusboattours.com\/fr\/luxury-giant-boat-pictures-miami\/\" title=\"Aquarius Boat Rental - la flota\" target=\"_blank\" rel=\"noopener\">\n\t\tAquarius Boat Rental &#8211; la flota\n\t\t<\/a>\n\t<\/h2>\n\t<p>Experimente la navegaci\u00f3n en los mejores <strong>barcos de Miami<\/strong>, su <strong>alquiler de barco privado<\/strong> de la mejor empresa en el sur de Florida para <strong>alquiler de barcos en Miami, FL<\/strong>.<\/p>\n\t\t\t\t<img decoding=\"async\" src=\"https:\/\/aquariusboattours.com\/wp-content\/uploads\/2023\/02\/boat-list-2023-5.png\" alt=\"boat-list-2023-5\" itemprop=\"image\" height=\"1500\" width=\"2000\" title=\"boat-list-2023-5\" onerror=\"this.style.display='none'\"  \/>\n\t\t\t<a href=\"https:\/\/aquariusboattours.com\/fr\/fun-boat-tour-pictures-miami\/\" target=\"_blank\" rel=\"noopener\">\n\t\t\t\t\t\t\tVer las fotos\n\t\t\t\t\t<\/a>\n\t\t\t<a href=\"https:\/\/fareharbor.com\/embeds\/book\/aquariusboatrental\/items\/207788\/?full-items=yes&#038;flow=338397\" target=\"_blank\" rel=\"noopener nofollow\">\n\t\t\t\t\t\t\tReservar\n\t\t\t\t\t<\/a>\n\t\t\t\t<a href=\"https:\/\/aquariusboattours.com\/fr\/miami-luxury-boat-rental\/\" target=\"_blank\" rel=\"noopener\" itemprop=\"url\">\n\t\t\t\t<img decoding=\"async\" src=\"https:\/\/aquariusboattours.com\/wp-content\/uploads\/2023\/02\/boat-list-2023-1.png\" alt=\"boat-list-2023-1\" itemprop=\"image\" height=\"1500\" width=\"2000\" title=\"boat-list-2023-1\" onerror=\"this.style.display='none'\"  \/>\n\t\t\t\t<\/a>\n\t\t\t<a href=\"https:\/\/aquariusboattours.com\/fr\/fun-boat-tour-pictures-miami\/\" target=\"_blank\" rel=\"noopener\">\n\t\t\t\t\t\t\tVer las fotos\n\t\t\t\t\t<\/a>\n\t\t\t<a href=\"https:\/\/fareharbor.com\/embeds\/book\/aquariusboatrental\/items\/207788\/?full-items=yes&#038;flow=338397\" target=\"_blank\" rel=\"noopener nofollow\">\n\t\t\t\t\t\t\tReservar\n\t\t\t\t\t<\/a>\n\t\t\t\t<a href=\"https:\/\/aquariusboattours.com\/fr\/miami-boat-charters-for-large-groups\/\" target=\"_blank\" rel=\"noopener\" itemprop=\"url\">\n\t\t\t\t<img decoding=\"async\" src=\"https:\/\/aquariusboattours.com\/wp-content\/uploads\/2023\/02\/boat-list-2023-4.png\" alt=\"boat-list-2023-4\" itemprop=\"image\" height=\"1500\" width=\"2000\" title=\"boat-list-2023-4\" onerror=\"this.style.display='none'\"  \/>\n\t\t\t\t<\/a>\n\t\t\t<a href=\"https:\/\/aquariusboattours.com\/fr\/giant-boat-tour-pictures-miami\/\" target=\"_blank\" rel=\"noopener\">\n\t\t\t\t\t\t\tVer las fotos\n\t\t\t\t\t<\/a>\n\t\t\t<a href=\"https:\/\/fareharbor.com\/embeds\/book\/aquariusboatrental\/items\/207788\/?full-items=yes&#038;flow=338397\" target=\"_blank\" rel=\"noopener nofollow\">\n\t\t\t\t\t\t\tReservar\n\t\t\t\t\t<\/a>\n\t\t\t\t<a href=\"https:\/\/aquariusboattours.com\/fr\/luxury-boat-rental-miami-large-boat\/\" target=\"_self\" itemprop=\"url\" rel=\"noopener\">\n\t\t\t\t<img decoding=\"async\" src=\"https:\/\/aquariusboattours.com\/wp-content\/uploads\/2023\/02\/boat-list-2023-6.png\" alt=\"boat-list-2023-6\" itemprop=\"image\" height=\"1500\" width=\"2000\" title=\"boat-list-2023-6\" onerror=\"this.style.display='none'\"  \/>\n\t\t\t\t<\/a>\n\t\t\t<a href=\"https:\/\/aquariusboattours.com\/fr\/luxury-giant-boat-pictures-miami\/\" target=\"_blank\" rel=\"noopener\">\n\t\t\t\t\t\t\tVer las fotos\n\t\t\t\t\t<\/a>\n\t\t\t<a href=\"https:\/\/fareharbor.com\/embeds\/book\/aquariusboatrental\/items\/207788\/?full-items=yes&#038;flow=338397\" target=\"_blank\" rel=\"noopener nofollow\">\n\t\t\t\t\t\t\tReservar\n\t\t\t\t\t<\/a>\n<h2>\n\t\t<a href=\"https:\/\/aquariusboattours.com\/fr\/prices-all-included-miami-boat-rental\/\" title=\"Incluido en todos los alquileres\" target=\"_blank\" rel=\"noopener\">\n\t\tIncluido en todos los alquileres\n\t\t<\/a>\n\t<\/h2>\n<h2>\n\t\t<a href=\"https:\/\/aquariusboattours.com\/fr\/miami-boat-charters-for-large-groups\/\" title=\"TE MERECES LO MEJOR\" target=\"_blank\" rel=\"noopener\">\n\t\tTE MERECES LO MEJOR\n\t\t<\/a>\n\t<\/h2>\n<h2>\n\t\t<a href=\"https:\/\/aquariusboattours.com\/fr\/luxury-giant-boat-pictures-miami\/\" title=\"Compromisos de Aquarius\" target=\"_blank\" rel=\"noopener\">\n\t\tCompromisos de Aquarius\n\t\t<\/a>\n\t<\/h2>\n\t<p>Obtenga m\u00e1s informaci\u00f3n sobre lo que puede esperar al alquilar un barco con nosotros.<\/p>\n<h6>\n\t\t<a href=\"https:\/\/aquariusboattours.com\/fr\/luxury-boat-rental-pictures-miami\/\" title=\"Tenemos nuestros propios barcos\" target=\"_blank\" rel=\"noopener\">\n\t\tTenemos nuestros propios barcos\n\t\t<\/a>\n\t<\/h6>\n\t\t\t\t<img decoding=\"async\" src=\"https:\/\/aquariusboattours.com\/wp-content\/uploads\/2023\/02\/best-miami-boat-rental-2023-4.jpg\" alt=\"Experience Miami Boat Rentals &amp; Tours Miami Beach, Florida\" itemprop=\"image\" height=\"1080\" width=\"1920\" title=\"Miami Boat Rentals &amp; Tours Miami Beach, Florida\" onerror=\"this.style.display='none'\"  \/>\n<h6>\n\t\t<a href=\"https:\/\/aquariusboattours.com\/fr\/giant-boat-tour-pictures-miami\/\" title=\"No cargos ocultos\" target=\"_self\" rel=\"noopener\">\n\t\tNo cargos ocultos\n\t\t<\/a>\n\t<\/h6>\n\t\t\t\t<img decoding=\"async\" src=\"https:\/\/aquariusboattours.com\/wp-content\/uploads\/2023\/02\/best-miami-boat-rental-2023-8-300x169.jpg\" alt=\"Party on Miami Boat Rental Today!\" itemprop=\"image\" height=\"169\" width=\"300\" title=\"Party on Miami Boat Rental Today!\" onerror=\"this.style.display='none'\"  \/>\n<h6>\n\t\t<a href=\"https:\/\/aquariusboattours.com\/fr\/luxury-giant-boat-pictures-miami\/\" title=\"Atenci\u00f3n al cliente de primera\" target=\"_blank\" rel=\"noopener\">\n\t\tAtenci\u00f3n al cliente de primera\n\t\t<\/a>\n\t<\/h6>\n\t\t\t\t<img decoding=\"async\" src=\"https:\/\/aquariusboattours.com\/wp-content\/uploads\/2023\/02\/best-miami-boat-rental-2023-13.jpg\" alt=\"Rents Boats with Captain for Provate Island Parties\" itemprop=\"image\" height=\"1080\" width=\"1920\" title=\"Rents Boats with Captain for Provate Island Parties\" onerror=\"this.style.display='none'\"  \/>\n<h6>\n\t\t<a href=\"https:\/\/aquariusboattours.com\/fr\/miami-boat-charters-for-large-groups\/\" title=\"La seguridad ante todo.\" target=\"_blank\" rel=\"noopener\">\n\t\tLa seguridad ante todo.\n\t\t<\/a>\n\t<\/h6>\n\t\t\t\t<img decoding=\"async\" src=\"https:\/\/aquariusboattours.com\/wp-content\/uploads\/2023\/01\/miami-boat-parties-2023-13.jpg\" alt=\"Alquiler de Barcos en Miami\" itemprop=\"image\" height=\"1080\" width=\"1920\" title=\"Alquiler de Barcos en Miami\" onerror=\"this.style.display='none'\"  \/>\n<h2>\n\t\t<a href=\"https:\/\/aquariusboattours.com\/fr\/prices-all-included-miami-boat-rental\/\" title=\"NAVEGAR CON AQUARIUS\" target=\"_blank\" rel=\"noopener\">\n\t\tNAVEGAR CON AQUARIUS\n\t\t<\/a>\n\t<\/h2>\n<h2>\n\t\t<a href=\"https:\/\/aquariusboattours.com\/fr\/miami-boat-charters-for-large-groups\/\" title=\"Diferentes experiencias en un barco en Miami\" target=\"_blank\" rel=\"noopener\">\n\t\tDiferentes experiencias en un barco en Miami\n\t\t<\/a>\n\t<\/h2>\n\t<p>\u00bfPiensa navegar en Miami en un futuro pr\u00f3ximo? He aqu\u00ed algunas opciones para ayudarle.<\/p>\n<h2>\n\t\tBYOB BOAT RENTAL\n\t<\/h2>\n<h2>\n\t\t<a href=\"https:\/\/aquariusboattours.com\/fr\/miami-boat-charters-for-large-groups\/\" title=\"Fiesta en un barco en Miami\" target=\"_blank\" rel=\"noopener\">\n\t\tFiesta en un barco en Miami\n\t\t<\/a>\n\t<\/h2>\n\t<p>Tenemos el barco perfecto para usted.<\/p>\n\t\t\t<a href=\"https:\/\/aquariusboattours.com\/fr\/miami-boat-parties\/\" target=\"_blank\" rel=\"noopener\">\n\t\t\t\t\t\t\tFiestas en el agua en Miami\n\t\t\t<\/a>\n<h2>\n\t\t<a href=\"https:\/\/aquariusboattours.com\/fr\/giant-boat-tour-pictures-miami\/\" title=\"EXPERIENCIA PRIVADA\" target=\"_blank\" rel=\"noopener\">\n\t\tEXPERIENCIA PRIVADA\n\t\t<\/a>\n\t<\/h2>\n<h2>\n\t\t<a href=\"https:\/\/aquariusboattours.com\/fr\/luxury-boat-rental-pictures-miami\/\" title=\"Casas de famosos\" target=\"_blank\" rel=\"noopener\">\n\t\tCasas de famosos\n\t\t<\/a>\n\t<\/h2>\n\t\t\t<a href=\"https:\/\/aquariusboattours.com\/fr\/miami-boat-parties\/\" target=\"_blank\" rel=\"noopener\">\n\t\t\t\t\t\t\tVisitas tur\u00edsticas\n\t\t\t<\/a>\n<h2>\n\t\tAQUARIUS EXCLUSIVE\n\t<\/h2>\n<h2>\n\t\t<a href=\"https:\/\/aquariusboattours.com\/fr\/prices-all-included-miami-boat-rental\/\" title=\"Convi\u00e9rtase en un experto\" target=\"_blank\" rel=\"noopener\">\n\t\tConvi\u00e9rtase en un experto\n\t\t<\/a>\n\t<\/h2>\n\t\t\t<a href=\"https:\/\/aquariusboattours.com\/fr\/miami-boat-parties\/\" target=\"_blank\" rel=\"noopener\">\n\t\t\t\t\t\t\tClases de navegaci\u00f3n\n\t\t\t<\/a>\n<h2>\n\t\t<a href=\"https:\/\/aquariusboattours.com\/fr\/miami-boat-charters-for-large-groups\/\" title=\"UNICO\" target=\"_blank\" rel=\"noopener\">\n\t\tUNICO\n\t\t<\/a>\n\t<\/h2>\n<h2>\n\t\t<a href=\"https:\/\/aquariusboattours.com\/fr\/luxury-boat-rental-pictures-miami\/\" title=\"Sandbars\" target=\"_blank\" rel=\"noopener\">\n\t\tSandbars\n\t\t<\/a>\n\t<\/h2>\n\t\t\t<a href=\"https:\/\/aquariusboattours.com\/fr\/miami-boat-parties\/\" target=\"_blank\" rel=\"noopener\">\n\t\t\t\t\t\t\tSandbar Charters\n\t\t\t<\/a>\n<h2>\n\t\t<a href=\"https:\/\/aquariusboattours.com\/fr\/luxury-giant-boat-pictures-miami\/\" title=\"CELEBRAR CON ESTILO\" target=\"_blank\" rel=\"noopener\">\n\t\tCELEBRAR CON ESTILO\n\t\t<\/a>\n\t<\/h2>\n<h2>\n\t\t<a href=\"https:\/\/aquariusboattours.com\/fr\/miami-boat-charters-for-large-groups\/\" title=\"Visitas en familia\" target=\"_blank\" rel=\"noopener\">\n\t\tVisitas en familia\n\t\t<\/a>\n\t<\/h2>\n\t\t\t<a href=\"https:\/\/aquariusboattours.com\/fr\/miami-boat-parties\/\" target=\"_blank\" rel=\"noopener\">\n\t\t\t\t\t\t\tPara toda la familia\n\t\t\t<\/a>","protected":false},"excerpt":{"rendered":"<p>Alquiler de barcos con capit\u00e1n en Miami AQUARIUS BOAT RENTAL Empresa l\u00edder en alquiler de embarcaciones en el sur de Florida. Alquilar un barco Nuestra flota SUBE A BORDO CON AQUARIUS Planificar una aventura incre\u00edble Descubra la experiencia de alquiler de barcos en Miami con Aquarius Boat Rental y planifique un inolvidable paseo en barco&hellip;<\/p>","protected":false},"author":2,"featured_media":1823,"parent":9,"menu_order":2,"comment_status":"closed","ping_status":"closed","template":"","meta":{"footnotes":""},"class_list":["post-845","page","type-page","status-publish","has-post-thumbnail","hentry"],"_links":{"self":[{"href":"https:\/\/aquariusboattours.com\/fr\/wp-json\/wp\/v2\/pages\/845","targetHints":{"allow":["GET"]}}],"collection":[{"href":"https:\/\/aquariusboattours.com\/fr\/wp-json\/wp\/v2\/pages"}],"about":[{"href":"https:\/\/aquariusboattours.com\/fr\/wp-json\/wp\/v2\/types\/page"}],"author":[{"embeddable":true,"href":"https:\/\/aquariusboattours.com\/fr\/wp-json\/wp\/v2\/users\/2"}],"replies":[{"embeddable":true,"href":"https:\/\/aquariusboattours.com\/fr\/wp-json\/wp\/v2\/comments?post=845"}],"version-history":[{"count":6,"href":"https:\/\/aquariusboattours.com\/fr\/wp-json\/wp\/v2\/pages\/845\/revisions"}],"predecessor-version":[{"id":25286,"href":"https:\/\/aquariusboattours.com\/fr\/wp-json\/wp\/v2\/pages\/845\/revisions\/25286"}],"up":[{"embeddable":true,"href":"https:\/\/aquariusboattours.com\/fr\/wp-json\/wp\/v2\/pages\/9"}],"wp:featuredmedia":[{"embeddable":true,"href":"https:\/\/aquariusboattours.com\/fr\/wp-json\/wp\/v2\/media\/1823"}],"wp:attachment":[{"href":"https:\/\/aquariusboattours.com\/fr\/wp-json\/wp\/v2\/media?parent=845"}],"curies":[{"name":"wp","href":"https:\/\/api.w.org\/{rel}","templated":true}]}}